{"id":706,"date":"2013-03-11T09:34:18","date_gmt":"2013-03-11T09:34:18","guid":{"rendered":"http:\/\/www.ciblemut.net\/cible\/?page_id=706"},"modified":"2024-10-29T12:06:38","modified_gmt":"2024-10-29T11:06:38","slug":"emploi-carriere","status":"publish","type":"page","link":"https:\/\/ciblemut.net\/cible\/emploi-carriere\/","title":{"rendered":"Emploi &#8211; Carri\u00e8re"},"content":{"rendered":"<h2 style=\"margin-top: 40px;\">Rejoignez l&rsquo;\u00e9quipe !<\/h2>\n<p>Ciblemut recrute !<\/p>\n<h3>Nous recherchons deux collaborateurs<\/h3>\n<p>Autonomie, <strong>passion pour l&rsquo;informatique et la cr\u00e9ation de programmes<\/strong> sont vos atouts.<br \/>\nVous int\u00e9grerez une \u00e9quipe motiv\u00e9e et passionn\u00e9e pour concevoir et maintenir notre progiciel Mutcible. Vous serez aussi amen\u00e9s \u00e0 concevoir et maintenir applications web, mobiles et web services pour les besoins de nos clients.<\/p>\n<p>Un emploi en t\u00e9l\u00e9-travail est, \u00e0 terme, envisageable.<\/p>\n<p>Liste des postes \u00e0 pourvoir sur Valbonne, route des Dolines:<br \/>\n&#8211; D\u00e9veloppeur PHP\/Javascript Full Stack : <a href=\"https:\/\/ciblemut.net\/cible\/wp-content\/uploads\/2020\/09\/Developpeur-PHP-Full-Stack.pdf\" target=\"_blank\" rel=\"noopener\">Developpeur PHP Full Stack<\/a><br \/>\n&#8211; Technicien support : <a href=\"https:\/\/ciblemut.net\/cible\/wp-content\/uploads\/2020\/09\/Technicien-support.pdf\" target=\"_blank\" rel=\"noopener\">Technicien support<\/a><br \/>\n<!-- - D\u00e9veloppeur Delphi : <a href=\"https:\/\/ciblemut.net\/cible\/wp-content\/uploads\/2020\/09\/Developpeur-Delphi.pdf\" target=\"_blank\" rel=\"noopener\">Developpeur Delphi<\/a> --><\/p>\n<div class=\"box-content\" style=\"margin: 30px 0;\">\n<h3 style=\"margin: 0;\">Candidature<\/h3>\n<p>Si vous pensez que ce poste est \u00e0 votre port\u00e9e, contactez-nous en envoyant un mail \u00e0 recrutement @ ciblemut . net<br \/>\nou par le biais de notre <a title=\"Contactez-nous\" href=\"http:\/\/www.ciblemut.net\/cible\/contact\">formulaire de contact<\/a> avec votre CV et vos motivations.<\/p>\n<\/div>\n<p><!--themify_builder_static--><!--\/themify_builder_static--><\/p>\n","protected":false},"excerpt":{"rendered":"<p>Rejoignez l&rsquo;\u00e9quipe ! Ciblemut recrute ! Nous recherchons deux collaborateurs Autonomie, passion pour l&rsquo;informatique et la cr\u00e9ation de programmes sont vos atouts. Vous int\u00e9grerez une \u00e9quipe motiv\u00e9e et passionn\u00e9e pour concevoir et maintenir notre progiciel Mutcible. Vous serez aussi amen\u00e9s \u00e0 concevoir et maintenir applications web, mobiles et web services pour les besoins de nos [&hellip;]<\/p>\n","protected":false},"author":1,"featured_media":0,"parent":0,"menu_order":0,"comment_status":"closed","ping_status":"closed","template":"","meta":{"jetpack_post_was_ever_published":false,"footnotes":""},"class_list":["post-706","page","type-page","status-publish","hentry","has-post-title","has-post-date","has-post-category","has-post-tag","has-post-comment","has-post-author",""],"yoast_head":"<!-- This site is optimized with the Yoast SEO plugin v27.1 - https:\/\/yoast.com\/product\/yoast-seo-wordpress\/ -->\n<title>Emploi - Carri\u00e8re - Ciblemut<\/title>\n<meta name=\"robots\" content=\"index, follow, max-snippet:-1, max-image-preview:large, max-video-preview:-1\" \/>\n<link rel=\"canonical\" href=\"https:\/\/ciblemut.net\/cible\/emploi-carriere\/\" \/>\n<meta property=\"og:locale\" content=\"fr_FR\" \/>\n<meta property=\"og:type\" content=\"article\" \/>\n<meta property=\"og:title\" content=\"Emploi - Carri\u00e8re - Ciblemut\" \/>\n<meta property=\"og:description\" content=\"Rejoignez l&rsquo;\u00e9quipe ! Ciblemut recrute ! Nous recherchons deux collaborateurs Autonomie, passion pour l&rsquo;informatique et la cr\u00e9ation de programmes sont vos atouts. Vous int\u00e9grerez une \u00e9quipe motiv\u00e9e et passionn\u00e9e pour concevoir et maintenir notre progiciel Mutcible. Vous serez aussi amen\u00e9s \u00e0 concevoir et maintenir applications web, mobiles et web services pour les besoins de nos [&hellip;]\" \/>\n<meta property=\"og:url\" content=\"https:\/\/ciblemut.net\/cible\/emploi-carriere\/\" \/>\n<meta property=\"og:site_name\" content=\"Ciblemut\" \/>\n<meta property=\"article:publisher\" content=\"https:\/\/www.facebook.com\/pages\/Ciblemut\/432850306794632\" \/>\n<meta property=\"article:modified_time\" content=\"2024-10-29T11:06:38+00:00\" \/>\n<meta name=\"twitter:label1\" content=\"Dur\u00e9e de lecture estim\u00e9e\" \/>\n\t<meta name=\"twitter:data1\" content=\"1 minute\" \/>\n<script type=\"application\/ld+json\" class=\"yoast-schema-graph\">{\"@context\":\"https:\/\/schema.org\",\"@graph\":[{\"@type\":\"WebPage\",\"@id\":\"https:\/\/ciblemut.net\/cible\/emploi-carriere\/\",\"url\":\"https:\/\/ciblemut.net\/cible\/emploi-carriere\/\",\"name\":\"Emploi - Carri\u00e8re - Ciblemut\",\"isPartOf\":{\"@id\":\"https:\/\/ciblemut.net\/cible\/#website\"},\"datePublished\":\"2013-03-11T09:34:18+00:00\",\"dateModified\":\"2024-10-29T11:06:38+00:00\",\"breadcrumb\":{\"@id\":\"https:\/\/ciblemut.net\/cible\/emploi-carriere\/#breadcrumb\"},\"inLanguage\":\"fr-FR\",\"potentialAction\":[{\"@type\":\"ReadAction\",\"target\":[\"https:\/\/ciblemut.net\/cible\/emploi-carriere\/\"]}]},{\"@type\":\"BreadcrumbList\",\"@id\":\"https:\/\/ciblemut.net\/cible\/emploi-carriere\/#breadcrumb\",\"itemListElement\":[{\"@type\":\"ListItem\",\"position\":1,\"name\":\"Accueil\",\"item\":\"https:\/\/ciblemut.net\/cible\/\"},{\"@type\":\"ListItem\",\"position\":2,\"name\":\"Emploi &#8211; Carri\u00e8re\"}]},{\"@type\":\"WebSite\",\"@id\":\"https:\/\/ciblemut.net\/cible\/#website\",\"url\":\"https:\/\/ciblemut.net\/cible\/\",\"name\":\"Ciblemut\",\"description\":\"Viser la qualit\u00e9 de service\",\"potentialAction\":[{\"@type\":\"SearchAction\",\"target\":{\"@type\":\"EntryPoint\",\"urlTemplate\":\"https:\/\/ciblemut.net\/cible\/?s={search_term_string}\"},\"query-input\":{\"@type\":\"PropertyValueSpecification\",\"valueRequired\":true,\"valueName\":\"search_term_string\"}}],\"inLanguage\":\"fr-FR\"}]}<\/script>\n<!-- \/ Yoast SEO plugin. -->","yoast_head_json":{"title":"Emploi - Carri\u00e8re - Ciblemut","robots":{"index":"index","follow":"follow","max-snippet":"max-snippet:-1","max-image-preview":"max-image-preview:large","max-video-preview":"max-video-preview:-1"},"canonical":"https:\/\/ciblemut.net\/cible\/emploi-carriere\/","og_locale":"fr_FR","og_type":"article","og_title":"Emploi - Carri\u00e8re - Ciblemut","og_description":"Rejoignez l&rsquo;\u00e9quipe ! Ciblemut recrute ! Nous recherchons deux collaborateurs Autonomie, passion pour l&rsquo;informatique et la cr\u00e9ation de programmes sont vos atouts. Vous int\u00e9grerez une \u00e9quipe motiv\u00e9e et passionn\u00e9e pour concevoir et maintenir notre progiciel Mutcible. Vous serez aussi amen\u00e9s \u00e0 concevoir et maintenir applications web, mobiles et web services pour les besoins de nos [&hellip;]","og_url":"https:\/\/ciblemut.net\/cible\/emploi-carriere\/","og_site_name":"Ciblemut","article_publisher":"https:\/\/www.facebook.com\/pages\/Ciblemut\/432850306794632","article_modified_time":"2024-10-29T11:06:38+00:00","twitter_misc":{"Dur\u00e9e de lecture estim\u00e9e":"1 minute"},"schema":{"@context":"https:\/\/schema.org","@graph":[{"@type":"WebPage","@id":"https:\/\/ciblemut.net\/cible\/emploi-carriere\/","url":"https:\/\/ciblemut.net\/cible\/emploi-carriere\/","name":"Emploi - Carri\u00e8re - Ciblemut","isPartOf":{"@id":"https:\/\/ciblemut.net\/cible\/#website"},"datePublished":"2013-03-11T09:34:18+00:00","dateModified":"2024-10-29T11:06:38+00:00","breadcrumb":{"@id":"https:\/\/ciblemut.net\/cible\/emploi-carriere\/#breadcrumb"},"inLanguage":"fr-FR","potentialAction":[{"@type":"ReadAction","target":["https:\/\/ciblemut.net\/cible\/emploi-carriere\/"]}]},{"@type":"BreadcrumbList","@id":"https:\/\/ciblemut.net\/cible\/emploi-carriere\/#breadcrumb","itemListElement":[{"@type":"ListItem","position":1,"name":"Accueil","item":"https:\/\/ciblemut.net\/cible\/"},{"@type":"ListItem","position":2,"name":"Emploi &#8211; Carri\u00e8re"}]},{"@type":"WebSite","@id":"https:\/\/ciblemut.net\/cible\/#website","url":"https:\/\/ciblemut.net\/cible\/","name":"Ciblemut","description":"Viser la qualit\u00e9 de service","potentialAction":[{"@type":"SearchAction","target":{"@type":"EntryPoint","urlTemplate":"https:\/\/ciblemut.net\/cible\/?s={search_term_string}"},"query-input":{"@type":"PropertyValueSpecification","valueRequired":true,"valueName":"search_term_string"}}],"inLanguage":"fr-FR"}]}},"jetpack_sharing_enabled":false,"_links":{"self":[{"href":"https:\/\/ciblemut.net\/cible\/wp-json\/wp\/v2\/pages\/706","targetHints":{"allow":["GET"]}}],"collection":[{"href":"https:\/\/ciblemut.net\/cible\/wp-json\/wp\/v2\/pages"}],"about":[{"href":"https:\/\/ciblemut.net\/cible\/wp-json\/wp\/v2\/types\/page"}],"author":[{"embeddable":true,"href":"https:\/\/ciblemut.net\/cible\/wp-json\/wp\/v2\/users\/1"}],"replies":[{"embeddable":true,"href":"https:\/\/ciblemut.net\/cible\/wp-json\/wp\/v2\/comments?post=706"}],"version-history":[{"count":44,"href":"https:\/\/ciblemut.net\/cible\/wp-json\/wp\/v2\/pages\/706\/revisions"}],"predecessor-version":[{"id":2479,"href":"https:\/\/ciblemut.net\/cible\/wp-json\/wp\/v2\/pages\/706\/revisions\/2479"}],"wp:attachment":[{"href":"https:\/\/ciblemut.net\/cible\/wp-json\/wp\/v2\/media?parent=706"}],"curies":[{"name":"wp","href":"https:\/\/api.w.org\/{rel}","templated":true}]}}