{"id":2500,"date":"2025-11-29T19:19:04","date_gmt":"2025-11-29T18:19:04","guid":{"rendered":"https:\/\/ciblemut.net\/cible\/?page_id=2500"},"modified":"2025-11-29T19:22:06","modified_gmt":"2025-11-29T18:22:06","slug":"cgvu","status":"publish","type":"page","link":"https:\/\/ciblemut.net\/cible\/cgvu\/","title":{"rendered":"CGVU"},"content":{"rendered":"<!--themify_builder_content-->\n<div id=\"themify_builder_content-2500\" data-postid=\"2500\" class=\"themify_builder_content themify_builder_content-2500 themify_builder tf_clear\">\n                    <div  data-lazy=\"1\" class=\"module_row themify_builder_row tb_wyze198 tb_first tf_w\">\n            <span  class=\"builder_row_cover tf_abs\" data-lazy=\"1\"><\/span>            <div class=\"row_inner col_align_top tb_col_count_1 tf_box tf_rel\">\n                        <div  data-lazy=\"1\" class=\"module_column tb-column col-full tb_wrlj800 first\">\n                    <!-- module text -->\n<div  class=\"module module-text tb_0u9q660   \" data-lazy=\"1\">\n        <div  class=\"tb_text_wrap\">\n        <h2>Conditions G\u00e9n\u00e9rales de Vente et d\u2019Utilisation<\/h2>    <\/div>\n<\/div>\n<!-- \/module text -->        <\/div>\n                        <\/div>\n        <\/div>\n                        <div  data-lazy=\"1\" class=\"module_row themify_builder_row tb_6sms870 tf_w\">\n            <span  class=\"builder_row_cover tf_abs\" data-lazy=\"1\"><\/span>            <div class=\"row_inner col_align_top tb_col_count_2 tf_box tf_rel\">\n                        <div  data-lazy=\"1\" class=\"module_column tb-column col4-2 tb_exw4279 first\">\n                    <!-- module image -->\n<div  class=\"module module-image tb_8jdw908 image-top   tf_mw\" data-lazy=\"1\">\n        <div class=\"image-wrap tf_rel tf_mw\">\n            <img loading=\"lazy\" decoding=\"async\" src=\"https:\/\/www.ciblemut.net\/cible\/wp-content\/uploads\/2013\/03\/NewLogo-2016.png\" width=\"242\" height=\"72\" title=\"CGVU\" alt=\"CGVU\">    \n        <\/div>\n    <!-- \/image-wrap -->\n    \n        <\/div>\n<!-- \/module image -->        <\/div>\n                    <div  data-lazy=\"1\" class=\"module_column tb-column col4-2 tb_49xp806 last\">\n                    <!-- module text -->\n<div  class=\"module module-text tb_5981999   \" data-lazy=\"1\">\n        <div  class=\"tb_text_wrap\">\n        <p>SARL au capital de 22 500 euros<br>RCS ANTIBES 515 382 703 00038<br>N\u00b0 de d\u00e9claration aupr\u00e8s de la CNIL : 2003101 v0.<\/p>    <\/div>\n<\/div>\n<!-- \/module text -->        <\/div>\n                        <\/div>\n        <\/div>\n                        <div  data-lazy=\"1\" class=\"module_row themify_builder_row tb_s8cw999 tf_w\">\n            <span  class=\"builder_row_cover tf_abs\" data-lazy=\"1\"><\/span>            <div class=\"row_inner col_align_top tb_col_count_2 tf_box tf_rel\">\n                        <div  data-lazy=\"1\" class=\"module_column tb-column col4-2 tb_4m12000 first\">\n                    <!-- module text -->\n<div  class=\"module module-text tb_9zq4180   \" data-lazy=\"1\">\n        <div  class=\"tb_text_wrap\">\n        <h4>Si\u00e8ge social<\/h4>    <\/div>\n<\/div>\n<!-- \/module text -->        <\/div>\n                    <div  data-lazy=\"1\" class=\"module_column tb-column col4-2 tb_kb5f800 last\">\n                    <!-- module text -->\n<div  class=\"module module-text tb_seib803   \" data-lazy=\"1\">\n        <div  class=\"tb_text_wrap\">\n        <p>520, All\u00e9e des colibris<br>06410 BIOT<br>06.61.58.83.51<br>Email : contact@ciblemut.net<\/p>    <\/div>\n<\/div>\n<!-- \/module text -->        <\/div>\n                        <\/div>\n        <\/div>\n                        <div  data-lazy=\"1\" class=\"module_row themify_builder_row tb_73tb722 tf_w\">\n            <span  class=\"builder_row_cover tf_abs\" data-lazy=\"1\"><\/span>            <div class=\"row_inner col_align_top tb_col_count_2 tf_box tf_rel\">\n                        <div  data-lazy=\"1\" class=\"module_column tb-column col4-2 tb_37xk722 first\">\n                    <!-- module text -->\n<div  class=\"module module-text tb_juhd722   \" data-lazy=\"1\">\n        <div  class=\"tb_text_wrap\">\n        <h4>Objet<\/h4>    <\/div>\n<\/div>\n<!-- \/module text -->        <\/div>\n                    <div  data-lazy=\"1\" class=\"module_column tb-column col4-2 tb_d880722 last\">\n                    <!-- module text -->\n<div  class=\"module module-text tb_hh3q722   \" data-lazy=\"1\">\n        <div  class=\"tb_text_wrap\">\n        <p>Les pr\u00e9sentes CGVU ont pour objet d\u2019encadrer l\u2019utilisation du site <strong>ciblemut.net<\/strong> et les modalit\u00e9s de vente des produits et\/ou services propos\u00e9s par l\u2019entreprise. Elles s\u2019appliquent \u00e0 tout achat, demande d\u2019information ou interaction commerciale, notamment lorsque celle-ci est initi\u00e9e via messages <strong>RCS.<\/strong><\/p>    <\/div>\n<\/div>\n<!-- \/module text -->        <\/div>\n                        <\/div>\n        <\/div>\n                        <div  data-lazy=\"1\" class=\"module_row themify_builder_row tb_zbet000 tf_w\">\n            <span  class=\"builder_row_cover tf_abs\" data-lazy=\"1\"><\/span>            <div class=\"row_inner col_align_top tb_col_count_2 tf_box tf_rel\">\n                        <div  data-lazy=\"1\" class=\"module_column tb-column col4-2 tb_9018030 first\">\n                    <!-- module text -->\n<div  class=\"module module-text tb_ekco004   \" data-lazy=\"1\">\n        <div  class=\"tb_text_wrap\">\n        <h4>Utilisation du site et communications RCS<\/h4>\n<h3>\u00a0<\/h3>    <\/div>\n<\/div>\n<!-- \/module text -->        <\/div>\n                    <div  data-lazy=\"1\" class=\"module_column tb-column col4-2 tb_n2s6080 last\">\n                    <!-- module text -->\n<div  class=\"module module-text tb_abwz843   \" data-lazy=\"1\">\n        <div  class=\"tb_text_wrap\">\n        <p>Le client accepte de recevoir des informations, propositions commerciales et offres personnalis\u00e9es par RCS ou autres moyens \u00e9lectroniques apr\u00e8s demande ou accord explicite de sa part. Le destinataire peut se d\u00e9sinscrire \u00e0 tout moment via un message du type <strong>STOP<\/strong> ou en contactant l\u2019entreprise.<\/p>    <\/div>\n<\/div>\n<!-- \/module text -->        <\/div>\n                        <\/div>\n        <\/div>\n                        <div  data-lazy=\"1\" class=\"module_row themify_builder_row tb_qwup000 tf_w\">\n            <span  class=\"builder_row_cover tf_abs\" data-lazy=\"1\"><\/span>            <div class=\"row_inner col_align_top tb_col_count_2 tf_box tf_rel\">\n                        <div  data-lazy=\"1\" class=\"module_column tb-column col4-2 tb_2th6000 first\">\n                    <!-- module text -->\n<div  class=\"module module-text tb_gi5u800   \" data-lazy=\"1\">\n        <div  class=\"tb_text_wrap\">\n        <h4>Produits \/ Services vendus<\/h4>    <\/div>\n<\/div>\n<!-- \/module text -->        <\/div>\n                    <div  data-lazy=\"1\" class=\"module_column tb-column col4-2 tb_7ep7380 last\">\n                    <!-- module text -->\n<div  class=\"module module-text tb_i35z008   \" data-lazy=\"1\">\n        <div  class=\"tb_text_wrap\">\n        <ul>\n<li>CIBLEMUT commercialise des progiciels m\u00e9tier \u00e0 destination des mutuelles.<\/li>\n<li>L\u2019entreprise fournit \u00e9galement des prestations de conseil et de services dans le domaine de la mutualit\u00e9 ainsi que dans l\u2019accompagnement \u00e0 la digitalisation des mutuelles clientes.<\/li>\n<li>Les visuels, tarifs et descriptifs pr\u00e9sent\u00e9s sont indicatifs et peuvent \u00eatre modifi\u00e9s \u00e0 tout moment, sans pr\u00e9avis.<\/li>\n<\/ul>    <\/div>\n<\/div>\n<!-- \/module text -->        <\/div>\n                        <\/div>\n        <\/div>\n                        <div  data-lazy=\"1\" class=\"module_row themify_builder_row tb_22sv041 tf_w\">\n            <span  class=\"builder_row_cover tf_abs\" data-lazy=\"1\"><\/span>            <div class=\"row_inner col_align_top tb_col_count_2 tf_box tf_rel\">\n                        <div  data-lazy=\"1\" class=\"module_column tb-column col4-2 tb_f92m310 first\">\n                    <!-- module text -->\n<div  class=\"module module-text tb_ibpf308   \" data-lazy=\"1\">\n        <div  class=\"tb_text_wrap\">\n        <h4>Commandes<\/h4>\n<h3>\u00a0<\/h3>    <\/div>\n<\/div>\n<!-- \/module text -->        <\/div>\n                    <div  data-lazy=\"1\" class=\"module_column tb-column col4-2 tb_l7zu420 last\">\n                    <!-- module text -->\n<div  class=\"module module-text tb_gbn8003   \" data-lazy=\"1\">\n        <div  class=\"tb_text_wrap\">\n        <p><br>Les commandes peuvent \u00eatre pass\u00e9es via :<br>&#8211; formulaire web<br>&#8211; r\u00e9ponse \u00e0 un message RCS<br>&#8211; contact email \/ t\u00e9l\u00e9phone<\/p>\n<p>Une commande n\u2019est valid\u00e9e qu\u2019\u00e0 r\u00e9ception du devis sign\u00e9 ou du paiement d\u2019un acompte ou encore de la confirmation express de l\u2019entreprise.<\/p>    <\/div>\n<\/div>\n<!-- \/module text -->        <\/div>\n                        <\/div>\n        <\/div>\n                        <div  data-lazy=\"1\" class=\"module_row themify_builder_row tb_fwbl307 tf_w\">\n            <span  class=\"builder_row_cover tf_abs\" data-lazy=\"1\"><\/span>            <div class=\"row_inner col_align_top tb_col_count_2 tf_box tf_rel\">\n                        <div  data-lazy=\"1\" class=\"module_column tb-column col4-2 tb_3svb483 first\">\n                    <!-- module text -->\n<div  class=\"module module-text tb_z5jb005   \" data-lazy=\"1\">\n        <div  class=\"tb_text_wrap\">\n        <h4>Prix et paiement<\/h4>    <\/div>\n<\/div>\n<!-- \/module text -->        <\/div>\n                    <div  data-lazy=\"1\" class=\"module_column tb-column col4-2 tb_tu5z507 last\">\n                    <!-- module text -->\n<div  class=\"module module-text tb_qgiv000   \" data-lazy=\"1\">\n        <div  class=\"tb_text_wrap\">\n        <p>Les prix sont exprim\u00e9s en \u20ac TTC \/ HT selon l\u2019activit\u00e9.<br>Modes de paiement accept\u00e9s : [CB, Virement ou Ch\u00e8que]<\/p>\n<p>La soci\u00e9t\u00e9 se r\u00e9serve le droit de modifier ses tarifs \u00e0 tout moment.<\/p>    <\/div>\n<\/div>\n<!-- \/module text -->        <\/div>\n                        <\/div>\n        <\/div>\n                        <div  data-lazy=\"1\" class=\"module_row themify_builder_row tb_ofvi930 tf_w\">\n            <span  class=\"builder_row_cover tf_abs\" data-lazy=\"1\"><\/span>            <div class=\"row_inner col_align_top tb_col_count_2 tf_box tf_rel\">\n                        <div  data-lazy=\"1\" class=\"module_column tb-column col4-2 tb_ihr8800 first\">\n                    <!-- module text -->\n<div  class=\"module module-text tb_60vq013   \" data-lazy=\"1\">\n        <div  class=\"tb_text_wrap\">\n        <h4>Garanties \u2013 Service apr\u00e8s-vente<\/h4>    <\/div>\n<\/div>\n<!-- \/module text -->        <\/div>\n                    <div  data-lazy=\"1\" class=\"module_column tb-column col4-2 tb_704n080 last\">\n                    <!-- module text -->\n<div  class=\"module module-text tb_zo6d910   \" data-lazy=\"1\">\n        <div  class=\"tb_text_wrap\">\n        <p>La maintenance et le support des produits et services sont g\u00e9r\u00e9s via notre outil de tickets <a href=\"https:\/\/ciblemut.net\/sitcom\">Sitcom<\/a><\/p>    <\/div>\n<\/div>\n<!-- \/module text -->        <\/div>\n                        <\/div>\n        <\/div>\n                        <div  data-lazy=\"1\" class=\"module_row themify_builder_row tb_hyxq032 tf_w\">\n            <span  class=\"builder_row_cover tf_abs\" data-lazy=\"1\"><\/span>            <div class=\"row_inner col_align_top tb_col_count_2 tf_box tf_rel\">\n                        <div  data-lazy=\"1\" class=\"module_column tb-column col4-2 tb_a6o6880 first\">\n                    <!-- module text -->\n<div  class=\"module module-text tb_8rt6320   \" data-lazy=\"1\">\n        <div  class=\"tb_text_wrap\">\n        <h4>Donn\u00e9es personnelles (RGPD)<\/h4>    <\/div>\n<\/div>\n<!-- \/module text -->        <\/div>\n                    <div  data-lazy=\"1\" class=\"module_column tb-column col4-2 tb_erj3030 last\">\n                    <!-- module text -->\n<div  class=\"module module-text tb_pxjx008   \" data-lazy=\"1\">\n        <div  class=\"tb_text_wrap\">\n        <p>Les donn\u00e9es collect\u00e9es dans le cadre des communications RCS sont utilis\u00e9es uniquement pour la relation commerciale. Vous pouvez demander l\u2019acc\u00e8s, la rectification ou la suppression de vos donn\u00e9es \u00e0 l\u2019adresse <a href=\"mailto:dpo@ciblemut.net\">dpo@ciblemut.net<\/a>.<\/p>    <\/div>\n<\/div>\n<!-- \/module text -->        <\/div>\n                        <\/div>\n        <\/div>\n                        <div  data-lazy=\"1\" class=\"module_row themify_builder_row tb_ibsi003 tf_w\">\n            <span  class=\"builder_row_cover tf_abs\" data-lazy=\"1\"><\/span>            <div class=\"row_inner col_align_top tb_col_count_2 tf_box tf_rel\">\n                        <div  data-lazy=\"1\" class=\"module_column tb-column col4-2 tb_v7tu282 first\">\n                    <!-- module text -->\n<div  class=\"module module-text tb_wq10084   \" data-lazy=\"1\">\n        <div  class=\"tb_text_wrap\">\n        <h4>Propri\u00e9t\u00e9 intellectuelle<\/h4>    <\/div>\n<\/div>\n<!-- \/module text -->        <\/div>\n                    <div  data-lazy=\"1\" class=\"module_column tb-column col4-2 tb_3grj020 last\">\n                    <!-- module text -->\n<div  class=\"module module-text tb_fxao959   \" data-lazy=\"1\">\n        <div  class=\"tb_text_wrap\">\n        <p>Les contenus du site et des messages RCS (textes, visuels, offres) sont prot\u00e9g\u00e9s. Toute reproduction est interdite sans accord \u00e9crit.<\/p>    <\/div>\n<\/div>\n<!-- \/module text -->        <\/div>\n                        <\/div>\n        <\/div>\n                        <div  data-lazy=\"1\" class=\"module_row themify_builder_row tb_4pdu990 tf_w\">\n            <span  class=\"builder_row_cover tf_abs\" data-lazy=\"1\"><\/span>            <div class=\"row_inner col_align_top tb_col_count_2 tf_box tf_rel\">\n                        <div  data-lazy=\"1\" class=\"module_column tb-column col4-2 tb_ckij990 first\">\n                    <!-- module text -->\n<div  class=\"module module-text tb_fgqp990   \" data-lazy=\"1\">\n        <div  class=\"tb_text_wrap\">\n        <h4>Responsabilit\u00e9<\/h4>    <\/div>\n<\/div>\n<!-- \/module text -->        <\/div>\n                    <div  data-lazy=\"1\" class=\"module_column tb-column col4-2 tb_2xsl990 last\">\n                    <!-- module text -->\n<div  class=\"module module-text tb_i6f0990   \" data-lazy=\"1\">\n        <div  class=\"tb_text_wrap\">\n        <p>L\u2019entreprise ne pourra \u00eatre tenue responsable en cas d\u2019utilisation frauduleuse des messages RCS ou de d\u00e9tournement des liens transmis suite \u00e0 un acte externe (phishing, malware, etc.).<\/p>    <\/div>\n<\/div>\n<!-- \/module text -->        <\/div>\n                        <\/div>\n        <\/div>\n                        <div  data-lazy=\"1\" class=\"module_row themify_builder_row tb_i4ql170 tf_w\">\n            <span  class=\"builder_row_cover tf_abs\" data-lazy=\"1\"><\/span>            <div class=\"row_inner col_align_top tb_col_count_2 tf_box tf_rel\">\n                        <div  data-lazy=\"1\" class=\"module_column tb-column col4-2 tb_nybe170 first\">\n                    <!-- module text -->\n<div  class=\"module module-text tb_fzps170   \" data-lazy=\"1\">\n        <div  class=\"tb_text_wrap\">\n        <h4>Loi applicable<\/h4>    <\/div>\n<\/div>\n<!-- \/module text -->        <\/div>\n                    <div  data-lazy=\"1\" class=\"module_column tb-column col4-2 tb_x909170 last\">\n                    <!-- module text -->\n<div  class=\"module module-text tb_fo0r170   \" data-lazy=\"1\">\n        <div  class=\"tb_text_wrap\">\n        <p>Les pr\u00e9sentes CGVU sont soumises au droit fran\u00e7ais. En cas de litige, le tribunal comp\u00e9tent sera celui du si\u00e8ge social de l\u2019entreprise.<\/p>    <\/div>\n<\/div>\n<!-- \/module text -->        <\/div>\n                        <\/div>\n        <\/div>\n        <\/div>\n<!--\/themify_builder_content-->","protected":false},"excerpt":{"rendered":"<p>Conditions G\u00e9n\u00e9rales de Vente et d\u2019Utilisation SARL au capital de 22 500 eurosRCS ANTIBES 515 382 703 00038N\u00b0 de d\u00e9claration aupr\u00e8s de la CNIL : 2003101 v0. Si\u00e8ge social 520, All\u00e9e des colibris06410 BIOT06.61.58.83.51Email : contact@ciblemut.net Objet Les pr\u00e9sentes CGVU ont pour objet d\u2019encadrer l\u2019utilisation du site ciblemut.net et les modalit\u00e9s de vente des produits [&hellip;]<\/p>\n","protected":false},"author":1,"featured_media":0,"parent":0,"menu_order":0,"comment_status":"closed","ping_status":"closed","template":"","meta":{"jetpack_post_was_ever_published":false,"footnotes":""},"class_list":["post-2500","page","type-page","status-publish","hentry","has-post-title","has-post-date","has-post-category","has-post-tag","has-post-comment","has-post-author",""],"yoast_head":"<!-- This site is optimized with the Yoast SEO plugin v27.1 - https:\/\/yoast.com\/product\/yoast-seo-wordpress\/ -->\n<title>CGVU - Ciblemut<\/title>\n<meta name=\"robots\" content=\"index, follow, max-snippet:-1, max-image-preview:large, max-video-preview:-1\" \/>\n<link rel=\"canonical\" href=\"https:\/\/ciblemut.net\/cible\/cgvu\/\" \/>\n<meta property=\"og:locale\" content=\"fr_FR\" \/>\n<meta property=\"og:type\" content=\"article\" \/>\n<meta property=\"og:title\" content=\"CGVU - Ciblemut\" \/>\n<meta property=\"og:description\" content=\"Conditions G\u00e9n\u00e9rales de Vente et d\u2019Utilisation SARL au capital de 22 500 eurosRCS ANTIBES 515 382 703 00038N\u00b0 de d\u00e9claration aupr\u00e8s de la CNIL : 2003101 v0. Si\u00e8ge social 520, All\u00e9e des colibris06410 BIOT06.61.58.83.51Email : contact@ciblemut.net Objet Les pr\u00e9sentes CGVU ont pour objet d\u2019encadrer l\u2019utilisation du site ciblemut.net et les modalit\u00e9s de vente des produits [&hellip;]\" \/>\n<meta property=\"og:url\" content=\"https:\/\/ciblemut.net\/cible\/cgvu\/\" \/>\n<meta property=\"og:site_name\" content=\"Ciblemut\" \/>\n<meta property=\"article:publisher\" content=\"https:\/\/www.facebook.com\/pages\/Ciblemut\/432850306794632\" \/>\n<meta property=\"article:modified_time\" content=\"2025-11-29T18:22:06+00:00\" \/>\n<meta property=\"og:image\" content=\"https:\/\/www.ciblemut.net\/cible\/wp-content\/uploads\/2013\/03\/NewLogo-2016.png\" \/>\n<meta name=\"twitter:label1\" content=\"Dur\u00e9e de lecture estim\u00e9e\" \/>\n\t<meta name=\"twitter:data1\" content=\"3 minutes\" \/>\n<script type=\"application\/ld+json\" class=\"yoast-schema-graph\">{\"@context\":\"https:\/\/schema.org\",\"@graph\":[{\"@type\":\"WebPage\",\"@id\":\"https:\/\/ciblemut.net\/cible\/cgvu\/\",\"url\":\"https:\/\/ciblemut.net\/cible\/cgvu\/\",\"name\":\"CGVU - Ciblemut\",\"isPartOf\":{\"@id\":\"https:\/\/ciblemut.net\/cible\/#website\"},\"primaryImageOfPage\":{\"@id\":\"https:\/\/ciblemut.net\/cible\/cgvu\/#primaryimage\"},\"image\":{\"@id\":\"https:\/\/ciblemut.net\/cible\/cgvu\/#primaryimage\"},\"thumbnailUrl\":\"https:\/\/www.ciblemut.net\/cible\/wp-content\/uploads\/2013\/03\/NewLogo-2016.png\",\"datePublished\":\"2025-11-29T18:19:04+00:00\",\"dateModified\":\"2025-11-29T18:22:06+00:00\",\"breadcrumb\":{\"@id\":\"https:\/\/ciblemut.net\/cible\/cgvu\/#breadcrumb\"},\"inLanguage\":\"fr-FR\",\"potentialAction\":[{\"@type\":\"ReadAction\",\"target\":[\"https:\/\/ciblemut.net\/cible\/cgvu\/\"]}]},{\"@type\":\"ImageObject\",\"inLanguage\":\"fr-FR\",\"@id\":\"https:\/\/ciblemut.net\/cible\/cgvu\/#primaryimage\",\"url\":\"https:\/\/www.ciblemut.net\/cible\/wp-content\/uploads\/2013\/03\/NewLogo-2016.png\",\"contentUrl\":\"https:\/\/www.ciblemut.net\/cible\/wp-content\/uploads\/2013\/03\/NewLogo-2016.png\"},{\"@type\":\"BreadcrumbList\",\"@id\":\"https:\/\/ciblemut.net\/cible\/cgvu\/#breadcrumb\",\"itemListElement\":[{\"@type\":\"ListItem\",\"position\":1,\"name\":\"Accueil\",\"item\":\"https:\/\/ciblemut.net\/cible\/\"},{\"@type\":\"ListItem\",\"position\":2,\"name\":\"CGVU\"}]},{\"@type\":\"WebSite\",\"@id\":\"https:\/\/ciblemut.net\/cible\/#website\",\"url\":\"https:\/\/ciblemut.net\/cible\/\",\"name\":\"Ciblemut\",\"description\":\"Viser la qualit\u00e9 de service\",\"potentialAction\":[{\"@type\":\"SearchAction\",\"target\":{\"@type\":\"EntryPoint\",\"urlTemplate\":\"https:\/\/ciblemut.net\/cible\/?s={search_term_string}\"},\"query-input\":{\"@type\":\"PropertyValueSpecification\",\"valueRequired\":true,\"valueName\":\"search_term_string\"}}],\"inLanguage\":\"fr-FR\"}]}<\/script>\n<!-- \/ Yoast SEO plugin. -->","yoast_head_json":{"title":"CGVU - Ciblemut","robots":{"index":"index","follow":"follow","max-snippet":"max-snippet:-1","max-image-preview":"max-image-preview:large","max-video-preview":"max-video-preview:-1"},"canonical":"https:\/\/ciblemut.net\/cible\/cgvu\/","og_locale":"fr_FR","og_type":"article","og_title":"CGVU - Ciblemut","og_description":"Conditions G\u00e9n\u00e9rales de Vente et d\u2019Utilisation SARL au capital de 22 500 eurosRCS ANTIBES 515 382 703 00038N\u00b0 de d\u00e9claration aupr\u00e8s de la CNIL : 2003101 v0. Si\u00e8ge social 520, All\u00e9e des colibris06410 BIOT06.61.58.83.51Email : contact@ciblemut.net Objet Les pr\u00e9sentes CGVU ont pour objet d\u2019encadrer l\u2019utilisation du site ciblemut.net et les modalit\u00e9s de vente des produits [&hellip;]","og_url":"https:\/\/ciblemut.net\/cible\/cgvu\/","og_site_name":"Ciblemut","article_publisher":"https:\/\/www.facebook.com\/pages\/Ciblemut\/432850306794632","article_modified_time":"2025-11-29T18:22:06+00:00","og_image":[{"url":"https:\/\/www.ciblemut.net\/cible\/wp-content\/uploads\/2013\/03\/NewLogo-2016.png","type":"","width":"","height":""}],"twitter_misc":{"Dur\u00e9e de lecture estim\u00e9e":"3 minutes"},"schema":{"@context":"https:\/\/schema.org","@graph":[{"@type":"WebPage","@id":"https:\/\/ciblemut.net\/cible\/cgvu\/","url":"https:\/\/ciblemut.net\/cible\/cgvu\/","name":"CGVU - Ciblemut","isPartOf":{"@id":"https:\/\/ciblemut.net\/cible\/#website"},"primaryImageOfPage":{"@id":"https:\/\/ciblemut.net\/cible\/cgvu\/#primaryimage"},"image":{"@id":"https:\/\/ciblemut.net\/cible\/cgvu\/#primaryimage"},"thumbnailUrl":"https:\/\/www.ciblemut.net\/cible\/wp-content\/uploads\/2013\/03\/NewLogo-2016.png","datePublished":"2025-11-29T18:19:04+00:00","dateModified":"2025-11-29T18:22:06+00:00","breadcrumb":{"@id":"https:\/\/ciblemut.net\/cible\/cgvu\/#breadcrumb"},"inLanguage":"fr-FR","potentialAction":[{"@type":"ReadAction","target":["https:\/\/ciblemut.net\/cible\/cgvu\/"]}]},{"@type":"ImageObject","inLanguage":"fr-FR","@id":"https:\/\/ciblemut.net\/cible\/cgvu\/#primaryimage","url":"https:\/\/www.ciblemut.net\/cible\/wp-content\/uploads\/2013\/03\/NewLogo-2016.png","contentUrl":"https:\/\/www.ciblemut.net\/cible\/wp-content\/uploads\/2013\/03\/NewLogo-2016.png"},{"@type":"BreadcrumbList","@id":"https:\/\/ciblemut.net\/cible\/cgvu\/#breadcrumb","itemListElement":[{"@type":"ListItem","position":1,"name":"Accueil","item":"https:\/\/ciblemut.net\/cible\/"},{"@type":"ListItem","position":2,"name":"CGVU"}]},{"@type":"WebSite","@id":"https:\/\/ciblemut.net\/cible\/#website","url":"https:\/\/ciblemut.net\/cible\/","name":"Ciblemut","description":"Viser la qualit\u00e9 de service","potentialAction":[{"@type":"SearchAction","target":{"@type":"EntryPoint","urlTemplate":"https:\/\/ciblemut.net\/cible\/?s={search_term_string}"},"query-input":{"@type":"PropertyValueSpecification","valueRequired":true,"valueName":"search_term_string"}}],"inLanguage":"fr-FR"}]}},"jetpack_sharing_enabled":false,"_links":{"self":[{"href":"https:\/\/ciblemut.net\/cible\/wp-json\/wp\/v2\/pages\/2500","targetHints":{"allow":["GET"]}}],"collection":[{"href":"https:\/\/ciblemut.net\/cible\/wp-json\/wp\/v2\/pages"}],"about":[{"href":"https:\/\/ciblemut.net\/cible\/wp-json\/wp\/v2\/types\/page"}],"author":[{"embeddable":true,"href":"https:\/\/ciblemut.net\/cible\/wp-json\/wp\/v2\/users\/1"}],"replies":[{"embeddable":true,"href":"https:\/\/ciblemut.net\/cible\/wp-json\/wp\/v2\/comments?post=2500"}],"version-history":[{"count":11,"href":"https:\/\/ciblemut.net\/cible\/wp-json\/wp\/v2\/pages\/2500\/revisions"}],"predecessor-version":[{"id":2511,"href":"https:\/\/ciblemut.net\/cible\/wp-json\/wp\/v2\/pages\/2500\/revisions\/2511"}],"wp:attachment":[{"href":"https:\/\/ciblemut.net\/cible\/wp-json\/wp\/v2\/media?parent=2500"}],"curies":[{"name":"wp","href":"https:\/\/api.w.org\/{rel}","templated":true}]}}