{"id":2089,"date":"2017-08-24T10:12:10","date_gmt":"2017-08-24T08:12:10","guid":{"rendered":"https:\/\/ciblemut.net\/cible\/?page_id=2089"},"modified":"2025-12-14T00:32:22","modified_gmt":"2025-12-13T23:32:22","slug":"telemaintenance","status":"publish","type":"page","link":"https:\/\/ciblemut.net\/cible\/telemaintenance\/","title":{"rendered":"T\u00e9l\u00e9maintenance"},"content":{"rendered":"<!--themify_builder_content-->\n<div id=\"themify_builder_content-2089\" data-postid=\"2089\" class=\"themify_builder_content themify_builder_content-2089 themify_builder tf_clear\">\n                    <div  data-css_id=\"0dn9507\" data-lazy=\"1\" class=\"module_row themify_builder_row fullwidth_row_container tb_0dn9507 tb_first tf_w\">\n                        <div class=\"row_inner col_align_top tb_col_count_1 tf_box tf_rel\">\n                        <div  data-lazy=\"1\" class=\"module_column tb-column tb_ur39305 first\">\n                            <\/div>\n                        <\/div>\n        <\/div>\n                        <div  data-lazy=\"1\" class=\"module_row themify_builder_row tb_vmck877 tf_w\">\n                        <div class=\"row_inner col_align_top tb_col_count_2 tf_box tf_rel\">\n                        <div  data-lazy=\"1\" class=\"module_column tb-column col4-1 tb_rd2h555 first\">\n                    <!-- module text -->\n<div  class=\"module module-text tb_piva700   \" data-lazy=\"1\">\n        <div  class=\"tb_text_wrap\">\n        <h3 style=\"text-align: center;\">Contr\u00f4le \u00e0 distance<\/h3>    <\/div>\n<\/div>\n<!-- \/module text -->        <\/div>\n                    <div  data-lazy=\"1\" class=\"module_column tb-column col4-3 tb_zcpc073 last\">\n                            <div  data-lazy=\"1\" class=\"module_subrow themify_builder_sub_row tf_w col_align_top tb_col_count_1 tb_d1hy070\">\n                <div  data-lazy=\"1\" class=\"module_column sub_column col-full tb_2tjk203 first\">\n                    <!-- module link_block -->\n<div  class=\"module module-link-block tb_m47y391 icon-center solid \" data-lazy=\"1\">\n        <a target=\"_blank\" rel=\"noopener\" href=\"https:\/\/my.anydesk.com\/v2\/api\/v2\/custom-clients\/downloads\/public\/5YMUIC8DLT1L\/AccesDistantCiblemut.msi\" class=\"tb_link_block_container ui tb_default_color rounded\">\n\n        <img loading=\"lazy\" decoding=\"async\" width=\"180\" height=\"180\" src=\"https:\/\/ciblemut.net\/cible\/wp-content\/uploads\/2025\/12\/logoCiblemutAD180x180.png\" class=\"tf_vmiddle tf_box tb_link_block_img wp-post-image wp-image-2538\" title=\"logoCiblemutAD180x180\" alt=\"logoCiblemutAD180x180\" srcset=\"https:\/\/ciblemut.net\/cible\/wp-content\/uploads\/2025\/12\/logoCiblemutAD180x180.png 180w, https:\/\/ciblemut.net\/cible\/wp-content\/uploads\/2025\/12\/logoCiblemutAD180x180-150x150.png 150w\" sizes=\"auto, (max-width: 180px) 100vw, 180px\" \/>\n        <div class=\"tf-lb-content\">\n                            <div class=\"tb_link_block_heading\">Cliquez ici pour t\u00e9l\u00e9charger le programme WINDOWS<\/div>\n                                        <div class=\"tb_link_block_blurb\">(AccesDistantCiblemut.msi, 11 272 Ko)<\/div>\n                    <\/div>\n\n    <\/a>\n<\/div>\n<!-- \/module buttons -->\n        <\/div>\n                    <\/div>\n                <div  data-lazy=\"1\" class=\"module_subrow themify_builder_sub_row tf_w col_align_top tb_col_count_1 tb_0u79725\">\n                <div  data-lazy=\"1\" class=\"module_column sub_column col-full tb_l32c725 first\">\n                    <!-- module text -->\n<div  class=\"module module-text tb_i5dh725   \" data-lazy=\"1\">\n        <div  class=\"tb_text_wrap\">\n        <p style=\"text-align: center;\">\u00a0Permet \u00e0 un technicien CIBLEMUT se se connecter sur votre ordinateur pour vous aider. Une fois l&rsquo;aide apport\u00e9e votre ordinateur reste pr\u00eat pour une intervention future. (il vous suffit de nous contacter par mail ou t\u00e9l\u00e9phone pour que nous puissions intervenir).<\/p>    <\/div>\n<\/div>\n<!-- \/module text --><!-- module link_block -->\n<div  class=\"module module-link-block tb_muis725 icon-center solid \" data-lazy=\"1\">\n        <a target=\"_blank\" rel=\"noopener\" href=\"https:\/\/my.anydesk.com\/v2\/api\/v2\/custom-clients\/downloads\/public\/DQWTV8SVZ5NU\/AccesDistantCiblemut.dmg\" class=\"tb_link_block_container ui tb_default_color rounded\">\n\n        <img loading=\"lazy\" decoding=\"async\" width=\"180\" height=\"180\" src=\"https:\/\/ciblemut.net\/cible\/wp-content\/uploads\/2025\/12\/logoCiblemutAD180x180.png\" class=\"tf_vmiddle tf_box tb_link_block_img wp-post-image wp-image-2538\" title=\"logoCiblemutAD180x180\" alt=\"logoCiblemutAD180x180\" srcset=\"https:\/\/ciblemut.net\/cible\/wp-content\/uploads\/2025\/12\/logoCiblemutAD180x180.png 180w, https:\/\/ciblemut.net\/cible\/wp-content\/uploads\/2025\/12\/logoCiblemutAD180x180-150x150.png 150w\" sizes=\"auto, (max-width: 180px) 100vw, 180px\" \/>\n        <div class=\"tf-lb-content\">\n                            <div class=\"tb_link_block_heading\">Cliquez ici pour t\u00e9l\u00e9charger le programme MAC OS<\/div>\n                                        <div class=\"tb_link_block_blurb\">(AccesDistantCiblemut.dmg, 16 313 Ko)<\/div>\n                    <\/div>\n\n    <\/a>\n<\/div>\n<!-- \/module buttons -->\n        <\/div>\n                    <\/div>\n                <\/div>\n                        <\/div>\n        <\/div>\n                        <div  data-lazy=\"1\" class=\"module_row themify_builder_row tb_9rd2070 tf_w\">\n                        <div class=\"row_inner col_align_top tb_col_count_1 tf_box tf_rel\">\n                        <div  data-lazy=\"1\" class=\"module_column tb-column col-full tb_wpuq575 first\">\n                    <!-- module image -->\n<div  class=\"module module-image tb_du75007 image-overlay   tf_mw\" data-lazy=\"1\">\n        <div class=\"image-wrap tf_rel tf_mw\">\n            <img loading=\"lazy\" decoding=\"async\" width=\"1800\" height=\"400\" src=\"https:\/\/ciblemut.net\/cible\/wp-content\/uploads\/2017\/08\/logobouee.png\" class=\"wp-post-image wp-image-2096\" title=\"logobouee\" alt=\"logobouee\" srcset=\"https:\/\/ciblemut.net\/cible\/wp-content\/uploads\/2017\/08\/logobouee.png 1800w, https:\/\/ciblemut.net\/cible\/wp-content\/uploads\/2017\/08\/logobouee-300x67.png 300w, https:\/\/ciblemut.net\/cible\/wp-content\/uploads\/2017\/08\/logobouee-768x171.png 768w, https:\/\/ciblemut.net\/cible\/wp-content\/uploads\/2017\/08\/logobouee-1024x228.png 1024w\" sizes=\"auto, (max-width: 1800px) 100vw, 1800px\" \/>    \n    \n                <\/div>\n        <!-- \/image-wrap -->\n    <\/div>\n<!-- \/module image -->        <\/div>\n                        <\/div>\n        <\/div>\n        <\/div>\n<!--\/themify_builder_content-->","protected":false},"excerpt":{"rendered":"<p>Contr\u00f4le \u00e0 distance \u00a0Permet \u00e0 un technicien CIBLEMUT se se connecter sur votre ordinateur pour vous aider. Une fois l&rsquo;aide apport\u00e9e votre ordinateur reste pr\u00eat pour une intervention future. (il vous suffit de nous contacter par mail ou t\u00e9l\u00e9phone pour que nous puissions intervenir).<\/p>\n","protected":false},"author":1,"featured_media":0,"parent":0,"menu_order":0,"comment_status":"closed","ping_status":"closed","template":"","meta":{"jetpack_post_was_ever_published":false,"footnotes":""},"class_list":["post-2089","page","type-page","status-publish","hentry","has-post-title","has-post-date","has-post-category","has-post-tag","has-post-comment","has-post-author",""],"yoast_head":"<!-- This site is optimized with the Yoast SEO plugin v27.1 - https:\/\/yoast.com\/product\/yoast-seo-wordpress\/ -->\n<title>T\u00e9l\u00e9maintenance - Ciblemut<\/title>\n<meta name=\"robots\" content=\"index, follow, max-snippet:-1, max-image-preview:large, max-video-preview:-1\" \/>\n<link rel=\"canonical\" href=\"https:\/\/ciblemut.net\/cible\/telemaintenance\/\" \/>\n<meta property=\"og:locale\" content=\"fr_FR\" \/>\n<meta property=\"og:type\" content=\"article\" \/>\n<meta property=\"og:title\" content=\"T\u00e9l\u00e9maintenance - Ciblemut\" \/>\n<meta property=\"og:description\" content=\"Contr\u00f4le \u00e0 distance \u00a0Permet \u00e0 un technicien CIBLEMUT se se connecter sur votre ordinateur pour vous aider. Une fois l&rsquo;aide apport\u00e9e votre ordinateur reste pr\u00eat pour une intervention future. (il vous suffit de nous contacter par mail ou t\u00e9l\u00e9phone pour que nous puissions intervenir).\" \/>\n<meta property=\"og:url\" content=\"https:\/\/ciblemut.net\/cible\/telemaintenance\/\" \/>\n<meta property=\"og:site_name\" content=\"Ciblemut\" \/>\n<meta property=\"article:publisher\" content=\"https:\/\/www.facebook.com\/pages\/Ciblemut\/432850306794632\" \/>\n<meta property=\"article:modified_time\" content=\"2025-12-13T23:32:22+00:00\" \/>\n<meta property=\"og:image\" content=\"https:\/\/ciblemut.net\/cible\/wp-content\/uploads\/2017\/08\/logobouee.png\" \/>\n<script type=\"application\/ld+json\" class=\"yoast-schema-graph\">{\"@context\":\"https:\/\/schema.org\",\"@graph\":[{\"@type\":\"WebPage\",\"@id\":\"https:\/\/ciblemut.net\/cible\/telemaintenance\/\",\"url\":\"https:\/\/ciblemut.net\/cible\/telemaintenance\/\",\"name\":\"T\u00e9l\u00e9maintenance - Ciblemut\",\"isPartOf\":{\"@id\":\"https:\/\/ciblemut.net\/cible\/#website\"},\"primaryImageOfPage\":{\"@id\":\"https:\/\/ciblemut.net\/cible\/telemaintenance\/#primaryimage\"},\"image\":{\"@id\":\"https:\/\/ciblemut.net\/cible\/telemaintenance\/#primaryimage\"},\"thumbnailUrl\":\"https:\/\/ciblemut.net\/cible\/wp-content\/uploads\/2017\/08\/logobouee.png\",\"datePublished\":\"2017-08-24T08:12:10+00:00\",\"dateModified\":\"2025-12-13T23:32:22+00:00\",\"breadcrumb\":{\"@id\":\"https:\/\/ciblemut.net\/cible\/telemaintenance\/#breadcrumb\"},\"inLanguage\":\"fr-FR\",\"potentialAction\":[{\"@type\":\"ReadAction\",\"target\":[\"https:\/\/ciblemut.net\/cible\/telemaintenance\/\"]}]},{\"@type\":\"ImageObject\",\"inLanguage\":\"fr-FR\",\"@id\":\"https:\/\/ciblemut.net\/cible\/telemaintenance\/#primaryimage\",\"url\":\"https:\/\/ciblemut.net\/cible\/wp-content\/uploads\/2017\/08\/logobouee.png\",\"contentUrl\":\"https:\/\/ciblemut.net\/cible\/wp-content\/uploads\/2017\/08\/logobouee.png\",\"width\":1800,\"height\":400},{\"@type\":\"BreadcrumbList\",\"@id\":\"https:\/\/ciblemut.net\/cible\/telemaintenance\/#breadcrumb\",\"itemListElement\":[{\"@type\":\"ListItem\",\"position\":1,\"name\":\"Accueil\",\"item\":\"https:\/\/ciblemut.net\/cible\/\"},{\"@type\":\"ListItem\",\"position\":2,\"name\":\"T\u00e9l\u00e9maintenance\"}]},{\"@type\":\"WebSite\",\"@id\":\"https:\/\/ciblemut.net\/cible\/#website\",\"url\":\"https:\/\/ciblemut.net\/cible\/\",\"name\":\"Ciblemut\",\"description\":\"Viser la qualit\u00e9 de service\",\"potentialAction\":[{\"@type\":\"SearchAction\",\"target\":{\"@type\":\"EntryPoint\",\"urlTemplate\":\"https:\/\/ciblemut.net\/cible\/?s={search_term_string}\"},\"query-input\":{\"@type\":\"PropertyValueSpecification\",\"valueRequired\":true,\"valueName\":\"search_term_string\"}}],\"inLanguage\":\"fr-FR\"}]}<\/script>\n<!-- \/ Yoast SEO plugin. -->","yoast_head_json":{"title":"T\u00e9l\u00e9maintenance - Ciblemut","robots":{"index":"index","follow":"follow","max-snippet":"max-snippet:-1","max-image-preview":"max-image-preview:large","max-video-preview":"max-video-preview:-1"},"canonical":"https:\/\/ciblemut.net\/cible\/telemaintenance\/","og_locale":"fr_FR","og_type":"article","og_title":"T\u00e9l\u00e9maintenance - Ciblemut","og_description":"Contr\u00f4le \u00e0 distance \u00a0Permet \u00e0 un technicien CIBLEMUT se se connecter sur votre ordinateur pour vous aider. Une fois l&rsquo;aide apport\u00e9e votre ordinateur reste pr\u00eat pour une intervention future. (il vous suffit de nous contacter par mail ou t\u00e9l\u00e9phone pour que nous puissions intervenir).","og_url":"https:\/\/ciblemut.net\/cible\/telemaintenance\/","og_site_name":"Ciblemut","article_publisher":"https:\/\/www.facebook.com\/pages\/Ciblemut\/432850306794632","article_modified_time":"2025-12-13T23:32:22+00:00","og_image":[{"url":"https:\/\/ciblemut.net\/cible\/wp-content\/uploads\/2017\/08\/logobouee.png","type":"","width":"","height":""}],"schema":{"@context":"https:\/\/schema.org","@graph":[{"@type":"WebPage","@id":"https:\/\/ciblemut.net\/cible\/telemaintenance\/","url":"https:\/\/ciblemut.net\/cible\/telemaintenance\/","name":"T\u00e9l\u00e9maintenance - Ciblemut","isPartOf":{"@id":"https:\/\/ciblemut.net\/cible\/#website"},"primaryImageOfPage":{"@id":"https:\/\/ciblemut.net\/cible\/telemaintenance\/#primaryimage"},"image":{"@id":"https:\/\/ciblemut.net\/cible\/telemaintenance\/#primaryimage"},"thumbnailUrl":"https:\/\/ciblemut.net\/cible\/wp-content\/uploads\/2017\/08\/logobouee.png","datePublished":"2017-08-24T08:12:10+00:00","dateModified":"2025-12-13T23:32:22+00:00","breadcrumb":{"@id":"https:\/\/ciblemut.net\/cible\/telemaintenance\/#breadcrumb"},"inLanguage":"fr-FR","potentialAction":[{"@type":"ReadAction","target":["https:\/\/ciblemut.net\/cible\/telemaintenance\/"]}]},{"@type":"ImageObject","inLanguage":"fr-FR","@id":"https:\/\/ciblemut.net\/cible\/telemaintenance\/#primaryimage","url":"https:\/\/ciblemut.net\/cible\/wp-content\/uploads\/2017\/08\/logobouee.png","contentUrl":"https:\/\/ciblemut.net\/cible\/wp-content\/uploads\/2017\/08\/logobouee.png","width":1800,"height":400},{"@type":"BreadcrumbList","@id":"https:\/\/ciblemut.net\/cible\/telemaintenance\/#breadcrumb","itemListElement":[{"@type":"ListItem","position":1,"name":"Accueil","item":"https:\/\/ciblemut.net\/cible\/"},{"@type":"ListItem","position":2,"name":"T\u00e9l\u00e9maintenance"}]},{"@type":"WebSite","@id":"https:\/\/ciblemut.net\/cible\/#website","url":"https:\/\/ciblemut.net\/cible\/","name":"Ciblemut","description":"Viser la qualit\u00e9 de service","potentialAction":[{"@type":"SearchAction","target":{"@type":"EntryPoint","urlTemplate":"https:\/\/ciblemut.net\/cible\/?s={search_term_string}"},"query-input":{"@type":"PropertyValueSpecification","valueRequired":true,"valueName":"search_term_string"}}],"inLanguage":"fr-FR"}]}},"jetpack_sharing_enabled":true,"_links":{"self":[{"href":"https:\/\/ciblemut.net\/cible\/wp-json\/wp\/v2\/pages\/2089","targetHints":{"allow":["GET"]}}],"collection":[{"href":"https:\/\/ciblemut.net\/cible\/wp-json\/wp\/v2\/pages"}],"about":[{"href":"https:\/\/ciblemut.net\/cible\/wp-json\/wp\/v2\/types\/page"}],"author":[{"embeddable":true,"href":"https:\/\/ciblemut.net\/cible\/wp-json\/wp\/v2\/users\/1"}],"replies":[{"embeddable":true,"href":"https:\/\/ciblemut.net\/cible\/wp-json\/wp\/v2\/comments?post=2089"}],"version-history":[{"count":14,"href":"https:\/\/ciblemut.net\/cible\/wp-json\/wp\/v2\/pages\/2089\/revisions"}],"predecessor-version":[{"id":2552,"href":"https:\/\/ciblemut.net\/cible\/wp-json\/wp\/v2\/pages\/2089\/revisions\/2552"}],"wp:attachment":[{"href":"https:\/\/ciblemut.net\/cible\/wp-json\/wp\/v2\/media?parent=2089"}],"curies":[{"name":"wp","href":"https:\/\/api.w.org\/{rel}","templated":true}]}}