{"id":1970,"date":"2017-02-24T10:49:41","date_gmt":"2017-02-24T09:49:41","guid":{"rendered":"https:\/\/www.ciblemut.net\/cible\/?page_id=1970"},"modified":"2020-04-03T00:24:39","modified_gmt":"2020-04-02T22:24:39","slug":"videos","status":"publish","type":"page","link":"https:\/\/ciblemut.net\/cible\/videos\/","title":{"rendered":"Vid\u00e9os"},"content":{"rendered":"<!--themify_builder_content-->\n<div id=\"themify_builder_content-1970\" data-postid=\"1970\" class=\"themify_builder_content themify_builder_content-1970 themify_builder tf_clear\">\n                    <div  data-lazy=\"1\" class=\"module_row themify_builder_row tb_698f4d7 tb_first tf_w\">\n                        <div class=\"row_inner col_align_top tb_col_count_1 tf_box tf_rel\">\n                        <div  data-lazy=\"1\" class=\"module_column tb-column col-full tb_407abc4 first\">\n                    <!-- module text -->\n<div  class=\"module module-text tb_82286c6   \" data-lazy=\"1\">\n        <div  class=\"tb_text_wrap\">\n        <h4>Logiciel de Compl\u00e9mentaire Sant\u00e9<\/h4>\n<p>La simplification de l&rsquo;informatique !<\/p>    <\/div>\n<\/div>\n<!-- \/module text --><!-- module plain text -->\n<div  class=\"module module-plain-text tb_649babb \" data-lazy=\"1\">\n        <div class=\"tb_text_wrap\">\n    <video controls=\"controls\" width=\"800\" >\n<source src=\"https:\/\/www.ciblemut.net\/cible\/wp-content\/uploads\/2017\/02\/Mutcible-version-courte.mp4\" type=\"video\/mp4\">\n<\/video>    <\/div>\n<\/div>\n<!-- \/module plain text -->        <\/div>\n                        <\/div>\n        <\/div>\n                        <div  data-lazy=\"1\" class=\"module_row themify_builder_row tb_8322246 tf_w\">\n                        <div class=\"row_inner col_align_top tb_col_count_1 tf_box tf_rel\">\n                        <div  data-lazy=\"1\" class=\"module_column tb-column col-full tb_2be2f96 first\">\n                    <!-- module text -->\n<div  class=\"module module-text tb_c903bbf   \" data-lazy=\"1\">\n        <div  class=\"tb_text_wrap\">\n        <h4>Logiciel de Compl\u00e9mentaire Sant\u00e9<\/h4>\n<p>Comment choisir son logiciel de Mutuelle et Compl\u00e9mentaire Sant\u00e9<\/p>    <\/div>\n<\/div>\n<!-- \/module text --><!-- module plain text -->\n<div  class=\"module module-plain-text tb_f215cc5 \" data-lazy=\"1\">\n        <div class=\"tb_text_wrap\">\n    <video controls=\"controls\" width=\"800\" >\n<source src=\"https:\/\/www.ciblemut.net\/cible\/wp-content\/uploads\/2017\/02\/Suite-logicielle.mp4\" type=\"video\/mp4\">\n<\/video>    <\/div>\n<\/div>\n<!-- \/module plain text -->        <\/div>\n                        <\/div>\n        <\/div>\n                        <div  data-lazy=\"1\" class=\"module_row themify_builder_row tb_7e3d613 tf_w\">\n                        <div class=\"row_inner col_align_top tb_col_count_1 tf_box tf_rel\">\n                        <div  data-lazy=\"1\" class=\"module_column tb-column col-full tb_ea43ed8 first\">\n                    <!-- module text -->\n<div  class=\"module module-text tb_26b8bc6   \" data-lazy=\"1\">\n        <div  class=\"tb_text_wrap\">\n        <h4>Suite logicielle<\/h4>\n<p>Mutcible, la suite logicielle de votre Mutuelle Sant\u00e9<\/p>    <\/div>\n<\/div>\n<!-- \/module text --><!-- module plain text -->\n<div  class=\"module module-plain-text tb_d0eac32 \" data-lazy=\"1\">\n        <div class=\"tb_text_wrap\">\n    <video controls=\"controls\" width=\"800\" >\n<source src=\"https:\/\/www.ciblemut.net\/cible\/wp-content\/uploads\/2017\/02\/Mutcible-Logiciel-pour-les-Complementaires-Sante.mp4\" type=\"video\/mp4\">\n<\/video>    <\/div>\n<\/div>\n<!-- \/module plain text -->        <\/div>\n                        <\/div>\n        <\/div>\n                        <div  data-lazy=\"1\" class=\"module_row themify_builder_row tb_6a9a2f2 tf_w\">\n                        <div class=\"row_inner col_align_top tb_col_count_1 tf_box tf_rel\">\n                        <div  data-lazy=\"1\" class=\"module_column tb-column col-full tb_b1ee3a2 first\">\n                    <!-- module text -->\n<div  class=\"module module-text tb_79cacd4   \" data-lazy=\"1\">\n        <div  class=\"tb_text_wrap\">\n        <h4>SQLCible<\/h4>\n<p>Extraction de donn\u00e9es pour les analyser et les pr\u00e9senter<\/p>    <\/div>\n<\/div>\n<!-- \/module text --><!-- module plain text -->\n<div  class=\"module module-plain-text tb_027f55b \" data-lazy=\"1\">\n        <div class=\"tb_text_wrap\">\n    <video controls=\"controls\" width=\"800\" >\n<source src=\"https:\/\/www.ciblemut.net\/cible\/wp-content\/uploads\/2017\/02\/SqlCible-Requeteur.mp4\" type=\"video\/mp4\">\n<\/video>    <\/div>\n<\/div>\n<!-- \/module plain text -->        <\/div>\n                        <\/div>\n        <\/div>\n        <\/div>\n<!--\/themify_builder_content-->","protected":false},"excerpt":{"rendered":"<p>Logiciel de Compl\u00e9mentaire Sant\u00e9 La simplification de l&rsquo;informatique ! Logiciel de Compl\u00e9mentaire Sant\u00e9 Comment choisir son logiciel de Mutuelle et Compl\u00e9mentaire Sant\u00e9 Suite logicielle Mutcible, la suite logicielle de votre Mutuelle Sant\u00e9 SQLCible Extraction de donn\u00e9es pour les analyser et les pr\u00e9senter<\/p>\n","protected":false},"author":1,"featured_media":0,"parent":0,"menu_order":0,"comment_status":"closed","ping_status":"closed","template":"","meta":{"jetpack_post_was_ever_published":false,"footnotes":""},"class_list":["post-1970","page","type-page","status-publish","hentry","has-post-title","has-post-date","has-post-category","has-post-tag","has-post-comment","has-post-author",""],"yoast_head":"<!-- This site is optimized with the Yoast SEO plugin v27.1 - https:\/\/yoast.com\/product\/yoast-seo-wordpress\/ -->\n<title>Vid\u00e9os - Ciblemut<\/title>\n<meta name=\"robots\" content=\"index, follow, max-snippet:-1, max-image-preview:large, max-video-preview:-1\" \/>\n<link rel=\"canonical\" href=\"https:\/\/ciblemut.net\/cible\/videos\/\" \/>\n<meta property=\"og:locale\" content=\"fr_FR\" \/>\n<meta property=\"og:type\" content=\"article\" \/>\n<meta property=\"og:title\" content=\"Vid\u00e9os - Ciblemut\" \/>\n<meta property=\"og:description\" content=\"Logiciel de Compl\u00e9mentaire Sant\u00e9 La simplification de l&rsquo;informatique ! Logiciel de Compl\u00e9mentaire Sant\u00e9 Comment choisir son logiciel de Mutuelle et Compl\u00e9mentaire Sant\u00e9 Suite logicielle Mutcible, la suite logicielle de votre Mutuelle Sant\u00e9 SQLCible Extraction de donn\u00e9es pour les analyser et les pr\u00e9senter\" \/>\n<meta property=\"og:url\" content=\"https:\/\/ciblemut.net\/cible\/videos\/\" \/>\n<meta property=\"og:site_name\" content=\"Ciblemut\" \/>\n<meta property=\"article:publisher\" content=\"https:\/\/www.facebook.com\/pages\/Ciblemut\/432850306794632\" \/>\n<meta property=\"article:modified_time\" content=\"2020-04-02T22:24:39+00:00\" \/>\n<script type=\"application\/ld+json\" class=\"yoast-schema-graph\">{\"@context\":\"https:\/\/schema.org\",\"@graph\":[{\"@type\":\"WebPage\",\"@id\":\"https:\/\/ciblemut.net\/cible\/videos\/\",\"url\":\"https:\/\/ciblemut.net\/cible\/videos\/\",\"name\":\"Vid\u00e9os - Ciblemut\",\"isPartOf\":{\"@id\":\"https:\/\/ciblemut.net\/cible\/#website\"},\"datePublished\":\"2017-02-24T09:49:41+00:00\",\"dateModified\":\"2020-04-02T22:24:39+00:00\",\"breadcrumb\":{\"@id\":\"https:\/\/ciblemut.net\/cible\/videos\/#breadcrumb\"},\"inLanguage\":\"fr-FR\",\"potentialAction\":[{\"@type\":\"ReadAction\",\"target\":[\"https:\/\/ciblemut.net\/cible\/videos\/\"]}]},{\"@type\":\"BreadcrumbList\",\"@id\":\"https:\/\/ciblemut.net\/cible\/videos\/#breadcrumb\",\"itemListElement\":[{\"@type\":\"ListItem\",\"position\":1,\"name\":\"Accueil\",\"item\":\"https:\/\/ciblemut.net\/cible\/\"},{\"@type\":\"ListItem\",\"position\":2,\"name\":\"Vid\u00e9os\"}]},{\"@type\":\"WebSite\",\"@id\":\"https:\/\/ciblemut.net\/cible\/#website\",\"url\":\"https:\/\/ciblemut.net\/cible\/\",\"name\":\"Ciblemut\",\"description\":\"Viser la qualit\u00e9 de service\",\"potentialAction\":[{\"@type\":\"SearchAction\",\"target\":{\"@type\":\"EntryPoint\",\"urlTemplate\":\"https:\/\/ciblemut.net\/cible\/?s={search_term_string}\"},\"query-input\":{\"@type\":\"PropertyValueSpecification\",\"valueRequired\":true,\"valueName\":\"search_term_string\"}}],\"inLanguage\":\"fr-FR\"}]}<\/script>\n<!-- \/ Yoast SEO plugin. -->","yoast_head_json":{"title":"Vid\u00e9os - Ciblemut","robots":{"index":"index","follow":"follow","max-snippet":"max-snippet:-1","max-image-preview":"max-image-preview:large","max-video-preview":"max-video-preview:-1"},"canonical":"https:\/\/ciblemut.net\/cible\/videos\/","og_locale":"fr_FR","og_type":"article","og_title":"Vid\u00e9os - Ciblemut","og_description":"Logiciel de Compl\u00e9mentaire Sant\u00e9 La simplification de l&rsquo;informatique ! Logiciel de Compl\u00e9mentaire Sant\u00e9 Comment choisir son logiciel de Mutuelle et Compl\u00e9mentaire Sant\u00e9 Suite logicielle Mutcible, la suite logicielle de votre Mutuelle Sant\u00e9 SQLCible Extraction de donn\u00e9es pour les analyser et les pr\u00e9senter","og_url":"https:\/\/ciblemut.net\/cible\/videos\/","og_site_name":"Ciblemut","article_publisher":"https:\/\/www.facebook.com\/pages\/Ciblemut\/432850306794632","article_modified_time":"2020-04-02T22:24:39+00:00","schema":{"@context":"https:\/\/schema.org","@graph":[{"@type":"WebPage","@id":"https:\/\/ciblemut.net\/cible\/videos\/","url":"https:\/\/ciblemut.net\/cible\/videos\/","name":"Vid\u00e9os - Ciblemut","isPartOf":{"@id":"https:\/\/ciblemut.net\/cible\/#website"},"datePublished":"2017-02-24T09:49:41+00:00","dateModified":"2020-04-02T22:24:39+00:00","breadcrumb":{"@id":"https:\/\/ciblemut.net\/cible\/videos\/#breadcrumb"},"inLanguage":"fr-FR","potentialAction":[{"@type":"ReadAction","target":["https:\/\/ciblemut.net\/cible\/videos\/"]}]},{"@type":"BreadcrumbList","@id":"https:\/\/ciblemut.net\/cible\/videos\/#breadcrumb","itemListElement":[{"@type":"ListItem","position":1,"name":"Accueil","item":"https:\/\/ciblemut.net\/cible\/"},{"@type":"ListItem","position":2,"name":"Vid\u00e9os"}]},{"@type":"WebSite","@id":"https:\/\/ciblemut.net\/cible\/#website","url":"https:\/\/ciblemut.net\/cible\/","name":"Ciblemut","description":"Viser la qualit\u00e9 de service","potentialAction":[{"@type":"SearchAction","target":{"@type":"EntryPoint","urlTemplate":"https:\/\/ciblemut.net\/cible\/?s={search_term_string}"},"query-input":{"@type":"PropertyValueSpecification","valueRequired":true,"valueName":"search_term_string"}}],"inLanguage":"fr-FR"}]}},"jetpack_sharing_enabled":true,"_links":{"self":[{"href":"https:\/\/ciblemut.net\/cible\/wp-json\/wp\/v2\/pages\/1970","targetHints":{"allow":["GET"]}}],"collection":[{"href":"https:\/\/ciblemut.net\/cible\/wp-json\/wp\/v2\/pages"}],"about":[{"href":"https:\/\/ciblemut.net\/cible\/wp-json\/wp\/v2\/types\/page"}],"author":[{"embeddable":true,"href":"https:\/\/ciblemut.net\/cible\/wp-json\/wp\/v2\/users\/1"}],"replies":[{"embeddable":true,"href":"https:\/\/ciblemut.net\/cible\/wp-json\/wp\/v2\/comments?post=1970"}],"version-history":[{"count":2,"href":"https:\/\/ciblemut.net\/cible\/wp-json\/wp\/v2\/pages\/1970\/revisions"}],"predecessor-version":[{"id":2269,"href":"https:\/\/ciblemut.net\/cible\/wp-json\/wp\/v2\/pages\/1970\/revisions\/2269"}],"wp:attachment":[{"href":"https:\/\/ciblemut.net\/cible\/wp-json\/wp\/v2\/media?parent=1970"}],"curies":[{"name":"wp","href":"https:\/\/api.w.org\/{rel}","templated":true}]}}