{"id":1899,"date":"2017-02-23T00:24:02","date_gmt":"2017-02-22T23:24:02","guid":{"rendered":"https:\/\/www.ciblemut.net\/cible\/?page_id=1899"},"modified":"2019-11-28T20:39:21","modified_gmt":"2019-11-28T19:39:21","slug":"hebergement","status":"publish","type":"page","link":"https:\/\/ciblemut.net\/cible\/hebergement\/","title":{"rendered":"H\u00e9bergement"},"content":{"rendered":"<!--themify_builder_content-->\n<div id=\"themify_builder_content-1899\" data-postid=\"1899\" class=\"themify_builder_content themify_builder_content-1899 themify_builder tf_clear\">\n                    <div  data-lazy=\"1\" class=\"module_row themify_builder_row tb_xkli282 tb_first tf_w\">\n                        <div class=\"row_inner col_align_top tb_col_count_1 tf_box tf_rel\">\n                        <div  data-lazy=\"1\" class=\"module_column tb-column col-full   tb_f0tt007 first\">\n                    <!-- module image -->\n<div  class=\"module module-image tb_htvm989 image-overlay    tf_mw\" data-lazy=\"1\">\n        <div class=\"image-wrap tf_rel tf_mw\">\n            <img loading=\"lazy\" decoding=\"async\" src=\"https:\/\/www.ciblemut.net\/cible\/wp-content\/uploads\/2013\/03\/teaser_Equipement.jpg\" width=\"1200\" height=\"459\" title=\"H\u00e9bergement\" alt=\"H\u00e9bergement\">    \n    \n                <\/div>\n        <!-- \/image-wrap -->\n    <\/div>\n<!-- \/module image -->        <\/div>\n                        <\/div>\n        <\/div>\n                        <div  data-lazy=\"1\" class=\"module_row themify_builder_row tb_k45j590 tf_w\">\n                        <div class=\"row_inner col_align_top tb_col_count_1 tf_box tf_rel\">\n                        <div  data-lazy=\"1\" class=\"module_column tb-column col-full   tb_m9ba999 first\">\n                    <!-- module text -->\n<div  class=\"module module-text tb_rprw282   \" data-lazy=\"1\">\n        <div  class=\"tb_text_wrap\">\n        <h4>Vous accompagner dans l&rsquo;exploitation des vos outils de gestion<\/h4>\n<p>Confiez nous la gestion technique de votre infrastructure, concentrez vous sur votre m\u00e9tier : nos solutions de gestion techniques sont \u00e0 plusieurs niveaux et s&rsquo;adaptent \u00e0 votre volont\u00e9.<br\/>Dans notre DATACENTER toulousain, ou sur site nous vous accompagnons dans la mise en place et la maintenance de infrastructure informatique.<\/p>\n<h4>Gestion de crise : nos plans de continuit\u00e9 d&rsquo;activi\u00e9 (PCA) et plans de reprise d&rsquo;activit\u00e9 (PRA)<\/h4>\n<p>Lorsqu&rsquo;un incident se produit, les principales questions qui se posent sont :\n<ul>\n<li> Ai-je perdu des donn\u00e9es ?<\/li>\n<li> Quand vais-je pouvoir reprendre la production ?<\/li>\n<li> Que vais-je pouvoir faire en attendant la reprise ?<\/li>\n<\/ul>\n<\/p>    <\/div>\n<\/div>\n<!-- \/module text --><!-- module text -->\n<div  class=\"module module-text tb_c34j957   \" data-lazy=\"1\">\n        <div  class=\"tb_text_wrap\">\n        <h5>Bien sur tout d\u00e9pends de la nature de la panne, de la gravit\u00e9 de cette derni\u00e8re et de son emplacement. Les risques majeurs \u00e9tant les suivants<\/h5>\n<ul>\n<li> Panne dans le DATACENTER<\/li>\n<li> Perte de connexion entre le DATACENTER et le site de production<\/li>\n<li> Panne ou sinistre sur votre site de production<\/li>\n<\/ul>\n<h5>En fonction du type de votre installation les d\u00e9lais peuvent varier mais en g\u00e9n\u00e9ral les chiffres sont les suivants avec nos solutions mises en place : <\/h5><p><em>(Ces chiffres ne sont pas \u00e0 prendre au pied de la lettre et peuvent varier en fonction et de l&rsquo;infrastructure et de la solution  mise en place)<\/em><\/p>\n    <\/div>\n<\/div>\n<!-- \/module text -->        <\/div>\n                        <\/div>\n        <\/div>\n                        <div  data-parallax-bg=\"desktop\" data-lazy=\"1\" class=\"module_row themify_builder_row tb_0u7a509 tf_w\">\n                        <div class=\"row_inner col_align_top tb_col_count_4 tf_box tf_rel\">\n                        <div  data-lazy=\"1\" class=\"module_column tb-column col4-1  tb_ddiq895 first\">\n                            <\/div>\n                    <div  data-lazy=\"1\" class=\"module_column tb-column col4-1 tb_nv04825\">\n                    <!-- module counter -->\n<div  class=\"module module-counter tb_gixj857 size-medium  tf_textc \" data-lazy=\"1\">\n\t\t\n\t\t<div class=\"counter-chart tf_rel\">\n\t\t\t<svg class=\"tf_abs tf_w tf_h\">\n\t\t\t\t\t\t\t<circle fill=\"#c3e8c9\" class=\"module-counter-background\"><\/circle>\n\t\t\t\t\t\t<circle class=\"tb_counter_fill\" stroke=\"rgba(0,0,0,.1)\" stroke-width=\"15\"\/>\n\t\t\t<circle class=\"tb_counter_stroke\" stroke-width=\"15\" stroke=\"#14b32e\" data-progress=\"100\" stroke-dasharray=\"0,10000\"\/>\n\t\t\t<\/svg>\n\t\t\t\t<div class=\"number tf_abs_c\">\n\t\t\t<span class=\"bc-timer\"\n\t\t\t\t  data-to=\"30.0\"\n\t\t\t\t  data-suffix=\"\"\n\t\t\t\t  data-prefix=\"\"\n\t\t\t\t  data-decimals=\"1\"\n\t\t\t\t  data-grouping=\"1\"\n                                ><\/span>\n\t\t<\/div>\n\n\t\t\t\t<\/div><!-- .chart -->\n\t\n    <div class=\"counter-text\">Temps de bascule vers<br\/> le PCA en secondes<\/div>\n\n\t<\/div>\n<!-- \/module counter -->\n        <\/div>\n                    <div  data-lazy=\"1\" class=\"module_column tb-column col4-1 tb_p7gf582\">\n                    <!-- module counter -->\n<div  class=\"module module-counter tb_67pa815 size-medium  tf_textc \" data-lazy=\"1\">\n\t\t\n\t\t<div class=\"counter-chart tf_rel\">\n\t\t\t<svg class=\"tf_abs tf_w tf_h\">\n\t\t\t\t\t\t\t<circle fill=\"#ffdda6\" class=\"module-counter-background\"><\/circle>\n\t\t\t\t\t\t<circle class=\"tb_counter_fill\" stroke=\"rgba(0,0,0,.1)\" stroke-width=\"15\"\/>\n\t\t\t<circle class=\"tb_counter_stroke\" stroke-width=\"15\" stroke=\"#ffbc57\" data-progress=\"100\" stroke-dasharray=\"0,10000\"\/>\n\t\t\t<\/svg>\n\t\t\t\t<div class=\"number tf_abs_c\">\n\t\t\t<span class=\"bc-timer\"\n\t\t\t\t  data-to=\"4.0\"\n\t\t\t\t  data-suffix=\"\"\n\t\t\t\t  data-prefix=\"\"\n\t\t\t\t  data-decimals=\"1\"\n\t\t\t\t  data-grouping=\"1\"\n                                ><\/span>\n\t\t<\/div>\n\n\t\t\t\t<\/div><!-- .chart -->\n\t\n    <div class=\"counter-text\">Temps moyen de retour \u00e0 la normale<br\/> en heures<\/div>\n\n\t<\/div>\n<!-- \/module counter -->\n        <\/div>\n                    <div  data-lazy=\"1\" class=\"module_column tb-column col4-1  tb_e77r989 last\">\n                            <\/div>\n                        <\/div>\n        <\/div>\n                        <div  data-lazy=\"1\" class=\"module_row themify_builder_row tb_u531868 tf_w\">\n                        <div class=\"row_inner col_align_top tb_col_count_1 tf_box tf_rel\">\n                        <div  data-lazy=\"1\" class=\"module_column tb-column col-full   tb_g8uv020 first\">\n                    <!-- module text -->\n<div  class=\"module module-text tb_n47k099   \" data-lazy=\"1\">\n        <div  class=\"tb_text_wrap\">\n        <h5>Etude de cas :<\/h5>\n<ul>\n<p>La solution la plus courante qui est mise en place est celle d&rsquo;une r\u00e9plication totale de vos donn\u00e9es \u00e0 J-1 : au pire s&rsquo;il fallait tout remettre en place, vous avez TOUJOURS en s\u00e9curit\u00e9 les donn\u00e9es de la veille.<\/p>\n<p>En cas de coupure de connexion nos contrats garantissent un remise en l&rsquo;\u00e9tat sous 4H par d\u00e9faut, vous \u00eates certains de retrouver votre connexion sous 4 heures.<\/p>\n<p>Le plan de continuit\u00e9 d&rsquo;activit\u00e9 vous permet de poursuivre votre production le temps que la crise soit r\u00e9solue. L&rsquo;acc\u00e8s \u00e0 ce PCA est en raccourci sur les bureaux des utilisateurs et donc son acc\u00e8s est quasi imm\u00e9diat. Comme pr\u00e9cis\u00e9 pr\u00e9c\u00e9demment les donn\u00e9es sur ce PCA sont \u00e0 J-1.<\/p>\n<p>Une fois la crise r\u00e9solue, nos \u00e9quipes se chargent le cas \u00e9ch\u00e9ant de remettre en place la production et surtout de contr\u00f4ler l&rsquo;int\u00e9grit\u00e9 des donn\u00e9es avant la remise en production. A savoir qu&rsquo;aujourd&rsquo;hui nous n&rsquo;avons eu &#8211; m\u00eame apr\u00e8s un incident &#8211; aucune minute de donn\u00e9es de perdue.<\/p>    <\/div>\n<\/div>\n<!-- \/module text -->        <\/div>\n                        <\/div>\n        <\/div>\n                        <div  data-lazy=\"1\" class=\"module_row themify_builder_row tb_3b07066 tf_w\">\n                        <div class=\"row_inner col_align_top tb_col_count_1 tf_box tf_rel\">\n                        <div  data-lazy=\"1\" class=\"module_column tb-column col-full   tb_sl0c230 first\">\n                    <!-- module text -->\n<div  class=\"module module-text tb_kb4r068   \" data-lazy=\"1\">\n        <div  class=\"tb_text_wrap\">\n        <h4>LA gestion de crise lors d&rsquo;une panne d&rsquo;infrastructure est complexe &#8230;<\/h4>\n<p>mais nous sommes l\u00e0 pour mettre en place, maintenir votre infrastructure et le cas \u00e9ch\u00e9ant vous accompagner dans le r\u00e9tablissement de votre production dans les meilleurs d\u00e9lais et avec un minimum de perte de donn\u00e9es.<\/p>    <\/div>\n<\/div>\n<!-- \/module text -->        <\/div>\n                        <\/div>\n        <\/div>\n        <\/div>\n<!--\/themify_builder_content-->","protected":false},"excerpt":{"rendered":"<p>Vous accompagner dans l&rsquo;exploitation des vos outils de gestion Confiez nous la gestion technique de votre infrastructure, concentrez vous sur votre m\u00e9tier : nos solutions de gestion techniques sont \u00e0 plusieurs niveaux et s&rsquo;adaptent \u00e0 votre volont\u00e9.Dans notre DATACENTER toulousain, ou sur site nous vous accompagnons dans la mise en place et la maintenance de [&hellip;]<\/p>\n","protected":false},"author":1,"featured_media":0,"parent":0,"menu_order":0,"comment_status":"closed","ping_status":"closed","template":"","meta":{"jetpack_post_was_ever_published":false,"footnotes":""},"class_list":["post-1899","page","type-page","status-publish","hentry","has-post-title","has-post-date","has-post-category","has-post-tag","has-post-comment","has-post-author",""],"yoast_head":"<!-- This site is optimized with the Yoast SEO plugin v27.1 - https:\/\/yoast.com\/product\/yoast-seo-wordpress\/ -->\n<title>H\u00e9bergement - Ciblemut<\/title>\n<meta name=\"robots\" content=\"index, follow, max-snippet:-1, max-image-preview:large, max-video-preview:-1\" \/>\n<link rel=\"canonical\" href=\"https:\/\/ciblemut.net\/cible\/hebergement\/\" \/>\n<meta property=\"og:locale\" content=\"fr_FR\" \/>\n<meta property=\"og:type\" content=\"article\" \/>\n<meta property=\"og:title\" content=\"H\u00e9bergement - Ciblemut\" \/>\n<meta property=\"og:description\" content=\"Vous accompagner dans l&rsquo;exploitation des vos outils de gestion Confiez nous la gestion technique de votre infrastructure, concentrez vous sur votre m\u00e9tier : nos solutions de gestion techniques sont \u00e0 plusieurs niveaux et s&rsquo;adaptent \u00e0 votre volont\u00e9.Dans notre DATACENTER toulousain, ou sur site nous vous accompagnons dans la mise en place et la maintenance de [&hellip;]\" \/>\n<meta property=\"og:url\" content=\"https:\/\/ciblemut.net\/cible\/hebergement\/\" \/>\n<meta property=\"og:site_name\" content=\"Ciblemut\" \/>\n<meta property=\"article:publisher\" content=\"https:\/\/www.facebook.com\/pages\/Ciblemut\/432850306794632\" \/>\n<meta property=\"article:modified_time\" content=\"2019-11-28T19:39:21+00:00\" \/>\n<meta property=\"og:image\" content=\"https:\/\/www.ciblemut.net\/cible\/wp-content\/uploads\/2013\/03\/teaser_Equipement.jpg\" \/>\n<meta name=\"twitter:label1\" content=\"Dur\u00e9e de lecture estim\u00e9e\" \/>\n\t<meta name=\"twitter:data1\" content=\"2 minutes\" \/>\n<script type=\"application\/ld+json\" class=\"yoast-schema-graph\">{\"@context\":\"https:\/\/schema.org\",\"@graph\":[{\"@type\":\"WebPage\",\"@id\":\"https:\/\/ciblemut.net\/cible\/hebergement\/\",\"url\":\"https:\/\/ciblemut.net\/cible\/hebergement\/\",\"name\":\"H\u00e9bergement - Ciblemut\",\"isPartOf\":{\"@id\":\"https:\/\/ciblemut.net\/cible\/#website\"},\"primaryImageOfPage\":{\"@id\":\"https:\/\/ciblemut.net\/cible\/hebergement\/#primaryimage\"},\"image\":{\"@id\":\"https:\/\/ciblemut.net\/cible\/hebergement\/#primaryimage\"},\"thumbnailUrl\":\"https:\/\/www.ciblemut.net\/cible\/wp-content\/uploads\/2013\/03\/teaser_Equipement.jpg\",\"datePublished\":\"2017-02-22T23:24:02+00:00\",\"dateModified\":\"2019-11-28T19:39:21+00:00\",\"breadcrumb\":{\"@id\":\"https:\/\/ciblemut.net\/cible\/hebergement\/#breadcrumb\"},\"inLanguage\":\"fr-FR\",\"potentialAction\":[{\"@type\":\"ReadAction\",\"target\":[\"https:\/\/ciblemut.net\/cible\/hebergement\/\"]}]},{\"@type\":\"ImageObject\",\"inLanguage\":\"fr-FR\",\"@id\":\"https:\/\/ciblemut.net\/cible\/hebergement\/#primaryimage\",\"url\":\"https:\/\/www.ciblemut.net\/cible\/wp-content\/uploads\/2013\/03\/teaser_Equipement.jpg\",\"contentUrl\":\"https:\/\/www.ciblemut.net\/cible\/wp-content\/uploads\/2013\/03\/teaser_Equipement.jpg\"},{\"@type\":\"BreadcrumbList\",\"@id\":\"https:\/\/ciblemut.net\/cible\/hebergement\/#breadcrumb\",\"itemListElement\":[{\"@type\":\"ListItem\",\"position\":1,\"name\":\"Accueil\",\"item\":\"https:\/\/ciblemut.net\/cible\/\"},{\"@type\":\"ListItem\",\"position\":2,\"name\":\"H\u00e9bergement\"}]},{\"@type\":\"WebSite\",\"@id\":\"https:\/\/ciblemut.net\/cible\/#website\",\"url\":\"https:\/\/ciblemut.net\/cible\/\",\"name\":\"Ciblemut\",\"description\":\"Viser la qualit\u00e9 de service\",\"potentialAction\":[{\"@type\":\"SearchAction\",\"target\":{\"@type\":\"EntryPoint\",\"urlTemplate\":\"https:\/\/ciblemut.net\/cible\/?s={search_term_string}\"},\"query-input\":{\"@type\":\"PropertyValueSpecification\",\"valueRequired\":true,\"valueName\":\"search_term_string\"}}],\"inLanguage\":\"fr-FR\"}]}<\/script>\n<!-- \/ Yoast SEO plugin. -->","yoast_head_json":{"title":"H\u00e9bergement - Ciblemut","robots":{"index":"index","follow":"follow","max-snippet":"max-snippet:-1","max-image-preview":"max-image-preview:large","max-video-preview":"max-video-preview:-1"},"canonical":"https:\/\/ciblemut.net\/cible\/hebergement\/","og_locale":"fr_FR","og_type":"article","og_title":"H\u00e9bergement - Ciblemut","og_description":"Vous accompagner dans l&rsquo;exploitation des vos outils de gestion Confiez nous la gestion technique de votre infrastructure, concentrez vous sur votre m\u00e9tier : nos solutions de gestion techniques sont \u00e0 plusieurs niveaux et s&rsquo;adaptent \u00e0 votre volont\u00e9.Dans notre DATACENTER toulousain, ou sur site nous vous accompagnons dans la mise en place et la maintenance de [&hellip;]","og_url":"https:\/\/ciblemut.net\/cible\/hebergement\/","og_site_name":"Ciblemut","article_publisher":"https:\/\/www.facebook.com\/pages\/Ciblemut\/432850306794632","article_modified_time":"2019-11-28T19:39:21+00:00","og_image":[{"url":"https:\/\/www.ciblemut.net\/cible\/wp-content\/uploads\/2013\/03\/teaser_Equipement.jpg","type":"","width":"","height":""}],"twitter_misc":{"Dur\u00e9e de lecture estim\u00e9e":"2 minutes"},"schema":{"@context":"https:\/\/schema.org","@graph":[{"@type":"WebPage","@id":"https:\/\/ciblemut.net\/cible\/hebergement\/","url":"https:\/\/ciblemut.net\/cible\/hebergement\/","name":"H\u00e9bergement - Ciblemut","isPartOf":{"@id":"https:\/\/ciblemut.net\/cible\/#website"},"primaryImageOfPage":{"@id":"https:\/\/ciblemut.net\/cible\/hebergement\/#primaryimage"},"image":{"@id":"https:\/\/ciblemut.net\/cible\/hebergement\/#primaryimage"},"thumbnailUrl":"https:\/\/www.ciblemut.net\/cible\/wp-content\/uploads\/2013\/03\/teaser_Equipement.jpg","datePublished":"2017-02-22T23:24:02+00:00","dateModified":"2019-11-28T19:39:21+00:00","breadcrumb":{"@id":"https:\/\/ciblemut.net\/cible\/hebergement\/#breadcrumb"},"inLanguage":"fr-FR","potentialAction":[{"@type":"ReadAction","target":["https:\/\/ciblemut.net\/cible\/hebergement\/"]}]},{"@type":"ImageObject","inLanguage":"fr-FR","@id":"https:\/\/ciblemut.net\/cible\/hebergement\/#primaryimage","url":"https:\/\/www.ciblemut.net\/cible\/wp-content\/uploads\/2013\/03\/teaser_Equipement.jpg","contentUrl":"https:\/\/www.ciblemut.net\/cible\/wp-content\/uploads\/2013\/03\/teaser_Equipement.jpg"},{"@type":"BreadcrumbList","@id":"https:\/\/ciblemut.net\/cible\/hebergement\/#breadcrumb","itemListElement":[{"@type":"ListItem","position":1,"name":"Accueil","item":"https:\/\/ciblemut.net\/cible\/"},{"@type":"ListItem","position":2,"name":"H\u00e9bergement"}]},{"@type":"WebSite","@id":"https:\/\/ciblemut.net\/cible\/#website","url":"https:\/\/ciblemut.net\/cible\/","name":"Ciblemut","description":"Viser la qualit\u00e9 de service","potentialAction":[{"@type":"SearchAction","target":{"@type":"EntryPoint","urlTemplate":"https:\/\/ciblemut.net\/cible\/?s={search_term_string}"},"query-input":{"@type":"PropertyValueSpecification","valueRequired":true,"valueName":"search_term_string"}}],"inLanguage":"fr-FR"}]}},"jetpack_sharing_enabled":true,"_links":{"self":[{"href":"https:\/\/ciblemut.net\/cible\/wp-json\/wp\/v2\/pages\/1899","targetHints":{"allow":["GET"]}}],"collection":[{"href":"https:\/\/ciblemut.net\/cible\/wp-json\/wp\/v2\/pages"}],"about":[{"href":"https:\/\/ciblemut.net\/cible\/wp-json\/wp\/v2\/types\/page"}],"author":[{"embeddable":true,"href":"https:\/\/ciblemut.net\/cible\/wp-json\/wp\/v2\/users\/1"}],"replies":[{"embeddable":true,"href":"https:\/\/ciblemut.net\/cible\/wp-json\/wp\/v2\/comments?post=1899"}],"version-history":[{"count":0,"href":"https:\/\/ciblemut.net\/cible\/wp-json\/wp\/v2\/pages\/1899\/revisions"}],"wp:attachment":[{"href":"https:\/\/ciblemut.net\/cible\/wp-json\/wp\/v2\/media?parent=1899"}],"curies":[{"name":"wp","href":"https:\/\/api.w.org\/{rel}","templated":true}]}}