{"id":1694,"date":"2017-02-21T12:22:33","date_gmt":"2017-02-21T11:22:33","guid":{"rendered":"https:\/\/www.ciblemut.net\/cible\/?page_id=1694"},"modified":"2019-11-25T19:24:42","modified_gmt":"2019-11-25T18:24:42","slug":"a-propos-colaboration","status":"publish","type":"page","link":"https:\/\/ciblemut.net\/cible\/a-propos-colaboration\/","title":{"rendered":"A-Propos &#8211; Collaboration"},"content":{"rendered":"<!--themify_builder_content-->\n<div id=\"themify_builder_content-1694\" data-postid=\"1694\" class=\"themify_builder_content themify_builder_content-1694 themify_builder tf_clear\">\n                    <div  data-lazy=\"1\" class=\"module_row themify_builder_row tb_loea709 tb_first tf_w\">\n            <span  class=\"builder_row_cover tf_abs\" data-lazy=\"1\"><\/span>            <div class=\"row_inner col_align_top tb_col_count_1 tf_box tf_rel\">\n                        <div  data-lazy=\"1\" class=\"module_column tb-column col-full  tb_36q5776 first\">\n                    <!-- module text -->\n<div  class=\"module module-text tb_qepx777   \" data-lazy=\"1\">\n        <div  class=\"tb_text_wrap\">\n        <h1 style=\"margin-bottom: 0;\">A propos de nous<\/h1><h5>Ciblemut, votre partenaire et conseil pour votre solution informatique Mutuelle Sant\u00e9<\/h5>    <\/div>\n<\/div>\n<!-- \/module text -->        <\/div>\n                        <\/div>\n        <\/div>\n                        <div  data-lazy=\"1\" class=\"module_row themify_builder_row tb_7jd3107 tf_w\">\n                        <div class=\"row_inner col_align_top tb_col_count_1 tf_box tf_rel\">\n                        <div  data-lazy=\"1\" class=\"module_column tb-column col-full  tb_6w8i777 first\">\n                    <!-- module text -->\n<div  class=\"module module-text tb_nawg077   \" data-lazy=\"1\">\n        <div  class=\"tb_text_wrap\">\n        <h2>Notre fa\u00e7on de travailler<\/h2><p><\/p>    <\/div>\n<\/div>\n<!-- \/module text --><!-- module divider -->\n<div  class=\"module tf_mw module-divider tb_bjwr077 solid   \" style=\"border-width: 1px;border-color: #dddddd;\" data-lazy=\"1\">\n    <\/div>\n<!-- \/module divider -->\n        <div  data-lazy=\"1\" class=\"module_subrow themify_builder_sub_row tf_w col_align_top tb_col_count_2 tb_omom007\">\n                <div  data-lazy=\"1\" class=\"module_column sub_column col4-2  tb_mmnj080 first\">\n                    <!-- module text -->\n<div  class=\"module module-text tb_ao0n082   \" data-lazy=\"1\">\n        <div  class=\"tb_text_wrap\">\n        <div style=\"color: #32c7d4;\"><sup>01<\/sup><\/div>\n<h3>Partenariat<\/h3>\n    <\/div>\n<\/div>\n<!-- \/module text -->        <\/div>\n                    <div  data-lazy=\"1\" class=\"module_column sub_column col4-2  tb_lqvn970 last\">\n                    <!-- module text -->\n<div  class=\"module module-text tb_dk9s500   \" data-lazy=\"1\">\n        <div  class=\"tb_text_wrap\">\n        <p>Avant tout nous consid\u00e9rons les relations avec nos clients comme un partenariat. Ensemble nous entretenons une relation gagnant-gagnant bas\u00e9e sur une confiance mutuelle<\/p>    <\/div>\n<\/div>\n<!-- \/module text -->        <\/div>\n                    <\/div>\n        <!-- module divider -->\n<div  class=\"module tf_mw module-divider tb_i5av700 solid   \" style=\"border-width: 1px;border-color: #dddddd;\" data-lazy=\"1\">\n    <\/div>\n<!-- \/module divider -->\n        <div  data-lazy=\"1\" class=\"module_subrow themify_builder_sub_row tf_w col_align_top tb_col_count_2 tb_gzmh774\">\n                <div  data-lazy=\"1\" class=\"module_column sub_column col4-2  tb_spd4057 first\">\n                    <!-- module text -->\n<div  class=\"module module-text tb_w7bz777   \" data-lazy=\"1\">\n        <div  class=\"tb_text_wrap\">\n        <div style=\"color: #32c7d4;\"><sup>02<\/sup><\/div><h3>Collaboration<\/h3>    <\/div>\n<\/div>\n<!-- \/module text -->        <\/div>\n                    <div  data-lazy=\"1\" class=\"module_column sub_column col4-2  tb_5pdd878 last\">\n                    <!-- module text -->\n<div  class=\"module module-text tb_srtz700   \" data-lazy=\"1\">\n        <div  class=\"tb_text_wrap\">\n        <p>Notre logiciel est en constante \u00e9volution. Gr\u00e2ce \u00e0 nos exp\u00e9riences communes il acquiert jours apr\u00e8s jours les fonctionnalit\u00e9s dont vous avez besoin.\u00a0<\/p>    <\/div>\n<\/div>\n<!-- \/module text -->        <\/div>\n                    <\/div>\n        <!-- module divider -->\n<div  class=\"module tf_mw module-divider tb_j8q2081 solid   \" style=\"border-width: 1px;border-color: #dddddd;\" data-lazy=\"1\">\n    <\/div>\n<!-- \/module divider -->\n        <div  data-lazy=\"1\" class=\"module_subrow themify_builder_sub_row tf_w col_align_top tb_col_count_2 tb_kj36707\">\n                <div  data-lazy=\"1\" class=\"module_column sub_column col4-2  tb_p75k800 first\">\n                    <!-- module text -->\n<div  class=\"module module-text tb_wcde000   \" data-lazy=\"1\">\n        <div  class=\"tb_text_wrap\">\n        <div style=\"color: #32c7d4;\"><sup>03<\/sup><\/div>\n<h3>R\u00e9sultats<\/h3>\n    <\/div>\n<\/div>\n<!-- \/module text --><!-- module image -->\n<div  class=\"module module-image tb_0s0a170 image-overlay    tf_mw\" data-lazy=\"1\">\n        <div class=\"image-wrap tf_rel tf_mw\">\n            <img loading=\"lazy\" decoding=\"async\" src=\"https:\/\/www.ciblemut.net\/cible\/wp-content\/uploads\/2017\/02\/conseil-6a58623c09.png\" width=\"251\" height=\"251\" title=\"A-Propos &#8211; Collaboration\" alt=\"A-Propos &#8211; Collaboration\">    \n    \n                <\/div>\n        <!-- \/image-wrap -->\n    <\/div>\n<!-- \/module image -->        <\/div>\n                    <div  data-lazy=\"1\" class=\"module_column sub_column col4-2  tb_51og777 last\">\n                    <!-- module text -->\n<div  class=\"module module-text tb_iezy710   \" data-lazy=\"1\">\n        <div  class=\"tb_text_wrap\">\n        <p><strong>Ils sont l\u00e0 !<\/strong><br\/>\n<ul>\n<li>Gain de temps<\/li>\n<li>Gain en productivit\u00e9<\/li>\n<li>R\u00e9duction des co\u00fbts de fonctionnement<\/li>\n<li>R\u00e9alisation rapide de vos nouveaux besoins<\/li>\n<li>Et plus encore !<\/li>\n<\/ul><\/p>    <\/div>\n<\/div>\n<!-- \/module text -->        <\/div>\n                    <\/div>\n                <\/div>\n                        <\/div>\n        <\/div>\n                        <div  data-lazy=\"1\" class=\"module_row themify_builder_row tb_nuna617 tf_w\">\n                        <div class=\"row_inner col_align_top tb_col_count_1 tf_box tf_rel\">\n                        <div  data-lazy=\"1\" class=\"module_column tb-column col-full   tb_gf96220 first\">\n                            <div  data-lazy=\"1\" class=\"module_subrow themify_builder_sub_row tf_w col_align_top tb_col_count_3 tb_f6za977\">\n                <div  data-lazy=\"1\" class=\"module_column sub_column col3-1  tb_zmj8106 first\">\n                            <\/div>\n                    <div  data-lazy=\"1\" class=\"module_column sub_column col3-1 tb_tuv6700\">\n                    <!-- module video -->\n<div  class=\"module module-video tb_1rc7570 video-overlay  \" data-lazy=\"1\">\n                    <div class=\"video-wrap-outer\">\n            <div class=\"video-wrap tf_rel tf_overflow tf_local_video\">\n                \n                    \n                    <div style=\"width: 640px;\" class=\"wp-video\"><video class=\"wp-video-shortcode\" id=\"video-1694-1\" width=\"640\" height=\"360\" preload=\"metadata\" controls=\"controls\"><source type=\"video\/mp4\" src=\"https:\/\/www.ciblemut.net\/cible\/wp-content\/uploads\/2017\/02\/Suite-logicielle.mp4?_=1\" \/><a href=\"https:\/\/www.ciblemut.net\/cible\/wp-content\/uploads\/2017\/02\/Suite-logicielle.mp4\">https:\/\/www.ciblemut.net\/cible\/wp-content\/uploads\/2017\/02\/Suite-logicielle.mp4<\/a><\/video><\/div>\n                    \n                                <\/div>\n            <!-- \/video-wrap -->\n        <\/div>\n        <!-- \/video-wrap-outer -->\n            <\/div>\n        <\/div>\n                    <div  data-lazy=\"1\" class=\"module_column sub_column col3-1  tb_k20p511 last\">\n                            <\/div>\n                    <\/div>\n                <\/div>\n                        <\/div>\n        <\/div>\n                        <div  data-lazy=\"1\" class=\"module_row themify_builder_row tb_nuwd007 tf_w\">\n            <span  class=\"builder_row_cover tf_abs\" data-lazy=\"1\"><\/span>            <div class=\"row_inner col_align_top tb_col_count_1 tf_box tf_rel\">\n                        <div  data-lazy=\"1\" class=\"module_column tb-column col-full  tb_o5y7180 first\">\n                    <!-- module text -->\n<div  class=\"module module-text tb_vj1n508   \" data-lazy=\"1\">\n        <div  class=\"tb_text_wrap\">\n        <h2>Discutons de votre projet !<\/h2>    <\/div>\n<\/div>\n<!-- \/module text --><!-- module buttons -->\n<div  class=\"module module-buttons tb_n6ex107 buttons-horizontal outline \" data-lazy=\"1\">\n        <div class=\"module-buttons-item tf_in_flx\">\n                        <a href=\"https:\/\/www.ciblemut.net\/cible\/contact\/\" class=\"ui builder_button tf_in_flx tb_default_color\" >\n                                                Contactez nous                                        <\/a>\n                <\/div>\n            <\/div>\n<!-- \/module buttons -->\n        <\/div>\n                        <\/div>\n        <\/div>\n        <\/div>\n<!--\/themify_builder_content-->","protected":false},"excerpt":{"rendered":"<p>A propos de nous Ciblemut, votre partenaire et conseil pour votre solution informatique Mutuelle Sant\u00e9 Notre fa\u00e7on de travailler 01 Partenariat Avant tout nous consid\u00e9rons les relations avec nos clients comme un partenariat. Ensemble nous entretenons une relation gagnant-gagnant bas\u00e9e sur une confiance mutuelle 02 Collaboration Notre logiciel est en constante \u00e9volution. Gr\u00e2ce \u00e0 nos [&hellip;]<\/p>\n","protected":false},"author":1,"featured_media":0,"parent":0,"menu_order":0,"comment_status":"closed","ping_status":"closed","template":"","meta":{"jetpack_post_was_ever_published":false,"footnotes":""},"class_list":["post-1694","page","type-page","status-publish","hentry","has-post-title","has-post-date","has-post-category","has-post-tag","has-post-comment","has-post-author",""],"yoast_head":"<!-- This site is optimized with the Yoast SEO plugin v27.1 - https:\/\/yoast.com\/product\/yoast-seo-wordpress\/ -->\n<title>A-Propos - Collaboration - Ciblemut<\/title>\n<meta name=\"robots\" content=\"index, follow, max-snippet:-1, max-image-preview:large, max-video-preview:-1\" \/>\n<link rel=\"canonical\" href=\"https:\/\/ciblemut.net\/cible\/a-propos-colaboration\/\" \/>\n<meta property=\"og:locale\" content=\"fr_FR\" \/>\n<meta property=\"og:type\" content=\"article\" \/>\n<meta property=\"og:title\" content=\"A-Propos - Collaboration - Ciblemut\" \/>\n<meta property=\"og:description\" content=\"A propos de nous Ciblemut, votre partenaire et conseil pour votre solution informatique Mutuelle Sant\u00e9 Notre fa\u00e7on de travailler 01 Partenariat Avant tout nous consid\u00e9rons les relations avec nos clients comme un partenariat. Ensemble nous entretenons une relation gagnant-gagnant bas\u00e9e sur une confiance mutuelle 02 Collaboration Notre logiciel est en constante \u00e9volution. Gr\u00e2ce \u00e0 nos [&hellip;]\" \/>\n<meta property=\"og:url\" content=\"https:\/\/ciblemut.net\/cible\/a-propos-colaboration\/\" \/>\n<meta property=\"og:site_name\" content=\"Ciblemut\" \/>\n<meta property=\"article:publisher\" content=\"https:\/\/www.facebook.com\/pages\/Ciblemut\/432850306794632\" \/>\n<meta property=\"article:modified_time\" content=\"2019-11-25T18:24:42+00:00\" \/>\n<meta property=\"og:image\" content=\"https:\/\/www.ciblemut.net\/cible\/wp-content\/uploads\/2017\/02\/conseil-6a58623c09.png\" \/>\n<meta name=\"twitter:label1\" content=\"Dur\u00e9e de lecture estim\u00e9e\" \/>\n\t<meta name=\"twitter:data1\" content=\"1 minute\" \/>\n<script type=\"application\/ld+json\" class=\"yoast-schema-graph\">{\"@context\":\"https:\/\/schema.org\",\"@graph\":[{\"@type\":\"WebPage\",\"@id\":\"https:\/\/ciblemut.net\/cible\/a-propos-colaboration\/\",\"url\":\"https:\/\/ciblemut.net\/cible\/a-propos-colaboration\/\",\"name\":\"A-Propos - Collaboration - Ciblemut\",\"isPartOf\":{\"@id\":\"https:\/\/ciblemut.net\/cible\/#website\"},\"primaryImageOfPage\":{\"@id\":\"https:\/\/ciblemut.net\/cible\/a-propos-colaboration\/#primaryimage\"},\"image\":{\"@id\":\"https:\/\/ciblemut.net\/cible\/a-propos-colaboration\/#primaryimage\"},\"thumbnailUrl\":\"https:\/\/www.ciblemut.net\/cible\/wp-content\/uploads\/2017\/02\/conseil-6a58623c09.png\",\"datePublished\":\"2017-02-21T11:22:33+00:00\",\"dateModified\":\"2019-11-25T18:24:42+00:00\",\"breadcrumb\":{\"@id\":\"https:\/\/ciblemut.net\/cible\/a-propos-colaboration\/#breadcrumb\"},\"inLanguage\":\"fr-FR\",\"potentialAction\":[{\"@type\":\"ReadAction\",\"target\":[\"https:\/\/ciblemut.net\/cible\/a-propos-colaboration\/\"]}]},{\"@type\":\"ImageObject\",\"inLanguage\":\"fr-FR\",\"@id\":\"https:\/\/ciblemut.net\/cible\/a-propos-colaboration\/#primaryimage\",\"url\":\"https:\/\/www.ciblemut.net\/cible\/wp-content\/uploads\/2017\/02\/conseil-6a58623c09.png\",\"contentUrl\":\"https:\/\/www.ciblemut.net\/cible\/wp-content\/uploads\/2017\/02\/conseil-6a58623c09.png\"},{\"@type\":\"BreadcrumbList\",\"@id\":\"https:\/\/ciblemut.net\/cible\/a-propos-colaboration\/#breadcrumb\",\"itemListElement\":[{\"@type\":\"ListItem\",\"position\":1,\"name\":\"Accueil\",\"item\":\"https:\/\/ciblemut.net\/cible\/\"},{\"@type\":\"ListItem\",\"position\":2,\"name\":\"A-Propos &#8211; Collaboration\"}]},{\"@type\":\"WebSite\",\"@id\":\"https:\/\/ciblemut.net\/cible\/#website\",\"url\":\"https:\/\/ciblemut.net\/cible\/\",\"name\":\"Ciblemut\",\"description\":\"Viser la qualit\u00e9 de service\",\"potentialAction\":[{\"@type\":\"SearchAction\",\"target\":{\"@type\":\"EntryPoint\",\"urlTemplate\":\"https:\/\/ciblemut.net\/cible\/?s={search_term_string}\"},\"query-input\":{\"@type\":\"PropertyValueSpecification\",\"valueRequired\":true,\"valueName\":\"search_term_string\"}}],\"inLanguage\":\"fr-FR\"}]}<\/script>\n<!-- \/ Yoast SEO plugin. -->","yoast_head_json":{"title":"A-Propos - Collaboration - Ciblemut","robots":{"index":"index","follow":"follow","max-snippet":"max-snippet:-1","max-image-preview":"max-image-preview:large","max-video-preview":"max-video-preview:-1"},"canonical":"https:\/\/ciblemut.net\/cible\/a-propos-colaboration\/","og_locale":"fr_FR","og_type":"article","og_title":"A-Propos - Collaboration - Ciblemut","og_description":"A propos de nous Ciblemut, votre partenaire et conseil pour votre solution informatique Mutuelle Sant\u00e9 Notre fa\u00e7on de travailler 01 Partenariat Avant tout nous consid\u00e9rons les relations avec nos clients comme un partenariat. Ensemble nous entretenons une relation gagnant-gagnant bas\u00e9e sur une confiance mutuelle 02 Collaboration Notre logiciel est en constante \u00e9volution. Gr\u00e2ce \u00e0 nos [&hellip;]","og_url":"https:\/\/ciblemut.net\/cible\/a-propos-colaboration\/","og_site_name":"Ciblemut","article_publisher":"https:\/\/www.facebook.com\/pages\/Ciblemut\/432850306794632","article_modified_time":"2019-11-25T18:24:42+00:00","og_image":[{"url":"https:\/\/www.ciblemut.net\/cible\/wp-content\/uploads\/2017\/02\/conseil-6a58623c09.png","type":"","width":"","height":""}],"twitter_misc":{"Dur\u00e9e de lecture estim\u00e9e":"1 minute"},"schema":{"@context":"https:\/\/schema.org","@graph":[{"@type":"WebPage","@id":"https:\/\/ciblemut.net\/cible\/a-propos-colaboration\/","url":"https:\/\/ciblemut.net\/cible\/a-propos-colaboration\/","name":"A-Propos - Collaboration - Ciblemut","isPartOf":{"@id":"https:\/\/ciblemut.net\/cible\/#website"},"primaryImageOfPage":{"@id":"https:\/\/ciblemut.net\/cible\/a-propos-colaboration\/#primaryimage"},"image":{"@id":"https:\/\/ciblemut.net\/cible\/a-propos-colaboration\/#primaryimage"},"thumbnailUrl":"https:\/\/www.ciblemut.net\/cible\/wp-content\/uploads\/2017\/02\/conseil-6a58623c09.png","datePublished":"2017-02-21T11:22:33+00:00","dateModified":"2019-11-25T18:24:42+00:00","breadcrumb":{"@id":"https:\/\/ciblemut.net\/cible\/a-propos-colaboration\/#breadcrumb"},"inLanguage":"fr-FR","potentialAction":[{"@type":"ReadAction","target":["https:\/\/ciblemut.net\/cible\/a-propos-colaboration\/"]}]},{"@type":"ImageObject","inLanguage":"fr-FR","@id":"https:\/\/ciblemut.net\/cible\/a-propos-colaboration\/#primaryimage","url":"https:\/\/www.ciblemut.net\/cible\/wp-content\/uploads\/2017\/02\/conseil-6a58623c09.png","contentUrl":"https:\/\/www.ciblemut.net\/cible\/wp-content\/uploads\/2017\/02\/conseil-6a58623c09.png"},{"@type":"BreadcrumbList","@id":"https:\/\/ciblemut.net\/cible\/a-propos-colaboration\/#breadcrumb","itemListElement":[{"@type":"ListItem","position":1,"name":"Accueil","item":"https:\/\/ciblemut.net\/cible\/"},{"@type":"ListItem","position":2,"name":"A-Propos &#8211; Collaboration"}]},{"@type":"WebSite","@id":"https:\/\/ciblemut.net\/cible\/#website","url":"https:\/\/ciblemut.net\/cible\/","name":"Ciblemut","description":"Viser la qualit\u00e9 de service","potentialAction":[{"@type":"SearchAction","target":{"@type":"EntryPoint","urlTemplate":"https:\/\/ciblemut.net\/cible\/?s={search_term_string}"},"query-input":{"@type":"PropertyValueSpecification","valueRequired":true,"valueName":"search_term_string"}}],"inLanguage":"fr-FR"}]}},"jetpack_sharing_enabled":false,"_links":{"self":[{"href":"https:\/\/ciblemut.net\/cible\/wp-json\/wp\/v2\/pages\/1694","targetHints":{"allow":["GET"]}}],"collection":[{"href":"https:\/\/ciblemut.net\/cible\/wp-json\/wp\/v2\/pages"}],"about":[{"href":"https:\/\/ciblemut.net\/cible\/wp-json\/wp\/v2\/types\/page"}],"author":[{"embeddable":true,"href":"https:\/\/ciblemut.net\/cible\/wp-json\/wp\/v2\/users\/1"}],"replies":[{"embeddable":true,"href":"https:\/\/ciblemut.net\/cible\/wp-json\/wp\/v2\/comments?post=1694"}],"version-history":[{"count":0,"href":"https:\/\/ciblemut.net\/cible\/wp-json\/wp\/v2\/pages\/1694\/revisions"}],"wp:attachment":[{"href":"https:\/\/ciblemut.net\/cible\/wp-json\/wp\/v2\/media?parent=1694"}],"curies":[{"name":"wp","href":"https:\/\/api.w.org\/{rel}","templated":true}]}}