{"id":1690,"date":"2017-02-21T12:20:16","date_gmt":"2017-02-21T11:20:16","guid":{"rendered":"https:\/\/www.ciblemut.net\/cible\/?page_id=1690"},"modified":"2019-11-25T17:57:26","modified_gmt":"2019-11-25T16:57:26","slug":"a-propos-service","status":"publish","type":"page","link":"https:\/\/ciblemut.net\/cible\/a-propos-service\/","title":{"rendered":"A-Propos &#8211; Service"},"content":{"rendered":"<!--themify_builder_content-->\n<div id=\"themify_builder_content-1690\" data-postid=\"1690\" class=\"themify_builder_content themify_builder_content-1690 themify_builder tf_clear\">\n                    <div  data-lazy=\"1\" class=\"module_row themify_builder_row tb_zuu9037 tb_first tf_w\">\n            <span  class=\"builder_row_cover tf_abs\" data-lazy=\"1\"><\/span>            <div class=\"row_inner col_align_top tb_col_count_1 tf_box tf_rel\">\n                        <div  data-lazy=\"1\" class=\"module_column tb-column col-full  tb_62u2070 first\">\n                    <!-- module text -->\n<div  class=\"module module-text tb_nmfm304   \" data-lazy=\"1\">\n        <div  class=\"tb_text_wrap\">\n        <h1 style=\"margin-bottom: 0;\">A propos de nous<\/h1><h5>Ciblemut, votre partenaire et conseil pour votre solution informatique Mutuelle Sant\u00e9<\/h5>    <\/div>\n<\/div>\n<!-- \/module text -->        <\/div>\n                        <\/div>\n        <\/div>\n                        <div  data-lazy=\"1\" class=\"module_row themify_builder_row tb_wbnc037 tf_w\">\n                        <div class=\"row_inner col_align_top tb_col_count_1 tf_box tf_rel\">\n                        <div  data-lazy=\"1\" class=\"module_column tb-column col-full  tb_h2m6000 first\">\n                    <!-- module text -->\n<div  class=\"module module-text tb_j8cg080   \" data-lazy=\"1\">\n        <div  class=\"tb_text_wrap\">\n        <h2>Nos Services<\/h2>\n<p>Nous offrons un large panel de services pour la Mutuelle Sant\u00e9 et ses diff\u00e9rents p\u00f4les.<br \/>     <\/div>\n<\/div>\n<!-- \/module text -->        <div  data-lazy=\"1\" class=\"module_subrow themify_builder_sub_row tf_w gutter-none col_align_top tb_col_count_2 tb_tf17700\">\n                <div  data-lazy=\"1\" class=\"module_column sub_column col4-2  tb_t35f077 first\">\n                    <!-- module feature -->\n<div  class=\"module module-feature tb_ylr5300 with-chart layout-icon-left size-small  wow\" data-tf-animation=\"bounceInLeft\" data-layout-mobile=\"icon-top\" data-layout-desktop=\"icon-left\" data-lazy=\"1\">\n        <div class=\"module-feature-image tf_textc tf_rel\">\n                            <span class=\"module-feature-chart-html5 tf_box tf_rel tf_inline_b\">\n                                    <svg class=\"tf_abs tf_w tf_h\">\n                    <circle class=\"tb_feature_fill\" r=\"calc(50% - 1.00px)\" cx=\"50%\" cy=\"50%\" stroke-width=\"2\"\/>\n                    <circle class=\"tb_feature_stroke\" r=\"calc(50% - 1.00px)\" cx=\"50%\" cy=\"50%\" stroke=\"#67a0fc\" stroke-width=\"2\" data-progress=\"100\" stroke-dasharray=\"0,10000\"\/>\n                                        <\/svg>\n                                <span class=\"chart-html5-circle tf_w tf_h\">\n                                            <em class=\"module-feature-icon tf_rel\" style=\"color:#000000\"><svg  class=\"tf_fa tf-fas-users\" aria-hidden=\"true\"><use href=\"#tf-fas-users\"><\/use><\/svg><\/em>\n                                    <\/span>\n\n                \n            <\/span>\n                <\/div>\n    <div class=\"module-feature-content tf_textc\">\n                    <h3 class=\"module-feature-title\">\n                            \u00c9QUIPE.                        <\/h3>\n                    <div class=\"tb_text_wrap\">\n            <p>Que ce soit dans le monde des Mutuelles ou autre, parlez nous de vos projets et r\u00e9alisons les ensemble !<\/p>        <\/div>\n    <\/div>\n<\/div>\n<!-- \/module feature -->\n        <\/div>\n                    <div  data-lazy=\"1\" class=\"module_column sub_column col4-2  tb_r1x0660 last\">\n                    <!-- module feature -->\n<div  class=\"module module-feature tb_rn6b120 with-chart layout-icon-left size-small  wow\" data-tf-animation=\"bounceInRight\" data-layout-mobile=\"icon-top\" data-layout-desktop=\"icon-left\" data-lazy=\"1\">\n        <div class=\"module-feature-image tf_textc tf_rel\">\n                            <span class=\"module-feature-chart-html5 tf_box tf_rel tf_inline_b\">\n                                    <svg class=\"tf_abs tf_w tf_h\">\n                    <circle class=\"tb_feature_fill\" r=\"calc(50% - 1.00px)\" cx=\"50%\" cy=\"50%\" stroke-width=\"2\"\/>\n                    <circle class=\"tb_feature_stroke\" r=\"calc(50% - 1.00px)\" cx=\"50%\" cy=\"50%\" stroke=\"#67a0fc\" stroke-width=\"2\" data-progress=\"100\" stroke-dasharray=\"0,10000\"\/>\n                                        <\/svg>\n                                <span class=\"chart-html5-circle tf_w tf_h\">\n                                            <em class=\"module-feature-icon tf_rel\" style=\"color:#000000\"><svg  class=\"tf_fa tf-fas-sliders\" aria-hidden=\"true\"><use href=\"#tf-fas-sliders\"><\/use><\/svg><\/em>\n                                    <\/span>\n\n                \n            <\/span>\n                <\/div>\n    <div class=\"module-feature-content tf_textc\">\n                    <h3 class=\"module-feature-title\">\n                            COMP\u00c9TENCES.                        <\/h3>\n                    <div class=\"tb_text_wrap\">\n            <p>DBA, conseil, int\u00e9gration de SI, sauvegarde d\u00e9port\u00e9e, nous avons les comp\u00e9tences pour r\u00e9pondre \u00e0 vos besoins.<\/p>        <\/div>\n    <\/div>\n<\/div>\n<!-- \/module feature -->\n        <\/div>\n                    <\/div>\n                <div  data-lazy=\"1\" class=\"module_subrow themify_builder_sub_row tf_w gutter-none col_align_top tb_col_count_2 tb_avit838\">\n                <div  data-lazy=\"1\" class=\"module_column sub_column col4-2  tb_km88580 first\">\n                    <!-- module feature -->\n<div  class=\"module module-feature tb_2jvj373 with-chart layout-icon-left size-small  wow\" data-tf-animation=\"bounceInLeft\" data-layout-mobile=\"icon-top\" data-layout-desktop=\"icon-left\" data-lazy=\"1\">\n        <div class=\"module-feature-image tf_textc tf_rel\">\n                            <span class=\"module-feature-chart-html5 tf_box tf_rel tf_inline_b\">\n                                    <svg class=\"tf_abs tf_w tf_h\">\n                    <circle class=\"tb_feature_fill\" r=\"calc(50% - 1.00px)\" cx=\"50%\" cy=\"50%\" stroke-width=\"2\"\/>\n                    <circle class=\"tb_feature_stroke\" r=\"calc(50% - 1.00px)\" cx=\"50%\" cy=\"50%\" stroke=\"#67a0fc\" stroke-width=\"2\" data-progress=\"100\" stroke-dasharray=\"0,10000\"\/>\n                                        <\/svg>\n                                <span class=\"chart-html5-circle tf_w tf_h\">\n                                            <em class=\"module-feature-icon tf_rel\" style=\"color:#000000\"><svg  class=\"tf_fa tf-fas-university\" aria-hidden=\"true\"><use href=\"#tf-fas-university\"><\/use><\/svg><\/em>\n                                    <\/span>\n\n                \n            <\/span>\n                <\/div>\n    <div class=\"module-feature-content tf_textc\">\n                    <h3 class=\"module-feature-title\">\n                            UNE VEILLE PERMANENTE.                        <\/h3>\n                    <div class=\"tb_text_wrap\">\n            <p>Nous restons \u00e0 l&rsquo;affut des nouvelles technologies et des \u00e9volutions m\u00e9tier.<\/p>        <\/div>\n    <\/div>\n<\/div>\n<!-- \/module feature -->\n        <\/div>\n                    <div  data-lazy=\"1\" class=\"module_column sub_column col4-2  tb_198i000 last\">\n                    <!-- module feature -->\n<div  class=\"module module-feature tb_5ri6388 with-chart layout-icon-left size-small  wow\" data-tf-animation=\"bounceInRight\" data-layout-mobile=\"icon-top\" data-layout-desktop=\"icon-left\" data-lazy=\"1\">\n        <div class=\"module-feature-image tf_textc tf_rel\">\n                            <span class=\"module-feature-chart-html5 tf_box tf_rel tf_inline_b\">\n                                    <svg class=\"tf_abs tf_w tf_h\">\n                    <circle class=\"tb_feature_fill\" r=\"calc(50% - 1.00px)\" cx=\"50%\" cy=\"50%\" stroke-width=\"2\"\/>\n                    <circle class=\"tb_feature_stroke\" r=\"calc(50% - 1.00px)\" cx=\"50%\" cy=\"50%\" stroke=\"#67a0fc\" stroke-width=\"2\" data-progress=\"100\" stroke-dasharray=\"0,10000\"\/>\n                                        <\/svg>\n                                <span class=\"chart-html5-circle tf_w tf_h\">\n                                            <em class=\"module-feature-icon tf_rel\" style=\"color:#000000\"><svg  class=\"tf_fa tf-far-check-square-o\" aria-hidden=\"true\"><use href=\"#tf-far-check-square-o\"><\/use><\/svg><\/em>\n                                    <\/span>\n\n                \n            <\/span>\n                <\/div>\n    <div class=\"module-feature-content tf_textc\">\n                    <h3 class=\"module-feature-title\">\n                            CONSEIL.                        <\/h3>\n                    <div class=\"tb_text_wrap\">\n            <p>Nos sp\u00e9cialistes sont l\u00e0 pour vous aider et vous conseiller dans vos choix afin d&rsquo;am\u00e9liorer votre syst\u00e8me informatique.<\/p>        <\/div>\n    <\/div>\n<\/div>\n<!-- \/module feature -->\n        <\/div>\n                    <\/div>\n                <div  data-lazy=\"1\" class=\"module_subrow themify_builder_sub_row tf_w gutter-none col_align_top tb_col_count_2 tb_rve2031\">\n                <div  data-lazy=\"1\" class=\"module_column sub_column col4-2  tb_xsup078 first\">\n                    <!-- module feature -->\n<div  class=\"module module-feature tb_3ozu040 with-chart layout-icon-left size-small  wow\" data-tf-animation=\"bounceInLeft\" data-layout-mobile=\"icon-top\" data-layout-desktop=\"icon-left\" data-lazy=\"1\">\n        <div class=\"module-feature-image tf_textc tf_rel\">\n                            <span class=\"module-feature-chart-html5 tf_box tf_rel tf_inline_b\">\n                                    <svg class=\"tf_abs tf_w tf_h\">\n                    <circle class=\"tb_feature_fill\" r=\"calc(50% - 1.00px)\" cx=\"50%\" cy=\"50%\" stroke-width=\"2\"\/>\n                    <circle class=\"tb_feature_stroke\" r=\"calc(50% - 1.00px)\" cx=\"50%\" cy=\"50%\" stroke=\"#67a0fc\" stroke-width=\"2\" data-progress=\"100\" stroke-dasharray=\"0,10000\"\/>\n                                        <\/svg>\n                                <span class=\"chart-html5-circle tf_w tf_h\">\n                                            <em class=\"module-feature-icon tf_rel\" style=\"color:#000000\"><svg  class=\"tf_fa tf-fas-cogs\" aria-hidden=\"true\"><use href=\"#tf-fas-cogs\"><\/use><\/svg><\/em>\n                                    <\/span>\n\n                \n            <\/span>\n                <\/div>\n    <div class=\"module-feature-content tf_textc\">\n                    <h3 class=\"module-feature-title\">\n                            TECHNOLOGIES.                        <\/h3>\n                    <div class=\"tb_text_wrap\">\n            <p>Concu avec les technologies actuelles (Web, Bureautique, GED, Cloud, &#8230;) et pens\u00e9 pour celles de demain.<\/p>        <\/div>\n    <\/div>\n<\/div>\n<!-- \/module feature -->\n        <\/div>\n                    <div  data-lazy=\"1\" class=\"module_column sub_column col4-2  tb_0sdw307 last\">\n                    <!-- module feature -->\n<div  class=\"module module-feature tb_d47v830 with-chart layout-icon-left size-small  wow\" data-tf-animation=\"bounceInRight\" data-layout-mobile=\"icon-top\" data-layout-desktop=\"icon-left\" data-lazy=\"1\">\n        <div class=\"module-feature-image tf_textc tf_rel\">\n                            <span class=\"module-feature-chart-html5 tf_box tf_rel tf_inline_b\">\n                                    <svg class=\"tf_abs tf_w tf_h\">\n                    <circle class=\"tb_feature_fill\" r=\"calc(50% - 1.00px)\" cx=\"50%\" cy=\"50%\" stroke-width=\"2\"\/>\n                    <circle class=\"tb_feature_stroke\" r=\"calc(50% - 1.00px)\" cx=\"50%\" cy=\"50%\" stroke=\"#67a0fc\" stroke-width=\"2\" data-progress=\"100\" stroke-dasharray=\"0,10000\"\/>\n                                        <\/svg>\n                                <span class=\"chart-html5-circle tf_w tf_h\">\n                                            <em class=\"module-feature-icon tf_rel\" style=\"color:#000000\"><svg  class=\"tf_fa tf-fas-commenting-o\" aria-hidden=\"true\"><use href=\"#tf-fas-commenting-o\"><\/use><\/svg><\/em>\n                                    <\/span>\n\n                \n            <\/span>\n                <\/div>\n    <div class=\"module-feature-content tf_textc\">\n                    <h3 class=\"module-feature-title\">\n                            RESTER EN CONTACT.                        <\/h3>\n                    <div class=\"tb_text_wrap\">\n            <p>Note \u00e9quipe est \u00e0 votre \u00e9coute pour r\u00e9pondre \u00e0 vos questions et aux probl\u00e8mes que vous pouvez rencontrer.<\/p>        <\/div>\n    <\/div>\n<\/div>\n<!-- \/module feature -->\n        <\/div>\n                    <\/div>\n                <\/div>\n                        <\/div>\n        <\/div>\n                        <div  data-lazy=\"1\" class=\"module_row themify_builder_row tb_ofdb448 tf_w\">\n            <span  class=\"builder_row_cover tf_abs\" data-lazy=\"1\"><\/span>            <div class=\"row_inner col_align_top tb_col_count_1 tf_box tf_rel\">\n                        <div  data-lazy=\"1\" class=\"module_column tb-column col-full  tb_q3gk700 first\">\n                    <!-- module text -->\n<div  class=\"module module-text tb_vuyl300   \" data-lazy=\"1\">\n        <div  class=\"tb_text_wrap\">\n        <h2>Discutons de votre projet !<\/h2>    <\/div>\n<\/div>\n<!-- \/module text --><!-- module buttons -->\n<div  class=\"module module-buttons tb_dfpg300 buttons-horizontal outline \" data-lazy=\"1\">\n        <div class=\"module-buttons-item tf_in_flx\">\n                        <a href=\"https:\/\/www.ciblemut.net\/cible\/contact\/\" class=\"ui builder_button tf_in_flx tb_default_color\" >\n                                                Contactez nous                                        <\/a>\n                <\/div>\n            <\/div>\n<!-- \/module buttons -->\n        <\/div>\n                        <\/div>\n        <\/div>\n        <\/div>\n<!--\/themify_builder_content-->","protected":false},"excerpt":{"rendered":"<p>A propos de nous Ciblemut, votre partenaire et conseil pour votre solution informatique Mutuelle Sant\u00e9 Nos Services Nous offrons un large panel de services pour la Mutuelle Sant\u00e9 et ses diff\u00e9rents p\u00f4les. \u00c9QUIPE. Que ce soit dans le monde des Mutuelles ou autre, parlez nous de vos projets et r\u00e9alisons les ensemble ! COMP\u00c9TENCES. DBA, [&hellip;]<\/p>\n","protected":false},"author":1,"featured_media":0,"parent":0,"menu_order":0,"comment_status":"closed","ping_status":"closed","template":"","meta":{"jetpack_post_was_ever_published":false,"footnotes":""},"class_list":["post-1690","page","type-page","status-publish","hentry","has-post-title","has-post-date","has-post-category","has-post-tag","has-post-comment","has-post-author",""],"yoast_head":"<!-- This site is optimized with the Yoast SEO plugin v27.1 - https:\/\/yoast.com\/product\/yoast-seo-wordpress\/ -->\n<title>A-Propos - Service - Ciblemut<\/title>\n<meta name=\"robots\" content=\"index, follow, max-snippet:-1, max-image-preview:large, max-video-preview:-1\" \/>\n<link rel=\"canonical\" href=\"https:\/\/ciblemut.net\/cible\/a-propos-service\/\" \/>\n<meta property=\"og:locale\" content=\"fr_FR\" \/>\n<meta property=\"og:type\" content=\"article\" \/>\n<meta property=\"og:title\" content=\"A-Propos - Service - Ciblemut\" \/>\n<meta property=\"og:description\" content=\"A propos de nous Ciblemut, votre partenaire et conseil pour votre solution informatique Mutuelle Sant\u00e9 Nos Services Nous offrons un large panel de services pour la Mutuelle Sant\u00e9 et ses diff\u00e9rents p\u00f4les. \u00c9QUIPE. Que ce soit dans le monde des Mutuelles ou autre, parlez nous de vos projets et r\u00e9alisons les ensemble ! COMP\u00c9TENCES. DBA, [&hellip;]\" \/>\n<meta property=\"og:url\" content=\"https:\/\/ciblemut.net\/cible\/a-propos-service\/\" \/>\n<meta property=\"og:site_name\" content=\"Ciblemut\" \/>\n<meta property=\"article:publisher\" content=\"https:\/\/www.facebook.com\/pages\/Ciblemut\/432850306794632\" \/>\n<meta property=\"article:modified_time\" content=\"2019-11-25T16:57:26+00:00\" \/>\n<meta name=\"twitter:label1\" content=\"Dur\u00e9e de lecture estim\u00e9e\" \/>\n\t<meta name=\"twitter:data1\" content=\"1 minute\" \/>\n<script type=\"application\/ld+json\" class=\"yoast-schema-graph\">{\"@context\":\"https:\/\/schema.org\",\"@graph\":[{\"@type\":\"WebPage\",\"@id\":\"https:\/\/ciblemut.net\/cible\/a-propos-service\/\",\"url\":\"https:\/\/ciblemut.net\/cible\/a-propos-service\/\",\"name\":\"A-Propos - Service - Ciblemut\",\"isPartOf\":{\"@id\":\"https:\/\/ciblemut.net\/cible\/#website\"},\"datePublished\":\"2017-02-21T11:20:16+00:00\",\"dateModified\":\"2019-11-25T16:57:26+00:00\",\"breadcrumb\":{\"@id\":\"https:\/\/ciblemut.net\/cible\/a-propos-service\/#breadcrumb\"},\"inLanguage\":\"fr-FR\",\"potentialAction\":[{\"@type\":\"ReadAction\",\"target\":[\"https:\/\/ciblemut.net\/cible\/a-propos-service\/\"]}]},{\"@type\":\"BreadcrumbList\",\"@id\":\"https:\/\/ciblemut.net\/cible\/a-propos-service\/#breadcrumb\",\"itemListElement\":[{\"@type\":\"ListItem\",\"position\":1,\"name\":\"Accueil\",\"item\":\"https:\/\/ciblemut.net\/cible\/\"},{\"@type\":\"ListItem\",\"position\":2,\"name\":\"A-Propos &#8211; Service\"}]},{\"@type\":\"WebSite\",\"@id\":\"https:\/\/ciblemut.net\/cible\/#website\",\"url\":\"https:\/\/ciblemut.net\/cible\/\",\"name\":\"Ciblemut\",\"description\":\"Viser la qualit\u00e9 de service\",\"potentialAction\":[{\"@type\":\"SearchAction\",\"target\":{\"@type\":\"EntryPoint\",\"urlTemplate\":\"https:\/\/ciblemut.net\/cible\/?s={search_term_string}\"},\"query-input\":{\"@type\":\"PropertyValueSpecification\",\"valueRequired\":true,\"valueName\":\"search_term_string\"}}],\"inLanguage\":\"fr-FR\"}]}<\/script>\n<!-- \/ Yoast SEO plugin. -->","yoast_head_json":{"title":"A-Propos - Service - Ciblemut","robots":{"index":"index","follow":"follow","max-snippet":"max-snippet:-1","max-image-preview":"max-image-preview:large","max-video-preview":"max-video-preview:-1"},"canonical":"https:\/\/ciblemut.net\/cible\/a-propos-service\/","og_locale":"fr_FR","og_type":"article","og_title":"A-Propos - Service - Ciblemut","og_description":"A propos de nous Ciblemut, votre partenaire et conseil pour votre solution informatique Mutuelle Sant\u00e9 Nos Services Nous offrons un large panel de services pour la Mutuelle Sant\u00e9 et ses diff\u00e9rents p\u00f4les. \u00c9QUIPE. Que ce soit dans le monde des Mutuelles ou autre, parlez nous de vos projets et r\u00e9alisons les ensemble ! COMP\u00c9TENCES. DBA, [&hellip;]","og_url":"https:\/\/ciblemut.net\/cible\/a-propos-service\/","og_site_name":"Ciblemut","article_publisher":"https:\/\/www.facebook.com\/pages\/Ciblemut\/432850306794632","article_modified_time":"2019-11-25T16:57:26+00:00","twitter_misc":{"Dur\u00e9e de lecture estim\u00e9e":"1 minute"},"schema":{"@context":"https:\/\/schema.org","@graph":[{"@type":"WebPage","@id":"https:\/\/ciblemut.net\/cible\/a-propos-service\/","url":"https:\/\/ciblemut.net\/cible\/a-propos-service\/","name":"A-Propos - Service - Ciblemut","isPartOf":{"@id":"https:\/\/ciblemut.net\/cible\/#website"},"datePublished":"2017-02-21T11:20:16+00:00","dateModified":"2019-11-25T16:57:26+00:00","breadcrumb":{"@id":"https:\/\/ciblemut.net\/cible\/a-propos-service\/#breadcrumb"},"inLanguage":"fr-FR","potentialAction":[{"@type":"ReadAction","target":["https:\/\/ciblemut.net\/cible\/a-propos-service\/"]}]},{"@type":"BreadcrumbList","@id":"https:\/\/ciblemut.net\/cible\/a-propos-service\/#breadcrumb","itemListElement":[{"@type":"ListItem","position":1,"name":"Accueil","item":"https:\/\/ciblemut.net\/cible\/"},{"@type":"ListItem","position":2,"name":"A-Propos &#8211; Service"}]},{"@type":"WebSite","@id":"https:\/\/ciblemut.net\/cible\/#website","url":"https:\/\/ciblemut.net\/cible\/","name":"Ciblemut","description":"Viser la qualit\u00e9 de service","potentialAction":[{"@type":"SearchAction","target":{"@type":"EntryPoint","urlTemplate":"https:\/\/ciblemut.net\/cible\/?s={search_term_string}"},"query-input":{"@type":"PropertyValueSpecification","valueRequired":true,"valueName":"search_term_string"}}],"inLanguage":"fr-FR"}]}},"jetpack_sharing_enabled":false,"_links":{"self":[{"href":"https:\/\/ciblemut.net\/cible\/wp-json\/wp\/v2\/pages\/1690","targetHints":{"allow":["GET"]}}],"collection":[{"href":"https:\/\/ciblemut.net\/cible\/wp-json\/wp\/v2\/pages"}],"about":[{"href":"https:\/\/ciblemut.net\/cible\/wp-json\/wp\/v2\/types\/page"}],"author":[{"embeddable":true,"href":"https:\/\/ciblemut.net\/cible\/wp-json\/wp\/v2\/users\/1"}],"replies":[{"embeddable":true,"href":"https:\/\/ciblemut.net\/cible\/wp-json\/wp\/v2\/comments?post=1690"}],"version-history":[{"count":0,"href":"https:\/\/ciblemut.net\/cible\/wp-json\/wp\/v2\/pages\/1690\/revisions"}],"wp:attachment":[{"href":"https:\/\/ciblemut.net\/cible\/wp-json\/wp\/v2\/media?parent=1690"}],"curies":[{"name":"wp","href":"https:\/\/api.w.org\/{rel}","templated":true}]}}