{"id":1686,"date":"2017-02-21T12:18:30","date_gmt":"2017-02-21T11:18:30","guid":{"rendered":"https:\/\/www.ciblemut.net\/cible\/?page_id=1686"},"modified":"2025-02-25T13:45:12","modified_gmt":"2025-02-25T12:45:12","slug":"a-propos-equipe","status":"publish","type":"page","link":"https:\/\/ciblemut.net\/cible\/a-propos-equipe\/","title":{"rendered":"A-Propos &#8211; Equipe"},"content":{"rendered":"<!--themify_builder_content-->\n<div id=\"themify_builder_content-1686\" data-postid=\"1686\" class=\"themify_builder_content themify_builder_content-1686 themify_builder tf_clear\">\n                    <div  data-lazy=\"1\" class=\"module_row themify_builder_row tb_pig5344 tb_first tf_w\">\n            <span  class=\"builder_row_cover tf_abs\" data-lazy=\"1\"><\/span>            <div class=\"row_inner col_align_top tb_col_count_1 tf_box tf_rel\">\n                        <div  data-lazy=\"1\" class=\"module_column tb-column col-full tb_950x348 first\">\n                    <!-- module text -->\n<div  class=\"module module-text tb_73s9348   \" data-lazy=\"1\">\n        <div  class=\"tb_text_wrap\">\n        <h1 style=\"margin-bottom: 0;\">A propos de nous<\/h1><h5>Ciblemut, votre partenaire et conseil pour votre solution informatique Mutuelle Sant\u00e9<\/h5>    <\/div>\n<\/div>\n<!-- \/module text -->        <\/div>\n                        <\/div>\n        <\/div>\n                        <div  data-lazy=\"1\" class=\"module_row themify_builder_row tb_terz344 tf_w\">\n                        <div class=\"row_inner col_align_top tb_col_count_1 tf_box tf_rel\">\n                        <div  data-lazy=\"1\" class=\"module_column tb-column col-full tb_yq18350 first\">\n                    <!-- module text -->\n<div  class=\"module module-text tb_mu5o350   \" data-lazy=\"1\">\n        <div  class=\"tb_text_wrap\">\n        <h2>L&rsquo;\u00e9quipe<\/h2><p>Ciblemut est une soci\u00e9t\u00e9 d&rsquo;informatique sp\u00e9cialis\u00e9e dans la gestion des Mutuelles Sant\u00e9, pr\u00e9voyance pour les individuels et les groupes collectifs. Notre cr\u00e9do \u00ab\u00a0Viser la qualit\u00e9 de service\u00a0\u00bb montre notre ambition : vous apporter tout ce qu&rsquo;il faut pour mener \u00e0 bien la gestion de votre Mutuelle Sant\u00e9, que ce soit au niveau technique, veille technologique, sauvegardes, conseil et pr\u00e9sentation de vos donn\u00e9es pour vos tableaux de bords ou conseils d&rsquo;administration. <\/p>\n<p>En bref, vous pouvez vous concentrer sur votre m\u00e9tier, nous nous occupons du reste pour que vous le fassiez le plus tranquillement possible !<\/p>    <\/div>\n<\/div>\n<!-- \/module text -->        <div  data-lazy=\"1\" class=\"module_subrow themify_builder_sub_row tf_w col_align_top tb_col_count_2 tb_y0gy822\">\n                <div  data-lazy=\"1\" class=\"module_column sub_column col4-2 tb_f5c9822 first\">\n                    <!-- module image -->\n<div  class=\"module module-image tb_shoa823 image-center rounded drop-shadow  tf_mw\" data-lazy=\"1\">\n        <div class=\"image-wrap tf_rel tf_mw\">\n            <img loading=\"lazy\" decoding=\"async\" src=\"https:\/\/www.ciblemut.net\/cible\/wp-content\/uploads\/2017\/02\/david-bw.jpg\" width=\"130\" height=\"130\" title=\"David L.\" alt=\"Co-Fondateur\">    \n        <\/div>\n    <!-- \/image-wrap -->\n    \n        <div class=\"image-content\">\n                    <h3 class=\"image-title\">\n                                    David L.                            <\/h3>\n                        <div class=\"image-caption tb_text_wrap\">\n            Co-Fondateur<br \/>        <\/div>\n        <!-- \/image-caption -->\n            <\/div>\n    <!-- \/image-content -->\n        <\/div>\n<!-- \/module image -->        <\/div>\n                    <div  data-lazy=\"1\" class=\"module_column sub_column col4-2 tb_9ig5823 last\">\n                    <!-- module image -->\n<div  class=\"module module-image tb_a8k1823 image-center rounded drop-shadow  tf_mw\" data-lazy=\"1\">\n        <div class=\"image-wrap tf_rel tf_mw\">\n            <img loading=\"lazy\" decoding=\"async\" src=\"https:\/\/www.ciblemut.net\/cible\/wp-content\/uploads\/2017\/05\/pyn-bw.jpg\" width=\"130\" height=\"130\" title=\"Pierre-Yves N.\" alt=\"Co-Fondateur\n&nbsp;\">    \n        <\/div>\n    <!-- \/image-wrap -->\n    \n        <div class=\"image-content\">\n                    <h3 class=\"image-title\">\n                                    Pierre-Yves N.                            <\/h3>\n                        <div class=\"image-caption tb_text_wrap\">\n            Co-Fondateur\n&nbsp;        <\/div>\n        <!-- \/image-caption -->\n            <\/div>\n    <!-- \/image-content -->\n        <\/div>\n<!-- \/module image -->        <\/div>\n                    <\/div>\n                <div  data-lazy=\"1\" class=\"module_subrow themify_builder_sub_row tf_w col_align_top tb_col_count_3 tb_ebo7494\">\n                <div  data-lazy=\"1\" class=\"module_column sub_column col3-1 tb_o0i4495 first\">\n                    <!-- module image -->\n<div  class=\"module module-image tb_3qll497 image-center rounded drop-shadow  tf_mw\" data-lazy=\"1\">\n        <div class=\"image-wrap tf_rel tf_mw\">\n            <img loading=\"lazy\" decoding=\"async\" src=\"https:\/\/www.ciblemut.net\/cible\/wp-content\/uploads\/2017\/02\/phidFredr.jpg\" width=\"130\" height=\"120\" title=\"Fr\u00e9d\u00e9ric R.\" alt=\"Ing\u00e9nieur \u00e9tudes et d\u00e9veloppement\">    \n        <\/div>\n    <!-- \/image-wrap -->\n    \n        <div class=\"image-content\">\n                    <h3 class=\"image-title\">\n                                    Fr\u00e9d\u00e9ric R.                            <\/h3>\n                        <div class=\"image-caption tb_text_wrap\">\n            Ing\u00e9nieur \u00e9tudes et d\u00e9veloppement        <\/div>\n        <!-- \/image-caption -->\n            <\/div>\n    <!-- \/image-content -->\n        <\/div>\n<!-- \/module image -->        <\/div>\n                    <div  data-lazy=\"1\" class=\"module_column sub_column col3-1 tb_h3ui496\">\n                    <!-- module image -->\n<div  class=\"module module-image tb_l96t498 image-center rounded drop-shadow  tf_mw\" data-lazy=\"1\">\n        <div class=\"image-wrap tf_rel tf_mw\">\n            <img loading=\"lazy\" decoding=\"async\" src=\"https:\/\/www.ciblemut.net\/cible\/wp-content\/uploads\/2017\/02\/fredm.jpg\" width=\"130\" height=\"120\" title=\"Fr\u00e9d\u00e9ric M.\" alt=\"CTO\">    \n        <\/div>\n    <!-- \/image-wrap -->\n    \n        <div class=\"image-content\">\n                    <h3 class=\"image-title\">\n                                    Fr\u00e9d\u00e9ric M.                            <\/h3>\n                        <div class=\"image-caption tb_text_wrap\">\n            CTO        <\/div>\n        <!-- \/image-caption -->\n            <\/div>\n    <!-- \/image-content -->\n        <\/div>\n<!-- \/module image -->        <\/div>\n                    <div  data-lazy=\"1\" class=\"module_column sub_column col3-1 tb_qxt5497 last\">\n                    <!-- module image -->\n<div  class=\"module module-image tb_dm7p499 image-center rounded drop-shadow  tf_mw\" data-lazy=\"1\">\n        <div class=\"image-wrap tf_rel tf_mw\">\n            <img loading=\"lazy\" decoding=\"async\" src=\"https:\/\/www.ciblemut.net\/cible\/wp-content\/uploads\/2017\/03\/Alex.jpg\" width=\"130\" height=\"120\" title=\"Alexandre T.\" alt=\"Ing\u00e9nieur \u00e9tudes et d\u00e9veloppement\">    \n        <\/div>\n    <!-- \/image-wrap -->\n    \n        <div class=\"image-content\">\n                    <h3 class=\"image-title\">\n                                    Alexandre T.                            <\/h3>\n                        <div class=\"image-caption tb_text_wrap\">\n            Ing\u00e9nieur \u00e9tudes et d\u00e9veloppement        <\/div>\n        <!-- \/image-caption -->\n            <\/div>\n    <!-- \/image-content -->\n        <\/div>\n<!-- \/module image -->        <\/div>\n                    <\/div>\n                <div  data-lazy=\"1\" class=\"module_subrow themify_builder_sub_row tf_w col_align_top tb_col_count_3 tb_vg89932\">\n                <div  data-lazy=\"1\" class=\"module_column sub_column col3-1 tb_iw5e933 first\">\n                    <!-- module image -->\n<div  class=\"module module-image tb_o68n935 image-center rounded drop-shadow  tf_mw\" data-lazy=\"1\">\n        <div class=\"image-wrap tf_rel tf_mw\">\n            <img loading=\"lazy\" decoding=\"async\" src=\"https:\/\/ciblemut.net\/cible\/wp-content\/uploads\/2023\/03\/JeanClaude-130x120.jpg\" width=\"130\" height=\"120\" class=\"wp-post-image wp-image-2431\" title=\"Jean-Claude M.\" alt=\"D\u00e9veloppeur WEB Full-Stack\">    \n        <\/div>\n    <!-- \/image-wrap -->\n    \n        <div class=\"image-content\">\n                    <h3 class=\"image-title\">\n                                    Jean-Claude M.                            <\/h3>\n                        <div class=\"image-caption tb_text_wrap\">\n            D\u00e9veloppeur WEB Full-Stack        <\/div>\n        <!-- \/image-caption -->\n            <\/div>\n    <!-- \/image-content -->\n        <\/div>\n<!-- \/module image -->        <\/div>\n                    <div  data-lazy=\"1\" class=\"module_column sub_column col3-1 tb_kh1b934\">\n                    <!-- module image -->\n<div  class=\"module module-image tb_94yl652 image-center rounded drop-shadow  tf_mw\" data-lazy=\"1\">\n        <div class=\"image-wrap tf_rel tf_mw\">\n            <img loading=\"lazy\" decoding=\"async\" src=\"https:\/\/ciblemut.net\/cible\/wp-content\/uploads\/2024\/03\/Florian-bw-130x120.jpg\" width=\"130\" height=\"120\" class=\"wp-post-image wp-image-2449\" title=\"Florian T.\" alt=\"D\u00e9veloppeur WEB Full-Stack\">    \n        <\/div>\n    <!-- \/image-wrap -->\n    \n        <div class=\"image-content\">\n                    <h3 class=\"image-title\">\n                                    Florian T.                            <\/h3>\n                        <div class=\"image-caption tb_text_wrap\">\n            D\u00e9veloppeur WEB Full-Stack        <\/div>\n        <!-- \/image-caption -->\n            <\/div>\n    <!-- \/image-content -->\n        <\/div>\n<!-- \/module image -->        <\/div>\n                    <div  data-lazy=\"1\" class=\"module_column sub_column col3-1 tb_1677875 last\">\n                    <!-- module image -->\n<div  class=\"module module-image tb_d98v191 image-center rounded drop-shadow  tf_mw\" data-lazy=\"1\">\n        <div class=\"image-wrap tf_rel tf_mw\">\n            <img loading=\"lazy\" decoding=\"async\" src=\"https:\/\/ciblemut.net\/cible\/wp-content\/uploads\/2025\/02\/claire-bw-130x120.jpg\" width=\"130\" height=\"120\" class=\"wp-post-image wp-image-2488\" title=\"Claire M.\" alt=\"Designer UX\/UI\">    \n        <\/div>\n    <!-- \/image-wrap -->\n    \n        <div class=\"image-content\">\n                    <h3 class=\"image-title\">\n                                    Claire M.                            <\/h3>\n                        <div class=\"image-caption tb_text_wrap\">\n            Designer UX\/UI        <\/div>\n        <!-- \/image-caption -->\n            <\/div>\n    <!-- \/image-content -->\n        <\/div>\n<!-- \/module image -->        <\/div>\n                    <\/div>\n                <\/div>\n                        <\/div>\n        <\/div>\n                        <div  data-lazy=\"1\" class=\"module_row themify_builder_row tb_lgyj344 tf_w\">\n            <span  class=\"builder_row_cover tf_abs\" data-lazy=\"1\"><\/span>            <div class=\"row_inner col_align_top tb_col_count_1 tf_box tf_rel\">\n                        <div  data-lazy=\"1\" class=\"module_column tb-column col-full tb_xym2356 first\">\n                    <!-- module text -->\n<div  class=\"module module-text tb_oor2356   \" data-lazy=\"1\">\n        <div  class=\"tb_text_wrap\">\n        <h2>Discutons de votre projet !<\/h2>    <\/div>\n<\/div>\n<!-- \/module text --><!-- module buttons -->\n<div  class=\"module module-buttons tb_mr4n356 buttons-horizontal outline  \" data-lazy=\"1\">\n        <div class=\"module-buttons-item tf_in_flx\">\n                        <a href=\"https:\/\/www.ciblemut.net\/cible\/contact\/\" class=\"ui builder_button tf_in_flx tb_default_color\" >\n                                                Contactez nous                                        <\/a>\n                <\/div>\n            <\/div>\n<!-- \/module buttons -->\n        <\/div>\n                        <\/div>\n        <\/div>\n        <\/div>\n<!--\/themify_builder_content-->","protected":false},"excerpt":{"rendered":"<p>A propos de nous Ciblemut, votre partenaire et conseil pour votre solution informatique Mutuelle Sant\u00e9 L&rsquo;\u00e9quipe Ciblemut est une soci\u00e9t\u00e9 d&rsquo;informatique sp\u00e9cialis\u00e9e dans la gestion des Mutuelles Sant\u00e9, pr\u00e9voyance pour les individuels et les groupes collectifs. Notre cr\u00e9do \u00ab\u00a0Viser la qualit\u00e9 de service\u00a0\u00bb montre notre ambition : vous apporter tout ce qu&rsquo;il faut pour mener [&hellip;]<\/p>\n","protected":false},"author":1,"featured_media":0,"parent":0,"menu_order":0,"comment_status":"closed","ping_status":"closed","template":"","meta":{"jetpack_post_was_ever_published":false,"footnotes":""},"class_list":["post-1686","page","type-page","status-publish","hentry","has-post-title","has-post-date","has-post-category","has-post-tag","has-post-comment","has-post-author",""],"yoast_head":"<!-- This site is optimized with the Yoast SEO plugin v27.1 - https:\/\/yoast.com\/product\/yoast-seo-wordpress\/ -->\n<title>A-Propos - Equipe - Ciblemut<\/title>\n<meta name=\"robots\" content=\"index, follow, max-snippet:-1, max-image-preview:large, max-video-preview:-1\" \/>\n<link rel=\"canonical\" href=\"https:\/\/ciblemut.net\/cible\/a-propos-equipe\/\" \/>\n<meta property=\"og:locale\" content=\"fr_FR\" \/>\n<meta property=\"og:type\" content=\"article\" \/>\n<meta property=\"og:title\" content=\"A-Propos - Equipe - Ciblemut\" \/>\n<meta property=\"og:description\" content=\"A propos de nous Ciblemut, votre partenaire et conseil pour votre solution informatique Mutuelle Sant\u00e9 L&rsquo;\u00e9quipe Ciblemut est une soci\u00e9t\u00e9 d&rsquo;informatique sp\u00e9cialis\u00e9e dans la gestion des Mutuelles Sant\u00e9, pr\u00e9voyance pour les individuels et les groupes collectifs. Notre cr\u00e9do \u00ab\u00a0Viser la qualit\u00e9 de service\u00a0\u00bb montre notre ambition : vous apporter tout ce qu&rsquo;il faut pour mener [&hellip;]\" \/>\n<meta property=\"og:url\" content=\"https:\/\/ciblemut.net\/cible\/a-propos-equipe\/\" \/>\n<meta property=\"og:site_name\" content=\"Ciblemut\" \/>\n<meta property=\"article:publisher\" content=\"https:\/\/www.facebook.com\/pages\/Ciblemut\/432850306794632\" \/>\n<meta property=\"article:modified_time\" content=\"2025-02-25T12:45:12+00:00\" \/>\n<meta property=\"og:image\" content=\"https:\/\/www.ciblemut.net\/cible\/wp-content\/uploads\/2017\/02\/david-bw.jpg\" \/>\n<meta name=\"twitter:label1\" content=\"Dur\u00e9e de lecture estim\u00e9e\" \/>\n\t<meta name=\"twitter:data1\" content=\"1 minute\" \/>\n<script type=\"application\/ld+json\" class=\"yoast-schema-graph\">{\"@context\":\"https:\/\/schema.org\",\"@graph\":[{\"@type\":\"WebPage\",\"@id\":\"https:\/\/ciblemut.net\/cible\/a-propos-equipe\/\",\"url\":\"https:\/\/ciblemut.net\/cible\/a-propos-equipe\/\",\"name\":\"A-Propos - Equipe - Ciblemut\",\"isPartOf\":{\"@id\":\"https:\/\/ciblemut.net\/cible\/#website\"},\"primaryImageOfPage\":{\"@id\":\"https:\/\/ciblemut.net\/cible\/a-propos-equipe\/#primaryimage\"},\"image\":{\"@id\":\"https:\/\/ciblemut.net\/cible\/a-propos-equipe\/#primaryimage\"},\"thumbnailUrl\":\"https:\/\/www.ciblemut.net\/cible\/wp-content\/uploads\/2017\/02\/david-bw.jpg\",\"datePublished\":\"2017-02-21T11:18:30+00:00\",\"dateModified\":\"2025-02-25T12:45:12+00:00\",\"breadcrumb\":{\"@id\":\"https:\/\/ciblemut.net\/cible\/a-propos-equipe\/#breadcrumb\"},\"inLanguage\":\"fr-FR\",\"potentialAction\":[{\"@type\":\"ReadAction\",\"target\":[\"https:\/\/ciblemut.net\/cible\/a-propos-equipe\/\"]}]},{\"@type\":\"ImageObject\",\"inLanguage\":\"fr-FR\",\"@id\":\"https:\/\/ciblemut.net\/cible\/a-propos-equipe\/#primaryimage\",\"url\":\"https:\/\/www.ciblemut.net\/cible\/wp-content\/uploads\/2017\/02\/david-bw.jpg\",\"contentUrl\":\"https:\/\/www.ciblemut.net\/cible\/wp-content\/uploads\/2017\/02\/david-bw.jpg\"},{\"@type\":\"BreadcrumbList\",\"@id\":\"https:\/\/ciblemut.net\/cible\/a-propos-equipe\/#breadcrumb\",\"itemListElement\":[{\"@type\":\"ListItem\",\"position\":1,\"name\":\"Accueil\",\"item\":\"https:\/\/ciblemut.net\/cible\/\"},{\"@type\":\"ListItem\",\"position\":2,\"name\":\"A-Propos &#8211; Equipe\"}]},{\"@type\":\"WebSite\",\"@id\":\"https:\/\/ciblemut.net\/cible\/#website\",\"url\":\"https:\/\/ciblemut.net\/cible\/\",\"name\":\"Ciblemut\",\"description\":\"Viser la qualit\u00e9 de service\",\"potentialAction\":[{\"@type\":\"SearchAction\",\"target\":{\"@type\":\"EntryPoint\",\"urlTemplate\":\"https:\/\/ciblemut.net\/cible\/?s={search_term_string}\"},\"query-input\":{\"@type\":\"PropertyValueSpecification\",\"valueRequired\":true,\"valueName\":\"search_term_string\"}}],\"inLanguage\":\"fr-FR\"}]}<\/script>\n<!-- \/ Yoast SEO plugin. -->","yoast_head_json":{"title":"A-Propos - Equipe - Ciblemut","robots":{"index":"index","follow":"follow","max-snippet":"max-snippet:-1","max-image-preview":"max-image-preview:large","max-video-preview":"max-video-preview:-1"},"canonical":"https:\/\/ciblemut.net\/cible\/a-propos-equipe\/","og_locale":"fr_FR","og_type":"article","og_title":"A-Propos - Equipe - Ciblemut","og_description":"A propos de nous Ciblemut, votre partenaire et conseil pour votre solution informatique Mutuelle Sant\u00e9 L&rsquo;\u00e9quipe Ciblemut est une soci\u00e9t\u00e9 d&rsquo;informatique sp\u00e9cialis\u00e9e dans la gestion des Mutuelles Sant\u00e9, pr\u00e9voyance pour les individuels et les groupes collectifs. Notre cr\u00e9do \u00ab\u00a0Viser la qualit\u00e9 de service\u00a0\u00bb montre notre ambition : vous apporter tout ce qu&rsquo;il faut pour mener [&hellip;]","og_url":"https:\/\/ciblemut.net\/cible\/a-propos-equipe\/","og_site_name":"Ciblemut","article_publisher":"https:\/\/www.facebook.com\/pages\/Ciblemut\/432850306794632","article_modified_time":"2025-02-25T12:45:12+00:00","og_image":[{"url":"https:\/\/www.ciblemut.net\/cible\/wp-content\/uploads\/2017\/02\/david-bw.jpg","type":"","width":"","height":""}],"twitter_misc":{"Dur\u00e9e de lecture estim\u00e9e":"1 minute"},"schema":{"@context":"https:\/\/schema.org","@graph":[{"@type":"WebPage","@id":"https:\/\/ciblemut.net\/cible\/a-propos-equipe\/","url":"https:\/\/ciblemut.net\/cible\/a-propos-equipe\/","name":"A-Propos - Equipe - Ciblemut","isPartOf":{"@id":"https:\/\/ciblemut.net\/cible\/#website"},"primaryImageOfPage":{"@id":"https:\/\/ciblemut.net\/cible\/a-propos-equipe\/#primaryimage"},"image":{"@id":"https:\/\/ciblemut.net\/cible\/a-propos-equipe\/#primaryimage"},"thumbnailUrl":"https:\/\/www.ciblemut.net\/cible\/wp-content\/uploads\/2017\/02\/david-bw.jpg","datePublished":"2017-02-21T11:18:30+00:00","dateModified":"2025-02-25T12:45:12+00:00","breadcrumb":{"@id":"https:\/\/ciblemut.net\/cible\/a-propos-equipe\/#breadcrumb"},"inLanguage":"fr-FR","potentialAction":[{"@type":"ReadAction","target":["https:\/\/ciblemut.net\/cible\/a-propos-equipe\/"]}]},{"@type":"ImageObject","inLanguage":"fr-FR","@id":"https:\/\/ciblemut.net\/cible\/a-propos-equipe\/#primaryimage","url":"https:\/\/www.ciblemut.net\/cible\/wp-content\/uploads\/2017\/02\/david-bw.jpg","contentUrl":"https:\/\/www.ciblemut.net\/cible\/wp-content\/uploads\/2017\/02\/david-bw.jpg"},{"@type":"BreadcrumbList","@id":"https:\/\/ciblemut.net\/cible\/a-propos-equipe\/#breadcrumb","itemListElement":[{"@type":"ListItem","position":1,"name":"Accueil","item":"https:\/\/ciblemut.net\/cible\/"},{"@type":"ListItem","position":2,"name":"A-Propos &#8211; Equipe"}]},{"@type":"WebSite","@id":"https:\/\/ciblemut.net\/cible\/#website","url":"https:\/\/ciblemut.net\/cible\/","name":"Ciblemut","description":"Viser la qualit\u00e9 de service","potentialAction":[{"@type":"SearchAction","target":{"@type":"EntryPoint","urlTemplate":"https:\/\/ciblemut.net\/cible\/?s={search_term_string}"},"query-input":{"@type":"PropertyValueSpecification","valueRequired":true,"valueName":"search_term_string"}}],"inLanguage":"fr-FR"}]}},"jetpack_sharing_enabled":false,"_links":{"self":[{"href":"https:\/\/ciblemut.net\/cible\/wp-json\/wp\/v2\/pages\/1686","targetHints":{"allow":["GET"]}}],"collection":[{"href":"https:\/\/ciblemut.net\/cible\/wp-json\/wp\/v2\/pages"}],"about":[{"href":"https:\/\/ciblemut.net\/cible\/wp-json\/wp\/v2\/types\/page"}],"author":[{"embeddable":true,"href":"https:\/\/ciblemut.net\/cible\/wp-json\/wp\/v2\/users\/1"}],"replies":[{"embeddable":true,"href":"https:\/\/ciblemut.net\/cible\/wp-json\/wp\/v2\/comments?post=1686"}],"version-history":[{"count":23,"href":"https:\/\/ciblemut.net\/cible\/wp-json\/wp\/v2\/pages\/1686\/revisions"}],"predecessor-version":[{"id":2493,"href":"https:\/\/ciblemut.net\/cible\/wp-json\/wp\/v2\/pages\/1686\/revisions\/2493"}],"wp:attachment":[{"href":"https:\/\/ciblemut.net\/cible\/wp-json\/wp\/v2\/media?parent=1686"}],"curies":[{"name":"wp","href":"https:\/\/api.w.org\/{rel}","templated":true}]}}