{"id":1467,"date":"2016-08-03T12:52:55","date_gmt":"2016-08-03T12:52:55","guid":{"rendered":"https:\/\/themify.me\/demo\/themes\/ultra-agency\/?page_id=15"},"modified":"2025-11-21T20:24:30","modified_gmt":"2025-11-21T19:24:30","slug":"contact","status":"publish","type":"page","link":"https:\/\/ciblemut.net\/cible\/contact\/","title":{"rendered":"Contact"},"content":{"rendered":"<!--themify_builder_content-->\n<div id=\"themify_builder_content-1467\" data-postid=\"1467\" class=\"themify_builder_content themify_builder_content-1467 themify_builder tf_clear\">\n                    <div  data-lazy=\"1\" class=\"module_row themify_builder_row tb_08eef04 tb_first tf_w\">\n            <span  class=\"builder_row_cover tf_abs\" data-lazy=\"1\"><\/span>            <div class=\"row_inner col_align_top tb_col_count_1 tf_box tf_rel\">\n                        <div  data-lazy=\"1\" class=\"module_column tb-column col-full tb_0568a04 first\">\n                    <!-- module text -->\n<div  class=\"module module-text tb_fb10595   \" data-lazy=\"1\">\n        <div  class=\"tb_text_wrap\">\n        <h1>Contact<\/h1><h5>Vous avez un projet en gestation ou simplement des questions  ?<br\/>Nous sommes \u00e0 votre \u00e9coute !<\/h5>    <\/div>\n<\/div>\n<!-- \/module text -->        <\/div>\n                        <\/div>\n        <\/div>\n                        <div  data-lazy=\"1\" class=\"module_row themify_builder_row tb_4bb862e tf_w\">\n            <span  class=\"builder_row_cover tf_abs\" data-lazy=\"1\"><\/span>            <div class=\"row_inner col_align_top tb_col_count_3 tf_box tf_rel\">\n                        <div  data-lazy=\"1\" class=\"module_column tb-column col3-1 tb_71c0831 first\">\n                    <!-- module icon -->\n<div  class=\"module module-icon tb_4d93198  xlarge none icon_horizontal tf_textl\" data-lazy=\"1\">\n\t\t\t<div class=\"module-icon-item\">\n\t\t\t\t\t\t\t\t\t\t\t\t\t\t\t\t<em class=\"tf_boxtb_default_color\"\n\t\t\t\t\t\t\t\t\t\t\t\t\t\t\t\t\t><svg  class=\"tf_fa tf-far-map-marker\" aria-hidden=\"true\"><use href=\"#tf-far-map-marker\"><\/use><\/svg><\/em>\n\t\t\t\t\t\t\t\t\t\t\t\t\t\t<\/div>\n\t<\/div>\n<!-- \/module icon -->\n<!-- module text -->\n<div  class=\"module module-text tb_451c0ef   \" data-lazy=\"1\">\n        <div  class=\"tb_text_wrap\">\n        <p>CIBLEMUT<br \/>520, All\u00e9e des Colibris<br \/>06410 BIOT<\/p>    <\/div>\n<\/div>\n<!-- \/module text -->        <\/div>\n                    <div  data-lazy=\"1\" class=\"module_column tb-column col3-1 tb_5a7f94a\">\n                    <!-- module icon -->\n<div  class=\"module module-icon tb_433456b  xlarge none icon_horizontal tf_textl\" data-lazy=\"1\">\n\t\t\t<div class=\"module-icon-item\">\n\t\t\t\t\t\t\t\t\t\t\t\t\t\t\t\t<em class=\"tf_boxtb_default_color\"\n\t\t\t\t\t\t\t\t\t\t\t\t\t\t\t\t\t><svg  class=\"tf_fa tf-fas-mobile\" aria-hidden=\"true\"><use href=\"#tf-fas-mobile\"><\/use><\/svg><\/em>\n\t\t\t\t\t\t\t\t\t\t\t\t\t\t<\/div>\n\t<\/div>\n<!-- \/module icon -->\n<!-- module text -->\n<div  class=\"module module-text tb_49b3eaa   \" data-lazy=\"1\">\n        <div  class=\"tb_text_wrap\">\n        <p>T\u00e9l #1: +33 6 61 58 83 51<br \/>Agence Sophia Antipolis : +33 4 92 93 82 65<\/p>    <\/div>\n<\/div>\n<!-- \/module text -->        <\/div>\n                    <div  data-lazy=\"1\" class=\"module_column tb-column col3-1 tb_b995716 last\">\n                    <!-- module icon -->\n<div  class=\"module module-icon tb_50a45f4  xlarge none icon_horizontal tf_textl\" data-lazy=\"1\">\n\t\t\t<div class=\"module-icon-item\">\n\t\t\t\t\t\t\t\t\t\t\t\t\t\t\t\t<em class=\"tf_boxtb_default_color\"\n\t\t\t\t\t\t\t\t\t\t\t\t\t\t\t\t\t><svg  class=\"tf_fa tf-far-user\" aria-hidden=\"true\"><use href=\"#tf-far-user\"><\/use><\/svg><\/em>\n\t\t\t\t\t\t\t\t\t\t\t\t\t\t<\/div>\n\t<\/div>\n<!-- \/module icon -->\n<!-- module text -->\n<div  class=\"module module-text tb_76e10f3   \" data-lazy=\"1\">\n        <div  class=\"tb_text_wrap\">\n        <p>contact@ciblemut.net<\/p>    <\/div>\n<\/div>\n<!-- \/module text -->        <\/div>\n                        <\/div>\n        <\/div>\n                        <div  data-lazy=\"1\" class=\"module_row themify_builder_row tb_e3bbe54 tf_w\">\n                        <div class=\"row_inner col_align_top tb_col_count_1 tf_box tf_rel\">\n                        <div  data-lazy=\"1\" class=\"module_column tb-column col-full tb_d5075be first\">\n                    <!-- module text -->\n<div  class=\"module module-text tb_e75be48   \" data-lazy=\"1\">\n        <div  class=\"tb_text_wrap\">\n        <h3>Formulaire de contact<\/h3>\n<p>N&rsquo;h\u00e9sitez pas \u00e0 prendre contact avec nous via ce formulaire ou directement aux coordonn\u00e9es ci dessus. Nous r\u00e9pondons g\u00e9n\u00e9ralement dans les 48h maximum.<\/p>    <\/div>\n<\/div>\n<!-- \/module text --><!-- module plain text -->\n<div  class=\"module module-plain-text tb_jklf529 \" data-lazy=\"1\">\n        <div class=\"tb_text_wrap\">\n    \n<div class=\"wpcf7 no-js\" id=\"wpcf7-f19-o1\" lang=\"en-US\" dir=\"ltr\" data-wpcf7-id=\"19\">\n<div class=\"screen-reader-response\"><p role=\"status\" aria-live=\"polite\" aria-atomic=\"true\"><\/p> <ul><\/ul><\/div>\n<form action=\"\/cible\/wp-json\/wp\/v2\/pages\/1467#wpcf7-f19-o1\" method=\"post\" class=\"wpcf7-form init\" aria-label=\"Contact form\" novalidate=\"novalidate\" data-status=\"init\">\n<fieldset class=\"hidden-fields-container\"><input type=\"hidden\" name=\"_wpcf7\" value=\"19\" \/><input type=\"hidden\" name=\"_wpcf7_version\" value=\"6.1.5\" \/><input type=\"hidden\" name=\"_wpcf7_locale\" value=\"en_US\" \/><input type=\"hidden\" name=\"_wpcf7_unit_tag\" value=\"wpcf7-f19-o1\" \/><input type=\"hidden\" name=\"_wpcf7_container_post\" value=\"0\" \/><input type=\"hidden\" name=\"_wpcf7_posted_data_hash\" value=\"\" \/><input type=\"hidden\" name=\"_wpcf7_recaptcha_response\" value=\"\" \/>\n<\/fieldset>\n<p>Votre Nom *\n<\/p>\n<p><span class=\"wpcf7-form-control-wrap\" data-name=\"your-name\"><input size=\"40\" maxlength=\"400\" class=\"wpcf7-form-control wpcf7-text wpcf7-validates-as-required\" aria-required=\"true\" aria-invalid=\"false\" value=\"\" type=\"text\" name=\"your-name\" \/><\/span>\n<\/p>\n<p>Votre Pr\u00e9nom *\n<\/p>\n<p><span class=\"wpcf7-form-control-wrap\" data-name=\"your-firstname\"><input size=\"40\" maxlength=\"400\" class=\"wpcf7-form-control wpcf7-text wpcf7-validates-as-required\" aria-required=\"true\" aria-invalid=\"false\" value=\"\" type=\"text\" name=\"your-firstname\" \/><\/span>\n<\/p>\n<p>Votre adresse email *\n<\/p>\n<p><span class=\"wpcf7-form-control-wrap\" data-name=\"your-email\"><input size=\"40\" maxlength=\"400\" class=\"wpcf7-form-control wpcf7-email wpcf7-validates-as-required wpcf7-text wpcf7-validates-as-email\" aria-required=\"true\" aria-invalid=\"false\" value=\"\" type=\"email\" name=\"your-email\" \/><\/span>\n<\/p>\n<p>Votre t\u00e9l\u00e9phone<br \/>\n<span class=\"wpcf7-form-control-wrap\" data-name=\"tel-425\"><input size=\"40\" maxlength=\"400\" class=\"wpcf7-form-control wpcf7-tel wpcf7-text wpcf7-validates-as-tel\" aria-invalid=\"false\" placeholder=\"+33600000000\" value=\"\" type=\"tel\" name=\"tel-425\" \/><\/span>\n<\/p>\n<p>Votre message *\n<\/p>\n<p><span class=\"wpcf7-form-control-wrap\" data-name=\"your-message\"><textarea cols=\"40\" rows=\"10\" maxlength=\"2000\" class=\"wpcf7-form-control wpcf7-textarea wpcf7-validates-as-required\" aria-required=\"true\" aria-invalid=\"false\" name=\"your-message\"><\/textarea><\/span>\n<\/p>\n<p><span class=\"wpcf7-form-control-wrap\" data-name=\"consentementRGPD\"><span class=\"wpcf7-form-control wpcf7-acceptance\"><span class=\"wpcf7-list-item\"><label><input type=\"checkbox\" name=\"consentementRGPD\" value=\"1\" aria-invalid=\"false\" \/><span class=\"wpcf7-list-item-label\">Je consent \u00e0 l'utilisation et le stockage des donn\u00e9es saisies dans ce formulaire le temps du traitement de ces derni\u00e8res.<\/span><\/label><\/span><\/span><\/span><br \/>\n<span class=\"wpcf7-form-control-wrap\" data-name=\"consentementSMS\"><span class=\"wpcf7-form-control wpcf7-acceptance\"><span class=\"wpcf7-list-item\"><label><input type=\"checkbox\" name=\"consentementSMS\" value=\"1\" aria-invalid=\"false\" \/><span class=\"wpcf7-list-item-label\">J'accepte de recevoir de la part de CIBLEMUT de la communication par SMS ou RCS.<\/span><\/label><\/span><\/span><\/span><br \/>\n<span class=\"wpcf7-form-control-wrap\" data-name=\"consentementSMS\"><span class=\"wpcf7-form-control wpcf7-acceptance\"><span class=\"wpcf7-list-item\"><label><input type=\"checkbox\" name=\"consentementSMS\" value=\"1\" aria-invalid=\"false\" \/><span class=\"wpcf7-list-item-label\">J'accepte de recevoir de la part de CIBLEMUT de la communication par mail.<\/span><\/label><\/span><\/span><\/span>\n<\/p>\n<div class=\"wpcf7-turnstile cf-turnstile\" data-sitekey=\"0x4AAAAAACCQ-_quslHUNeOk\" data-response-field-name=\"_wpcf7_turnstile_response\"><\/div>\n<p><input class=\"wpcf7-form-control wpcf7-submit has-spinner\" type=\"submit\" value=\"Envoyer !\" \/>\n<\/p><div class=\"wpcf7-response-output\" aria-hidden=\"true\"><\/div>\n<\/form>\n<\/div>\n    <\/div>\n<\/div>\n<!-- \/module plain text --><!-- module text -->\n<div  class=\"module module-text tb_ucv1147   \" data-lazy=\"1\">\n        <div  class=\"tb_text_wrap\">\n        <pre>Pour toute questions relatives aux donn\u00e9es r\u00e9colt\u00e9es via ce questionnaire,<br \/>vos droits d'opposition, d'acc\u00e8s et de rectification, <br \/>vous pouvez contacter notre DPO \u00e0 <em>dpo @ ciblemut.net<\/em> <br \/>et\/ou consulter nos <a href=\"https:\/\/ciblemut.net\/cible\/mentions-legales\/\" target=\"_blank\" rel=\"noopener\">mentions l\u00e9gales<\/a>.<\/pre>    <\/div>\n<\/div>\n<!-- \/module text -->        <\/div>\n                        <\/div>\n        <\/div>\n                        <div  data-lazy=\"1\" class=\"module_row themify_builder_row tb_eb8fae8 tf_w\">\n            <span  class=\"builder_row_cover tf_abs\" data-lazy=\"1\"><\/span>            <div class=\"row_inner col_align_top tb_col_count_1 tf_box tf_rel\">\n                        <div  data-lazy=\"1\" class=\"module_column tb-column col-full tb_03b8fbc first\">\n                    <!-- module plain text -->\n<div  class=\"module module-plain-text tb_5ddd7ed \" data-lazy=\"1\">\n        <div class=\"tb_text_wrap\">\n    <video controls=\"controls\" width=\"90%\" >\n<source src=\"https:\/\/www.ciblemut.net\/cible\/wp-content\/uploads\/2017\/02\/Mutcible-version-courte.mp4\" type=\"video\/mp4\">\n<\/video>    <\/div>\n<\/div>\n<!-- \/module plain text -->        <\/div>\n                        <\/div>\n        <\/div>\n                        <div  data-css_id=\"7552e8f\" data-lazy=\"1\" class=\"module_row themify_builder_row fullwidth_row_container tb_7552e8f tf_w\">\n                        <div class=\"row_inner col_align_top tb_col_count_1 tf_box tf_rel\">\n                        <div  data-lazy=\"1\" class=\"module_column tb-column col-full tb_0fe3a0a first\">\n                    <!-- module maps pro -->\n<div  id=\"tb_aa43bbf\" class=\"module module-maps-pro tb_aa43bbf  tf_lazy\" data-zoom=\"11\" data-type=\"ROADMAP\" data-address=\"rue \u00c9variste Gallois, Emerald square 06410 BIOT\" data-scrollwheel=\"\" data-draggable=\"enable\" data-disable_map_ui=\"1\" data-polyline=\"\" data-geodesic=\"\" data-polylineStroke=\"2\" data-polylineColor=\"\" data-trigger=\"\" data-mapid=\"\" data-style_map=\"mapbox\" data-legacymarkers=\"\" data-lazy=\"1\">\n\t\n\t\t\t<div class=\"maps-pro-canvas-container\">\n\t\t\t<div class=\"maps-pro-canvas\" style=\"width:100%;height:500px\"><\/div>\n\t\t<\/div>\n\t\t\t\t\t<template>\n\t\t\t\t\t\t\t\t\t<div data-address=\"43.6177037,7.067771899999999\" data-image=\"https:\/\/www.ciblemut.net\/cible\/wp-content\/uploads\/2013\/03\/cible32x32-2016.png\">\n\t\t\t\t\t\tBureaux\t\t\t\t\t<\/div>\n\t\t\t\t\t\t\t<\/template>\n\t\t\t\t\n\t<\/div>\n<!-- \/module maps pro -->        <\/div>\n                        <\/div>\n        <\/div>\n        <\/div>\n<!--\/themify_builder_content-->","protected":false},"excerpt":{"rendered":"<p>Contact Vous avez un projet en gestation ou simplement des questions ?Nous sommes \u00e0 votre \u00e9coute ! CIBLEMUT520, All\u00e9e des Colibris06410 BIOT T\u00e9l #1: +33 6 61 58 83 51Agence Sophia Antipolis : +33 4 92 93 82 65 contact@ciblemut.net Formulaire de contact N&rsquo;h\u00e9sitez pas \u00e0 prendre contact avec nous via ce formulaire ou directement [&hellip;]<\/p>\n","protected":false},"author":1,"featured_media":0,"parent":0,"menu_order":0,"comment_status":"closed","ping_status":"closed","template":"","meta":{"jetpack_post_was_ever_published":false,"footnotes":""},"class_list":["post-1467","page","type-page","status-publish","hentry","has-post-title","has-post-date","has-post-category","has-post-tag","has-post-comment","has-post-author",""],"yoast_head":"<!-- This site is optimized with the Yoast SEO plugin v27.1 - https:\/\/yoast.com\/product\/yoast-seo-wordpress\/ -->\n<title>Contact - Ciblemut<\/title>\n<meta name=\"robots\" content=\"index, follow, max-snippet:-1, max-image-preview:large, max-video-preview:-1\" \/>\n<link rel=\"canonical\" href=\"https:\/\/ciblemut.net\/cible\/contact\/\" \/>\n<meta property=\"og:locale\" content=\"fr_FR\" \/>\n<meta property=\"og:type\" content=\"article\" \/>\n<meta property=\"og:title\" content=\"Contact - Ciblemut\" \/>\n<meta property=\"og:description\" content=\"Contact Vous avez un projet en gestation ou simplement des questions ?Nous sommes \u00e0 votre \u00e9coute ! CIBLEMUT520, All\u00e9e des Colibris06410 BIOT T\u00e9l #1: +33 6 61 58 83 51Agence Sophia Antipolis : +33 4 92 93 82 65 contact@ciblemut.net Formulaire de contact N&rsquo;h\u00e9sitez pas \u00e0 prendre contact avec nous via ce formulaire ou directement [&hellip;]\" \/>\n<meta property=\"og:url\" content=\"https:\/\/ciblemut.net\/cible\/contact\/\" \/>\n<meta property=\"og:site_name\" content=\"Ciblemut\" \/>\n<meta property=\"article:publisher\" content=\"https:\/\/www.facebook.com\/pages\/Ciblemut\/432850306794632\" \/>\n<meta property=\"article:modified_time\" content=\"2025-11-21T19:24:30+00:00\" \/>\n<meta name=\"twitter:label1\" content=\"Dur\u00e9e de lecture estim\u00e9e\" \/>\n\t<meta name=\"twitter:data1\" content=\"1 minute\" \/>\n<script type=\"application\/ld+json\" class=\"yoast-schema-graph\">{\"@context\":\"https:\/\/schema.org\",\"@graph\":[{\"@type\":\"WebPage\",\"@id\":\"https:\/\/ciblemut.net\/cible\/contact\/\",\"url\":\"https:\/\/ciblemut.net\/cible\/contact\/\",\"name\":\"Contact - Ciblemut\",\"isPartOf\":{\"@id\":\"https:\/\/ciblemut.net\/cible\/#website\"},\"datePublished\":\"2016-08-03T12:52:55+00:00\",\"dateModified\":\"2025-11-21T19:24:30+00:00\",\"breadcrumb\":{\"@id\":\"https:\/\/ciblemut.net\/cible\/contact\/#breadcrumb\"},\"inLanguage\":\"fr-FR\",\"potentialAction\":[{\"@type\":\"ReadAction\",\"target\":[\"https:\/\/ciblemut.net\/cible\/contact\/\"]}]},{\"@type\":\"BreadcrumbList\",\"@id\":\"https:\/\/ciblemut.net\/cible\/contact\/#breadcrumb\",\"itemListElement\":[{\"@type\":\"ListItem\",\"position\":1,\"name\":\"Accueil\",\"item\":\"https:\/\/ciblemut.net\/cible\/\"},{\"@type\":\"ListItem\",\"position\":2,\"name\":\"Contact\"}]},{\"@type\":\"WebSite\",\"@id\":\"https:\/\/ciblemut.net\/cible\/#website\",\"url\":\"https:\/\/ciblemut.net\/cible\/\",\"name\":\"Ciblemut\",\"description\":\"Viser la qualit\u00e9 de service\",\"potentialAction\":[{\"@type\":\"SearchAction\",\"target\":{\"@type\":\"EntryPoint\",\"urlTemplate\":\"https:\/\/ciblemut.net\/cible\/?s={search_term_string}\"},\"query-input\":{\"@type\":\"PropertyValueSpecification\",\"valueRequired\":true,\"valueName\":\"search_term_string\"}}],\"inLanguage\":\"fr-FR\"}]}<\/script>\n<!-- \/ Yoast SEO plugin. -->","yoast_head_json":{"title":"Contact - Ciblemut","robots":{"index":"index","follow":"follow","max-snippet":"max-snippet:-1","max-image-preview":"max-image-preview:large","max-video-preview":"max-video-preview:-1"},"canonical":"https:\/\/ciblemut.net\/cible\/contact\/","og_locale":"fr_FR","og_type":"article","og_title":"Contact - Ciblemut","og_description":"Contact Vous avez un projet en gestation ou simplement des questions ?Nous sommes \u00e0 votre \u00e9coute ! CIBLEMUT520, All\u00e9e des Colibris06410 BIOT T\u00e9l #1: +33 6 61 58 83 51Agence Sophia Antipolis : +33 4 92 93 82 65 contact@ciblemut.net Formulaire de contact N&rsquo;h\u00e9sitez pas \u00e0 prendre contact avec nous via ce formulaire ou directement [&hellip;]","og_url":"https:\/\/ciblemut.net\/cible\/contact\/","og_site_name":"Ciblemut","article_publisher":"https:\/\/www.facebook.com\/pages\/Ciblemut\/432850306794632","article_modified_time":"2025-11-21T19:24:30+00:00","twitter_misc":{"Dur\u00e9e de lecture estim\u00e9e":"1 minute"},"schema":{"@context":"https:\/\/schema.org","@graph":[{"@type":"WebPage","@id":"https:\/\/ciblemut.net\/cible\/contact\/","url":"https:\/\/ciblemut.net\/cible\/contact\/","name":"Contact - Ciblemut","isPartOf":{"@id":"https:\/\/ciblemut.net\/cible\/#website"},"datePublished":"2016-08-03T12:52:55+00:00","dateModified":"2025-11-21T19:24:30+00:00","breadcrumb":{"@id":"https:\/\/ciblemut.net\/cible\/contact\/#breadcrumb"},"inLanguage":"fr-FR","potentialAction":[{"@type":"ReadAction","target":["https:\/\/ciblemut.net\/cible\/contact\/"]}]},{"@type":"BreadcrumbList","@id":"https:\/\/ciblemut.net\/cible\/contact\/#breadcrumb","itemListElement":[{"@type":"ListItem","position":1,"name":"Accueil","item":"https:\/\/ciblemut.net\/cible\/"},{"@type":"ListItem","position":2,"name":"Contact"}]},{"@type":"WebSite","@id":"https:\/\/ciblemut.net\/cible\/#website","url":"https:\/\/ciblemut.net\/cible\/","name":"Ciblemut","description":"Viser la qualit\u00e9 de service","potentialAction":[{"@type":"SearchAction","target":{"@type":"EntryPoint","urlTemplate":"https:\/\/ciblemut.net\/cible\/?s={search_term_string}"},"query-input":{"@type":"PropertyValueSpecification","valueRequired":true,"valueName":"search_term_string"}}],"inLanguage":"fr-FR"}]}},"jetpack_sharing_enabled":false,"_links":{"self":[{"href":"https:\/\/ciblemut.net\/cible\/wp-json\/wp\/v2\/pages\/1467","targetHints":{"allow":["GET"]}}],"collection":[{"href":"https:\/\/ciblemut.net\/cible\/wp-json\/wp\/v2\/pages"}],"about":[{"href":"https:\/\/ciblemut.net\/cible\/wp-json\/wp\/v2\/types\/page"}],"author":[{"embeddable":true,"href":"https:\/\/ciblemut.net\/cible\/wp-json\/wp\/v2\/users\/1"}],"replies":[{"embeddable":true,"href":"https:\/\/ciblemut.net\/cible\/wp-json\/wp\/v2\/comments?post=1467"}],"version-history":[{"count":18,"href":"https:\/\/ciblemut.net\/cible\/wp-json\/wp\/v2\/pages\/1467\/revisions"}],"predecessor-version":[{"id":2499,"href":"https:\/\/ciblemut.net\/cible\/wp-json\/wp\/v2\/pages\/1467\/revisions\/2499"}],"wp:attachment":[{"href":"https:\/\/ciblemut.net\/cible\/wp-json\/wp\/v2\/media?parent=1467"}],"curies":[{"name":"wp","href":"https:\/\/api.w.org\/{rel}","templated":true}]}}