{"id":1399,"date":"2015-03-16T14:52:21","date_gmt":"2015-03-16T13:52:21","guid":{"rendered":"https:\/\/www.ciblemut.net\/cible\/?page_id=1399"},"modified":"2019-11-25T05:50:43","modified_gmt":"2019-11-25T04:50:43","slug":"plugins-wordpress","status":"publish","type":"page","link":"https:\/\/ciblemut.net\/cible\/plugins-wordpress\/","title":{"rendered":"Plugins WordPress"},"content":{"rendered":"<!--themify_builder_content-->\n<div id=\"themify_builder_content-1399\" data-postid=\"1399\" class=\"themify_builder_content themify_builder_content-1399 themify_builder tf_clear\">\n                    <div  data-lazy=\"1\" class=\"module_row themify_builder_row tb_504u100 tb_first tf_w\">\n                        <div class=\"row_inner col_align_top tb_col_count_2 tf_box tf_rel\">\n                        <div  data-lazy=\"1\" class=\"module_column tb-column col4-2  tb_uy50417 first\">\n                    <!-- module image -->\n<div  class=\"module module-image tb_kmtr418 image-left    tf_mw\" data-lazy=\"1\">\n        <div class=\"image-wrap tf_rel tf_mw\">\n            <img loading=\"lazy\" decoding=\"async\" src=\"https:\/\/www.ciblemut.net\/cible\/wp-content\/uploads\/2015\/03\/wordpress.png\" width=\"200\" height=\"143\" title=\"Plugins WordPress\" alt=\"Plugins WordPress\">    \n        <\/div>\n    <!-- \/image-wrap -->\n    \n        <\/div>\n<!-- \/module image -->        <\/div>\n                    <div  data-lazy=\"1\" class=\"module_column tb-column col4-2  tb_hlkq048 last\">\n                    <!-- module text -->\n<div  class=\"module module-text tb_eea9009   \" data-lazy=\"1\">\n        <div  class=\"tb_text_wrap\">\n        Ciblemut s\u2019\u00e9tend aussi dans la sph\u00e8re <a href=\"https:\/\/fr.wordpress.org\/\" target=\"_blank\">WordPress<\/a> avec la r\u00e9alisation de sites internet bas\u00e9s sur le c\u00e9l\u00e8bre CMS mais aussi avec la cr\u00e9ation de plugins ou extensions sur mesure. \nParmi les extensions d\u00e9velopp\u00e9es par nos \u00e9quipes nous comptons :\n<ul>\n<li>Plugin de gestion de formulaires d\u2019\u00e9tude thermique\n<li>Plugin de gestion de formulaires de contr\u00f4le thermique<\/li>\n<li>Plugin de gestion d\u2019enregistrement \u00e0 des sessions de formation\n<li>Plugin de visualisation de d\u00e9comptes (Adh\u00e9rents, Professionnels de sant\u00e9 et Groupes) pour <a href=\"https:\/\/www.ciblemut.net\/cible\/mutcible\/\" target=\"_blank\">Mutcible<\/a><\/li>\n<li>Plugin de backup de Wordpress<\/li>\n<\/ul>    <\/div>\n<\/div>\n<!-- \/module text -->        <\/div>\n                        <\/div>\n        <\/div>\n        <\/div>\n<!--\/themify_builder_content-->","protected":false},"excerpt":{"rendered":"<p>Ciblemut s\u2019\u00e9tend aussi dans la sph\u00e8re WordPress avec la r\u00e9alisation de sites internet bas\u00e9s sur le c\u00e9l\u00e8bre CMS mais aussi avec la cr\u00e9ation de plugins ou extensions sur mesure. Parmi les extensions d\u00e9velopp\u00e9es par nos \u00e9quipes nous comptons : Plugin de gestion de formulaires d\u2019\u00e9tude thermique Plugin de gestion de formulaires de contr\u00f4le thermique Plugin [&hellip;]<\/p>\n","protected":false},"author":1,"featured_media":0,"parent":0,"menu_order":0,"comment_status":"closed","ping_status":"open","template":"","meta":{"jetpack_post_was_ever_published":false,"footnotes":""},"class_list":["post-1399","page","type-page","status-publish","hentry","has-post-title","has-post-date","has-post-category","has-post-tag","has-post-comment","has-post-author",""],"yoast_head":"<!-- This site is optimized with the Yoast SEO plugin v27.1 - https:\/\/yoast.com\/product\/yoast-seo-wordpress\/ -->\n<title>Plugins Wordpress - Ciblemut<\/title>\n<meta name=\"robots\" content=\"index, follow, max-snippet:-1, max-image-preview:large, max-video-preview:-1\" \/>\n<link rel=\"canonical\" href=\"https:\/\/ciblemut.net\/cible\/plugins-wordpress\/\" \/>\n<meta property=\"og:locale\" content=\"fr_FR\" \/>\n<meta property=\"og:type\" content=\"article\" \/>\n<meta property=\"og:title\" content=\"Plugins Wordpress - Ciblemut\" \/>\n<meta property=\"og:description\" content=\"Ciblemut s\u2019\u00e9tend aussi dans la sph\u00e8re WordPress avec la r\u00e9alisation de sites internet bas\u00e9s sur le c\u00e9l\u00e8bre CMS mais aussi avec la cr\u00e9ation de plugins ou extensions sur mesure. Parmi les extensions d\u00e9velopp\u00e9es par nos \u00e9quipes nous comptons : Plugin de gestion de formulaires d\u2019\u00e9tude thermique Plugin de gestion de formulaires de contr\u00f4le thermique Plugin [&hellip;]\" \/>\n<meta property=\"og:url\" content=\"https:\/\/ciblemut.net\/cible\/plugins-wordpress\/\" \/>\n<meta property=\"og:site_name\" content=\"Ciblemut\" \/>\n<meta property=\"article:publisher\" content=\"https:\/\/www.facebook.com\/pages\/Ciblemut\/432850306794632\" \/>\n<meta property=\"article:modified_time\" content=\"2019-11-25T04:50:43+00:00\" \/>\n<meta property=\"og:image\" content=\"https:\/\/www.ciblemut.net\/cible\/wp-content\/uploads\/2015\/03\/wordpress.png\" \/>\n<script type=\"application\/ld+json\" class=\"yoast-schema-graph\">{\"@context\":\"https:\/\/schema.org\",\"@graph\":[{\"@type\":\"WebPage\",\"@id\":\"https:\/\/ciblemut.net\/cible\/plugins-wordpress\/\",\"url\":\"https:\/\/ciblemut.net\/cible\/plugins-wordpress\/\",\"name\":\"Plugins Wordpress - Ciblemut\",\"isPartOf\":{\"@id\":\"https:\/\/ciblemut.net\/cible\/#website\"},\"primaryImageOfPage\":{\"@id\":\"https:\/\/ciblemut.net\/cible\/plugins-wordpress\/#primaryimage\"},\"image\":{\"@id\":\"https:\/\/ciblemut.net\/cible\/plugins-wordpress\/#primaryimage\"},\"thumbnailUrl\":\"https:\/\/www.ciblemut.net\/cible\/wp-content\/uploads\/2015\/03\/wordpress.png\",\"datePublished\":\"2015-03-16T13:52:21+00:00\",\"dateModified\":\"2019-11-25T04:50:43+00:00\",\"breadcrumb\":{\"@id\":\"https:\/\/ciblemut.net\/cible\/plugins-wordpress\/#breadcrumb\"},\"inLanguage\":\"fr-FR\",\"potentialAction\":[{\"@type\":\"ReadAction\",\"target\":[\"https:\/\/ciblemut.net\/cible\/plugins-wordpress\/\"]}]},{\"@type\":\"ImageObject\",\"inLanguage\":\"fr-FR\",\"@id\":\"https:\/\/ciblemut.net\/cible\/plugins-wordpress\/#primaryimage\",\"url\":\"https:\/\/www.ciblemut.net\/cible\/wp-content\/uploads\/2015\/03\/wordpress.png\",\"contentUrl\":\"https:\/\/www.ciblemut.net\/cible\/wp-content\/uploads\/2015\/03\/wordpress.png\"},{\"@type\":\"BreadcrumbList\",\"@id\":\"https:\/\/ciblemut.net\/cible\/plugins-wordpress\/#breadcrumb\",\"itemListElement\":[{\"@type\":\"ListItem\",\"position\":1,\"name\":\"Accueil\",\"item\":\"https:\/\/ciblemut.net\/cible\/\"},{\"@type\":\"ListItem\",\"position\":2,\"name\":\"Plugins WordPress\"}]},{\"@type\":\"WebSite\",\"@id\":\"https:\/\/ciblemut.net\/cible\/#website\",\"url\":\"https:\/\/ciblemut.net\/cible\/\",\"name\":\"Ciblemut\",\"description\":\"Viser la qualit\u00e9 de service\",\"potentialAction\":[{\"@type\":\"SearchAction\",\"target\":{\"@type\":\"EntryPoint\",\"urlTemplate\":\"https:\/\/ciblemut.net\/cible\/?s={search_term_string}\"},\"query-input\":{\"@type\":\"PropertyValueSpecification\",\"valueRequired\":true,\"valueName\":\"search_term_string\"}}],\"inLanguage\":\"fr-FR\"}]}<\/script>\n<!-- \/ Yoast SEO plugin. -->","yoast_head_json":{"title":"Plugins Wordpress - Ciblemut","robots":{"index":"index","follow":"follow","max-snippet":"max-snippet:-1","max-image-preview":"max-image-preview:large","max-video-preview":"max-video-preview:-1"},"canonical":"https:\/\/ciblemut.net\/cible\/plugins-wordpress\/","og_locale":"fr_FR","og_type":"article","og_title":"Plugins Wordpress - Ciblemut","og_description":"Ciblemut s\u2019\u00e9tend aussi dans la sph\u00e8re WordPress avec la r\u00e9alisation de sites internet bas\u00e9s sur le c\u00e9l\u00e8bre CMS mais aussi avec la cr\u00e9ation de plugins ou extensions sur mesure. Parmi les extensions d\u00e9velopp\u00e9es par nos \u00e9quipes nous comptons : Plugin de gestion de formulaires d\u2019\u00e9tude thermique Plugin de gestion de formulaires de contr\u00f4le thermique Plugin [&hellip;]","og_url":"https:\/\/ciblemut.net\/cible\/plugins-wordpress\/","og_site_name":"Ciblemut","article_publisher":"https:\/\/www.facebook.com\/pages\/Ciblemut\/432850306794632","article_modified_time":"2019-11-25T04:50:43+00:00","og_image":[{"url":"https:\/\/www.ciblemut.net\/cible\/wp-content\/uploads\/2015\/03\/wordpress.png","type":"","width":"","height":""}],"schema":{"@context":"https:\/\/schema.org","@graph":[{"@type":"WebPage","@id":"https:\/\/ciblemut.net\/cible\/plugins-wordpress\/","url":"https:\/\/ciblemut.net\/cible\/plugins-wordpress\/","name":"Plugins Wordpress - Ciblemut","isPartOf":{"@id":"https:\/\/ciblemut.net\/cible\/#website"},"primaryImageOfPage":{"@id":"https:\/\/ciblemut.net\/cible\/plugins-wordpress\/#primaryimage"},"image":{"@id":"https:\/\/ciblemut.net\/cible\/plugins-wordpress\/#primaryimage"},"thumbnailUrl":"https:\/\/www.ciblemut.net\/cible\/wp-content\/uploads\/2015\/03\/wordpress.png","datePublished":"2015-03-16T13:52:21+00:00","dateModified":"2019-11-25T04:50:43+00:00","breadcrumb":{"@id":"https:\/\/ciblemut.net\/cible\/plugins-wordpress\/#breadcrumb"},"inLanguage":"fr-FR","potentialAction":[{"@type":"ReadAction","target":["https:\/\/ciblemut.net\/cible\/plugins-wordpress\/"]}]},{"@type":"ImageObject","inLanguage":"fr-FR","@id":"https:\/\/ciblemut.net\/cible\/plugins-wordpress\/#primaryimage","url":"https:\/\/www.ciblemut.net\/cible\/wp-content\/uploads\/2015\/03\/wordpress.png","contentUrl":"https:\/\/www.ciblemut.net\/cible\/wp-content\/uploads\/2015\/03\/wordpress.png"},{"@type":"BreadcrumbList","@id":"https:\/\/ciblemut.net\/cible\/plugins-wordpress\/#breadcrumb","itemListElement":[{"@type":"ListItem","position":1,"name":"Accueil","item":"https:\/\/ciblemut.net\/cible\/"},{"@type":"ListItem","position":2,"name":"Plugins WordPress"}]},{"@type":"WebSite","@id":"https:\/\/ciblemut.net\/cible\/#website","url":"https:\/\/ciblemut.net\/cible\/","name":"Ciblemut","description":"Viser la qualit\u00e9 de service","potentialAction":[{"@type":"SearchAction","target":{"@type":"EntryPoint","urlTemplate":"https:\/\/ciblemut.net\/cible\/?s={search_term_string}"},"query-input":{"@type":"PropertyValueSpecification","valueRequired":true,"valueName":"search_term_string"}}],"inLanguage":"fr-FR"}]}},"jetpack_sharing_enabled":true,"_links":{"self":[{"href":"https:\/\/ciblemut.net\/cible\/wp-json\/wp\/v2\/pages\/1399","targetHints":{"allow":["GET"]}}],"collection":[{"href":"https:\/\/ciblemut.net\/cible\/wp-json\/wp\/v2\/pages"}],"about":[{"href":"https:\/\/ciblemut.net\/cible\/wp-json\/wp\/v2\/types\/page"}],"author":[{"embeddable":true,"href":"https:\/\/ciblemut.net\/cible\/wp-json\/wp\/v2\/users\/1"}],"replies":[{"embeddable":true,"href":"https:\/\/ciblemut.net\/cible\/wp-json\/wp\/v2\/comments?post=1399"}],"version-history":[{"count":0,"href":"https:\/\/ciblemut.net\/cible\/wp-json\/wp\/v2\/pages\/1399\/revisions"}],"wp:attachment":[{"href":"https:\/\/ciblemut.net\/cible\/wp-json\/wp\/v2\/media?parent=1399"}],"curies":[{"name":"wp","href":"https:\/\/api.w.org\/{rel}","templated":true}]}}