{"id":1078,"date":"2013-03-16T15:53:09","date_gmt":"2013-03-16T15:53:09","guid":{"rendered":"http:\/\/www.ciblemut.net\/cible\/?page_id=1078"},"modified":"2022-03-09T16:13:43","modified_gmt":"2022-03-09T15:13:43","slug":"formation","status":"publish","type":"page","link":"https:\/\/ciblemut.net\/cible\/formation\/","title":{"rendered":"Formation"},"content":{"rendered":"<div class=\"box-content\">\n<p>&nbsp;<\/p>\n<\/div>\n<!--themify_builder_content-->\n<div id=\"themify_builder_content-1078\" data-postid=\"1078\" class=\"themify_builder_content themify_builder_content-1078 themify_builder tf_clear\">\n                    <div  data-lazy=\"1\" class=\"module_row themify_builder_row tb_iqpe500 tb_first tf_w\">\n                        <div class=\"row_inner col_align_top tb_col_count_1 tf_box tf_rel\">\n                        <div  data-lazy=\"1\" class=\"module_column tb-column col-full tb_0sxy662 first\">\n                    <!-- module image -->\n<div  class=\"module module-image tb_gwat738 image-center bordered  tf_mw\" data-lazy=\"1\">\n        <div class=\"image-wrap tf_rel tf_mw\">\n            <img loading=\"lazy\" decoding=\"async\" src=\"https:\/\/ciblemut.net\/cible\/wp-content\/uploads\/2019\/03\/Picto_datadocke-200x200.jpg\" width=\"200\" height=\"200\" class=\"wp-post-image wp-image-2227\" title=\"Picto_datadocke\" alt=\"Picto_datadocke\" srcset=\"https:\/\/ciblemut.net\/cible\/wp-content\/uploads\/2019\/03\/Picto_datadocke-200x200.jpg 200w, https:\/\/ciblemut.net\/cible\/wp-content\/uploads\/2019\/03\/Picto_datadocke-150x150.jpg 150w\" sizes=\"auto, (max-width: 200px) 100vw, 200px\" \/>    \n        <\/div>\n    <!-- \/image-wrap -->\n    \n        <\/div>\n<!-- \/module image --><!-- module text -->\n<div  class=\"module module-text tb_1jwi050   \" data-lazy=\"1\">\n        <div  class=\"tb_text_wrap\">\n        <div class=\"box-content\"><p>Par son exp\u00e9rience accrue, CIBLEMUT, <strong>agr\u00e9e organisme de formation<\/strong>, propose \u00e0 ses clients des formations adapt\u00e9es dans l\u2019objectif d\u2019atteindre une <strong>autonomie<\/strong> souhait\u00e9e, autant <strong>sur l\u2019exploitation<\/strong> que <strong>sur l\u2019utilisation quotidienne de nos produits<\/strong>.<\/p><\/div><p>Dans le cadre de mise \u00e0 jour de version ou bien encore sur les nouveaux modules mis en place au sein de nos produits, CIBLEMUT vous accompagne en proposant des formations sur les nouvelles fonctionnalit\u00e9s.<\/p><p>En fonction de l\u2019analyse et du diagnostic de vos besoins, l\u2019ensemble des collaborateurs sera en mesure de vous proposer diff\u00e9rents supports d\u2019intervention dans principalement dans le cadre d\u2019utilisation de nos produits.<\/p><p>En voici une liste non exhaustive :<\/p><ul><li>ARCHITECTURE &amp; ENVIRONNEMENT INFORMATIQUE (progiciel <a title=\"Mutcible\" href=\"https:\/\/www.ciblemut.net\/cible\/mutcible\/\">Mutcible<\/a>)<\/li><li>BASES DE DONN\u00c9ES orient\u00e9 Administrateur (optimisation de requ\u00eates, tuning des performances,\u2026) ou utilisateur (outil requ\u00eateur,\u2026)<\/li><li>FILEMAKER PRO, Logiciel de gestion de bases de donn\u00e9es pour iPad, iPhone, Windows, Mac et le Web<\/li><li>BUREAUTIQUE<\/li><li>etc\u2026<\/li><\/ul>    <\/div>\n<\/div>\n<!-- \/module text -->        <\/div>\n                        <\/div>\n        <\/div>\n        <\/div>\n<!--\/themify_builder_content-->","protected":false},"excerpt":{"rendered":"<p>&nbsp; Par son exp\u00e9rience accrue, CIBLEMUT, agr\u00e9e organisme de formation, propose \u00e0 ses clients des formations adapt\u00e9es dans l\u2019objectif d\u2019atteindre une autonomie souhait\u00e9e, autant sur l\u2019exploitation que sur l\u2019utilisation quotidienne de nos produits. Dans le cadre de mise \u00e0 jour de version ou bien encore sur les nouveaux modules mis en place au sein de [&hellip;]<\/p>\n","protected":false},"author":2,"featured_media":0,"parent":0,"menu_order":0,"comment_status":"closed","ping_status":"closed","template":"","meta":{"jetpack_post_was_ever_published":false,"footnotes":""},"class_list":["post-1078","page","type-page","status-publish","hentry","has-post-title","has-post-date","has-post-category","has-post-tag","has-post-comment","has-post-author",""],"yoast_head":"<!-- This site is optimized with the Yoast SEO plugin v27.1 - https:\/\/yoast.com\/product\/yoast-seo-wordpress\/ -->\n<title>Formation - Ciblemut<\/title>\n<meta name=\"robots\" content=\"index, follow, max-snippet:-1, max-image-preview:large, max-video-preview:-1\" \/>\n<link rel=\"canonical\" href=\"https:\/\/ciblemut.net\/cible\/formation\/\" \/>\n<meta property=\"og:locale\" content=\"fr_FR\" \/>\n<meta property=\"og:type\" content=\"article\" \/>\n<meta property=\"og:title\" content=\"Formation - Ciblemut\" \/>\n<meta property=\"og:description\" content=\"&nbsp; Par son exp\u00e9rience accrue, CIBLEMUT, agr\u00e9e organisme de formation, propose \u00e0 ses clients des formations adapt\u00e9es dans l\u2019objectif d\u2019atteindre une autonomie souhait\u00e9e, autant sur l\u2019exploitation que sur l\u2019utilisation quotidienne de nos produits. Dans le cadre de mise \u00e0 jour de version ou bien encore sur les nouveaux modules mis en place au sein de [&hellip;]\" \/>\n<meta property=\"og:url\" content=\"https:\/\/ciblemut.net\/cible\/formation\/\" \/>\n<meta property=\"og:site_name\" content=\"Ciblemut\" \/>\n<meta property=\"article:publisher\" content=\"https:\/\/www.facebook.com\/pages\/Ciblemut\/432850306794632\" \/>\n<meta property=\"article:modified_time\" content=\"2022-03-09T15:13:43+00:00\" \/>\n<meta name=\"twitter:label1\" content=\"Dur\u00e9e de lecture estim\u00e9e\" \/>\n\t<meta name=\"twitter:data1\" content=\"1 minute\" \/>\n<script type=\"application\/ld+json\" class=\"yoast-schema-graph\">{\"@context\":\"https:\/\/schema.org\",\"@graph\":[{\"@type\":\"WebPage\",\"@id\":\"https:\/\/ciblemut.net\/cible\/formation\/\",\"url\":\"https:\/\/ciblemut.net\/cible\/formation\/\",\"name\":\"Formation - Ciblemut\",\"isPartOf\":{\"@id\":\"https:\/\/ciblemut.net\/cible\/#website\"},\"primaryImageOfPage\":{\"@id\":\"https:\/\/ciblemut.net\/cible\/formation\/#primaryimage\"},\"image\":{\"@id\":\"https:\/\/ciblemut.net\/cible\/formation\/#primaryimage\"},\"thumbnailUrl\":\"https:\/\/ciblemut.net\/cible\/wp-content\/uploads\/2019\/03\/Picto_datadocke-200x200.jpg\",\"datePublished\":\"2013-03-16T15:53:09+00:00\",\"dateModified\":\"2022-03-09T15:13:43+00:00\",\"breadcrumb\":{\"@id\":\"https:\/\/ciblemut.net\/cible\/formation\/#breadcrumb\"},\"inLanguage\":\"fr-FR\",\"potentialAction\":[{\"@type\":\"ReadAction\",\"target\":[\"https:\/\/ciblemut.net\/cible\/formation\/\"]}]},{\"@type\":\"ImageObject\",\"inLanguage\":\"fr-FR\",\"@id\":\"https:\/\/ciblemut.net\/cible\/formation\/#primaryimage\",\"url\":\"https:\/\/ciblemut.net\/cible\/wp-content\/uploads\/2019\/03\/Picto_datadocke.jpg\",\"contentUrl\":\"https:\/\/ciblemut.net\/cible\/wp-content\/uploads\/2019\/03\/Picto_datadocke.jpg\",\"width\":716,\"height\":772},{\"@type\":\"BreadcrumbList\",\"@id\":\"https:\/\/ciblemut.net\/cible\/formation\/#breadcrumb\",\"itemListElement\":[{\"@type\":\"ListItem\",\"position\":1,\"name\":\"Accueil\",\"item\":\"https:\/\/ciblemut.net\/cible\/\"},{\"@type\":\"ListItem\",\"position\":2,\"name\":\"Formation\"}]},{\"@type\":\"WebSite\",\"@id\":\"https:\/\/ciblemut.net\/cible\/#website\",\"url\":\"https:\/\/ciblemut.net\/cible\/\",\"name\":\"Ciblemut\",\"description\":\"Viser la qualit\u00e9 de service\",\"potentialAction\":[{\"@type\":\"SearchAction\",\"target\":{\"@type\":\"EntryPoint\",\"urlTemplate\":\"https:\/\/ciblemut.net\/cible\/?s={search_term_string}\"},\"query-input\":{\"@type\":\"PropertyValueSpecification\",\"valueRequired\":true,\"valueName\":\"search_term_string\"}}],\"inLanguage\":\"fr-FR\"}]}<\/script>\n<!-- \/ Yoast SEO plugin. -->","yoast_head_json":{"title":"Formation - Ciblemut","robots":{"index":"index","follow":"follow","max-snippet":"max-snippet:-1","max-image-preview":"max-image-preview:large","max-video-preview":"max-video-preview:-1"},"canonical":"https:\/\/ciblemut.net\/cible\/formation\/","og_locale":"fr_FR","og_type":"article","og_title":"Formation - Ciblemut","og_description":"&nbsp; Par son exp\u00e9rience accrue, CIBLEMUT, agr\u00e9e organisme de formation, propose \u00e0 ses clients des formations adapt\u00e9es dans l\u2019objectif d\u2019atteindre une autonomie souhait\u00e9e, autant sur l\u2019exploitation que sur l\u2019utilisation quotidienne de nos produits. Dans le cadre de mise \u00e0 jour de version ou bien encore sur les nouveaux modules mis en place au sein de [&hellip;]","og_url":"https:\/\/ciblemut.net\/cible\/formation\/","og_site_name":"Ciblemut","article_publisher":"https:\/\/www.facebook.com\/pages\/Ciblemut\/432850306794632","article_modified_time":"2022-03-09T15:13:43+00:00","twitter_misc":{"Dur\u00e9e de lecture estim\u00e9e":"1 minute"},"schema":{"@context":"https:\/\/schema.org","@graph":[{"@type":"WebPage","@id":"https:\/\/ciblemut.net\/cible\/formation\/","url":"https:\/\/ciblemut.net\/cible\/formation\/","name":"Formation - Ciblemut","isPartOf":{"@id":"https:\/\/ciblemut.net\/cible\/#website"},"primaryImageOfPage":{"@id":"https:\/\/ciblemut.net\/cible\/formation\/#primaryimage"},"image":{"@id":"https:\/\/ciblemut.net\/cible\/formation\/#primaryimage"},"thumbnailUrl":"https:\/\/ciblemut.net\/cible\/wp-content\/uploads\/2019\/03\/Picto_datadocke-200x200.jpg","datePublished":"2013-03-16T15:53:09+00:00","dateModified":"2022-03-09T15:13:43+00:00","breadcrumb":{"@id":"https:\/\/ciblemut.net\/cible\/formation\/#breadcrumb"},"inLanguage":"fr-FR","potentialAction":[{"@type":"ReadAction","target":["https:\/\/ciblemut.net\/cible\/formation\/"]}]},{"@type":"ImageObject","inLanguage":"fr-FR","@id":"https:\/\/ciblemut.net\/cible\/formation\/#primaryimage","url":"https:\/\/ciblemut.net\/cible\/wp-content\/uploads\/2019\/03\/Picto_datadocke.jpg","contentUrl":"https:\/\/ciblemut.net\/cible\/wp-content\/uploads\/2019\/03\/Picto_datadocke.jpg","width":716,"height":772},{"@type":"BreadcrumbList","@id":"https:\/\/ciblemut.net\/cible\/formation\/#breadcrumb","itemListElement":[{"@type":"ListItem","position":1,"name":"Accueil","item":"https:\/\/ciblemut.net\/cible\/"},{"@type":"ListItem","position":2,"name":"Formation"}]},{"@type":"WebSite","@id":"https:\/\/ciblemut.net\/cible\/#website","url":"https:\/\/ciblemut.net\/cible\/","name":"Ciblemut","description":"Viser la qualit\u00e9 de service","potentialAction":[{"@type":"SearchAction","target":{"@type":"EntryPoint","urlTemplate":"https:\/\/ciblemut.net\/cible\/?s={search_term_string}"},"query-input":{"@type":"PropertyValueSpecification","valueRequired":true,"valueName":"search_term_string"}}],"inLanguage":"fr-FR"}]}},"jetpack_sharing_enabled":true,"_links":{"self":[{"href":"https:\/\/ciblemut.net\/cible\/wp-json\/wp\/v2\/pages\/1078","targetHints":{"allow":["GET"]}}],"collection":[{"href":"https:\/\/ciblemut.net\/cible\/wp-json\/wp\/v2\/pages"}],"about":[{"href":"https:\/\/ciblemut.net\/cible\/wp-json\/wp\/v2\/types\/page"}],"author":[{"embeddable":true,"href":"https:\/\/ciblemut.net\/cible\/wp-json\/wp\/v2\/users\/2"}],"replies":[{"embeddable":true,"href":"https:\/\/ciblemut.net\/cible\/wp-json\/wp\/v2\/comments?post=1078"}],"version-history":[{"count":2,"href":"https:\/\/ciblemut.net\/cible\/wp-json\/wp\/v2\/pages\/1078\/revisions"}],"predecessor-version":[{"id":2344,"href":"https:\/\/ciblemut.net\/cible\/wp-json\/wp\/v2\/pages\/1078\/revisions\/2344"}],"wp:attachment":[{"href":"https:\/\/ciblemut.net\/cible\/wp-json\/wp\/v2\/media?parent=1078"}],"curies":[{"name":"wp","href":"https:\/\/api.w.org\/{rel}","templated":true}]}}