{"id":1062,"date":"2013-03-16T15:32:10","date_gmt":"2013-03-16T15:32:10","guid":{"rendered":"http:\/\/www.ciblemut.net\/cible\/?page_id=1062"},"modified":"2017-02-28T10:06:24","modified_gmt":"2017-02-28T09:06:24","slug":"conseil","status":"publish","type":"page","link":"https:\/\/ciblemut.net\/cible\/conseil\/","title":{"rendered":"Conseil"},"content":{"rendered":"<!--themify_builder_content-->\n<div id=\"themify_builder_content-1062\" data-postid=\"1062\" class=\"themify_builder_content themify_builder_content-1062 themify_builder tf_clear\">\n                    <div  data-lazy=\"1\" class=\"module_row themify_builder_row tb_mshm859 tb_first tf_w\">\n                        <div class=\"row_inner col_align_top tb_col_count_1 tf_box tf_rel\">\n                        <div  data-lazy=\"1\" class=\"module_column tb-column col-full   tb_wglu000 first\">\n                    <!-- module text -->\n<div  class=\"module module-text tb_bftm806   \" data-lazy=\"1\">\n        <div  class=\"tb_text_wrap\">\n        <p>En proposant son <strong>savoir-faire<\/strong> et son <strong>exp\u00e9rience<\/strong>, CIBLEMUT tient \u00e9galement son r\u00f4le de <strong>conseil<\/strong> aupr\u00e8s de ses clients, dans l\u2019objectif de leurs faire accro\u00eetre leurs performances.<\/p><div class=\\\"box-note\\\">S\u2019engageant aupr\u00e8s de ses clients, notre \u00e9quipe, de par leurs comp\u00e9tences, vous donnera la possibilit\u00e9 d\u2019am\u00e9liorer vos infrastructures.<\/div><dl class=\\\"separator\\\"><dt>Projet<\/dt><dd>Accompagnement et management de projets.<\/dd><dd>\u00c9laborer des outils de gestion adapt\u00e9s.<\/dd><dd>Assurer la qualit\u00e9.<\/dd><dt>Technique<\/dt><dd>Ma\u00eetrise des syst\u00e8mes d\u2019information.<\/dd><dd>Ma\u00eetrise des principales normes et r\u00e9f\u00e9rentiels.<\/dd><dt>S\u00e9curit\u00e9<\/dt><dd>S\u00e9curiser l\u2019applicatif, les acc\u00e8s\u2026<\/dd><dd>S\u00e9curiser vos donn\u00e9es informatiques (cloud computing\u2026).<\/dd><\/dl><div class=\\\"box-info\\\"><p>CIBLEMUT est <strong>sp\u00e9cialis\u00e9e dans le conseil et la mise en place de syst\u00e8mes d\u2019information pour les Mutuelles<\/strong>.<\/p><p>Dot\u00e9e de <strong>solides comp\u00e9tences m\u00e9tiers<\/strong>, CIBLEMUT peut vous permettre d\u2019optimiser et d\u2019automatiser vos cycles de production afin de pouvoir vous concentrer sur votre m\u00e9tier : la gestion et prospection de vos adh\u00e9rents.<\/p><p>CIBLEMUT est aussi bien plac\u00e9 dans le <strong>conseil informatique<\/strong> en g\u00e9n\u00e9ral, la <strong>gestion de parc informatique<\/strong> et la mise en place de <strong><a title=\\\"Sites internet\\\" href=\\\"https:\/\/www.ciblemut.net\/cible\/sites-internet\/\\\">sites internet<\/a><\/strong>.<\/p><\/div><p>Nous ma\u00eetrisons et mettons en \u0153uvre nos solutions dans votre environnement, dans des contextes techniques fonctionnels et organisationnels, vous garantissant une utilisation optimale de ces derni\u00e8res.<\/p><div class=\\\"box-content\\\"><p>Nos r\u00e9f\u00e9rences sont nombreuses parmi lesquelles :<\/p><ul><li>UMCPG, Union des Mutuelles des Cheminots<\/li><li>ENTRAIN, La Mutuelle des Cheminots<\/li><li>MCN, Mutuelles des Cheminots de Normandie<\/li><li>MCCA, Mutuelle des Cheminots de Champagne-Ardenne<\/li><li>LUXOTTICA, leader mondial dans la fabrication et la distribution de montures de lunettes de luxe<\/li><li>SIRTEME, sp\u00e9cialiste dans la mesure de l\u2019\u00e9tanch\u00e9it\u00e9 \u00e0 l\u2019air des b\u00e2timents et la thermographie infrarouge depuis 2005<\/li><li>HEAVEN ASSURANCES, courtier conseil, sp\u00e9cialiste de la protection sociale<\/li><\/ul><\/div>    <\/div>\n<\/div>\n<!-- \/module text -->        <\/div>\n                        <\/div>\n        <\/div>\n        <\/div>\n<!--\/themify_builder_content-->\n","protected":false},"excerpt":{"rendered":"<p>En proposant son savoir-faire et son exp\u00e9rience, CIBLEMUT tient \u00e9galement son r\u00f4le de conseil aupr\u00e8s de ses clients, dans l\u2019objectif de leurs faire accro\u00eetre leurs performances.S\u2019engageant aupr\u00e8s de ses clients, notre \u00e9quipe, de par leurs comp\u00e9tences, vous donnera la possibilit\u00e9 d\u2019am\u00e9liorer vos infrastructures.ProjetAccompagnement et management de projets.\u00c9laborer des outils de gestion adapt\u00e9s.Assurer la qualit\u00e9.TechniqueMa\u00eetrise des [&hellip;]<\/p>\n","protected":false},"author":2,"featured_media":0,"parent":0,"menu_order":0,"comment_status":"closed","ping_status":"closed","template":"","meta":{"jetpack_post_was_ever_published":false,"footnotes":""},"class_list":["post-1062","page","type-page","status-publish","hentry","has-post-title","has-post-date","has-post-category","has-post-tag","has-post-comment","has-post-author",""],"yoast_head":"<!-- This site is optimized with the Yoast SEO plugin v27.1 - https:\/\/yoast.com\/product\/yoast-seo-wordpress\/ -->\n<title>Conseil - Ciblemut<\/title>\n<meta name=\"robots\" content=\"index, follow, max-snippet:-1, max-image-preview:large, max-video-preview:-1\" \/>\n<link rel=\"canonical\" href=\"https:\/\/ciblemut.net\/cible\/conseil\/\" \/>\n<meta property=\"og:locale\" content=\"fr_FR\" \/>\n<meta property=\"og:type\" content=\"article\" \/>\n<meta property=\"og:title\" content=\"Conseil - Ciblemut\" \/>\n<meta property=\"og:description\" content=\"En proposant son savoir-faire et son exp\u00e9rience, CIBLEMUT tient \u00e9galement son r\u00f4le de conseil aupr\u00e8s de ses clients, dans l\u2019objectif de leurs faire accro\u00eetre leurs performances.S\u2019engageant aupr\u00e8s de ses clients, notre \u00e9quipe, de par leurs comp\u00e9tences, vous donnera la possibilit\u00e9 d\u2019am\u00e9liorer vos infrastructures.ProjetAccompagnement et management de projets.\u00c9laborer des outils de gestion adapt\u00e9s.Assurer la qualit\u00e9.TechniqueMa\u00eetrise des [&hellip;]\" \/>\n<meta property=\"og:url\" content=\"https:\/\/ciblemut.net\/cible\/conseil\/\" \/>\n<meta property=\"og:site_name\" content=\"Ciblemut\" \/>\n<meta property=\"article:publisher\" content=\"https:\/\/www.facebook.com\/pages\/Ciblemut\/432850306794632\" \/>\n<meta property=\"article:modified_time\" content=\"2017-02-28T09:06:24+00:00\" \/>\n<script type=\"application\/ld+json\" class=\"yoast-schema-graph\">{\"@context\":\"https:\/\/schema.org\",\"@graph\":[{\"@type\":\"WebPage\",\"@id\":\"https:\/\/ciblemut.net\/cible\/conseil\/\",\"url\":\"https:\/\/ciblemut.net\/cible\/conseil\/\",\"name\":\"Conseil - Ciblemut\",\"isPartOf\":{\"@id\":\"https:\/\/ciblemut.net\/cible\/#website\"},\"datePublished\":\"2013-03-16T15:32:10+00:00\",\"dateModified\":\"2017-02-28T09:06:24+00:00\",\"breadcrumb\":{\"@id\":\"https:\/\/ciblemut.net\/cible\/conseil\/#breadcrumb\"},\"inLanguage\":\"fr-FR\",\"potentialAction\":[{\"@type\":\"ReadAction\",\"target\":[\"https:\/\/ciblemut.net\/cible\/conseil\/\"]}]},{\"@type\":\"BreadcrumbList\",\"@id\":\"https:\/\/ciblemut.net\/cible\/conseil\/#breadcrumb\",\"itemListElement\":[{\"@type\":\"ListItem\",\"position\":1,\"name\":\"Accueil\",\"item\":\"https:\/\/ciblemut.net\/cible\/\"},{\"@type\":\"ListItem\",\"position\":2,\"name\":\"Conseil\"}]},{\"@type\":\"WebSite\",\"@id\":\"https:\/\/ciblemut.net\/cible\/#website\",\"url\":\"https:\/\/ciblemut.net\/cible\/\",\"name\":\"Ciblemut\",\"description\":\"Viser la qualit\u00e9 de service\",\"potentialAction\":[{\"@type\":\"SearchAction\",\"target\":{\"@type\":\"EntryPoint\",\"urlTemplate\":\"https:\/\/ciblemut.net\/cible\/?s={search_term_string}\"},\"query-input\":{\"@type\":\"PropertyValueSpecification\",\"valueRequired\":true,\"valueName\":\"search_term_string\"}}],\"inLanguage\":\"fr-FR\"}]}<\/script>\n<!-- \/ Yoast SEO plugin. -->","yoast_head_json":{"title":"Conseil - Ciblemut","robots":{"index":"index","follow":"follow","max-snippet":"max-snippet:-1","max-image-preview":"max-image-preview:large","max-video-preview":"max-video-preview:-1"},"canonical":"https:\/\/ciblemut.net\/cible\/conseil\/","og_locale":"fr_FR","og_type":"article","og_title":"Conseil - Ciblemut","og_description":"En proposant son savoir-faire et son exp\u00e9rience, CIBLEMUT tient \u00e9galement son r\u00f4le de conseil aupr\u00e8s de ses clients, dans l\u2019objectif de leurs faire accro\u00eetre leurs performances.S\u2019engageant aupr\u00e8s de ses clients, notre \u00e9quipe, de par leurs comp\u00e9tences, vous donnera la possibilit\u00e9 d\u2019am\u00e9liorer vos infrastructures.ProjetAccompagnement et management de projets.\u00c9laborer des outils de gestion adapt\u00e9s.Assurer la qualit\u00e9.TechniqueMa\u00eetrise des [&hellip;]","og_url":"https:\/\/ciblemut.net\/cible\/conseil\/","og_site_name":"Ciblemut","article_publisher":"https:\/\/www.facebook.com\/pages\/Ciblemut\/432850306794632","article_modified_time":"2017-02-28T09:06:24+00:00","schema":{"@context":"https:\/\/schema.org","@graph":[{"@type":"WebPage","@id":"https:\/\/ciblemut.net\/cible\/conseil\/","url":"https:\/\/ciblemut.net\/cible\/conseil\/","name":"Conseil - Ciblemut","isPartOf":{"@id":"https:\/\/ciblemut.net\/cible\/#website"},"datePublished":"2013-03-16T15:32:10+00:00","dateModified":"2017-02-28T09:06:24+00:00","breadcrumb":{"@id":"https:\/\/ciblemut.net\/cible\/conseil\/#breadcrumb"},"inLanguage":"fr-FR","potentialAction":[{"@type":"ReadAction","target":["https:\/\/ciblemut.net\/cible\/conseil\/"]}]},{"@type":"BreadcrumbList","@id":"https:\/\/ciblemut.net\/cible\/conseil\/#breadcrumb","itemListElement":[{"@type":"ListItem","position":1,"name":"Accueil","item":"https:\/\/ciblemut.net\/cible\/"},{"@type":"ListItem","position":2,"name":"Conseil"}]},{"@type":"WebSite","@id":"https:\/\/ciblemut.net\/cible\/#website","url":"https:\/\/ciblemut.net\/cible\/","name":"Ciblemut","description":"Viser la qualit\u00e9 de service","potentialAction":[{"@type":"SearchAction","target":{"@type":"EntryPoint","urlTemplate":"https:\/\/ciblemut.net\/cible\/?s={search_term_string}"},"query-input":{"@type":"PropertyValueSpecification","valueRequired":true,"valueName":"search_term_string"}}],"inLanguage":"fr-FR"}]}},"jetpack_sharing_enabled":true,"_links":{"self":[{"href":"https:\/\/ciblemut.net\/cible\/wp-json\/wp\/v2\/pages\/1062","targetHints":{"allow":["GET"]}}],"collection":[{"href":"https:\/\/ciblemut.net\/cible\/wp-json\/wp\/v2\/pages"}],"about":[{"href":"https:\/\/ciblemut.net\/cible\/wp-json\/wp\/v2\/types\/page"}],"author":[{"embeddable":true,"href":"https:\/\/ciblemut.net\/cible\/wp-json\/wp\/v2\/users\/2"}],"replies":[{"embeddable":true,"href":"https:\/\/ciblemut.net\/cible\/wp-json\/wp\/v2\/comments?post=1062"}],"version-history":[{"count":0,"href":"https:\/\/ciblemut.net\/cible\/wp-json\/wp\/v2\/pages\/1062\/revisions"}],"wp:attachment":[{"href":"https:\/\/ciblemut.net\/cible\/wp-json\/wp\/v2\/media?parent=1062"}],"curies":[{"name":"wp","href":"https:\/\/api.w.org\/{rel}","templated":true}]}}